{"id":1387,"date":"2020-10-05T09:39:53","date_gmt":"2020-10-05T09:39:53","guid":{"rendered":"http:\/\/grupo.us.es\/derematerialia\/practicas-metalograficas\/?page_id=1387"},"modified":"2020-10-05T09:39:53","modified_gmt":"2020-10-05T09:39:53","slug":"normalizado","status":"publish","type":"page","link":"https:\/\/grupo.us.es\/derematerialia\/practicas-metalograficas\/normalizado\/","title":{"rendered":"Normalizado"},"content":{"rendered":"\n<p style=\"text-align: justify;\">En este caso, tras la austenizaci\u00f3n, las piezas son extra\u00eddas del horno y se enfr\u00edan al aire, con lo cual el ritmo de enfriamiento es superior a la del recocido (<a href=\"http:\/\/grupo.us.es\/derematerialia\/practicas-metalograficas\/tratamientos-termicos-basicos\/\">Figura 1<\/a>). Tal ritmo produce un enfriamiento en el material que, sin ser totalmente de inequilibrio, est\u00e1 fuera del equilibrio. A efectos del uso del diagrama Fe-Fe<sub>3<\/sub>C para la predicci\u00f3n de las estructuras resultantes, cabe decir que el enfriamiento de cuasi-equilibrio que impone el normalizado produce una ligera modificaci\u00f3n de la ubicaci\u00f3n de las l\u00edneas del diagrama, pero sin que las regiones del mismo, y las fases presentes, sufran cambio alguno. No obstante, aunque dicho diagrama puede emplearse, los ligeros desplazamientos que sufren sus l\u00edneas alteran las proporciones de las diferentes fases que aparecen, respecto a las que habr\u00eda en caso de equilibrio estricto.<\/p>\n<p style=\"text-align: justify;\">El normalizado, se utiliza para aumentar la resistencia de los aceros con respecto al estado recocido. La modificaci\u00f3n de las l\u00edneas del diagrama produce que la cantidad de perlita formada sea mayor que en el caso del recocido, lo que implica una mayor cantidad de cementita (y una mayor dureza). Adem\u00e1s, dado que en el normalizado la transformaci\u00f3n eutectoide sufre un ligero retraso, produci\u00e9ndose a una menor temperatura, el tama\u00f1o de grano de la perlita resultante es inferior (por supuesto, lo que se reduce es el tama\u00f1o de grano de la ferrita y de la cementita que constituyen la perlita), increment\u00e1ndose tambi\u00e9n por este motivo la resistencia del acero.<\/p>\n","protected":false},"excerpt":{"rendered":"<p>En este caso, tras la austenizaci\u00f3n, las piezas son extra\u00eddas del horno y se enfr\u00edan al aire, con lo cual el ritmo de enfriamiento es superior a la del recocido (Figura 1). Tal ritmo produce un enfriamiento en el material que, sin ser totalmente de inequilibrio, est\u00e1 fuera del equilibrio. A efectos del uso del [&hellip;]<\/p>\n","protected":false},"author":1,"featured_media":0,"parent":0,"menu_order":0,"comment_status":"closed","ping_status":"closed","template":"","meta":{"ngg_post_thumbnail":0,"footnotes":"","_mc_calendar":[]},"_links":{"self":[{"href":"https:\/\/grupo.us.es\/derematerialia\/practicas-metalograficas\/wp-json\/wp\/v2\/pages\/1387"}],"collection":[{"href":"https:\/\/grupo.us.es\/derematerialia\/practicas-metalograficas\/wp-json\/wp\/v2\/pages"}],"about":[{"href":"https:\/\/grupo.us.es\/derematerialia\/practicas-metalograficas\/wp-json\/wp\/v2\/types\/page"}],"author":[{"embeddable":true,"href":"https:\/\/grupo.us.es\/derematerialia\/practicas-metalograficas\/wp-json\/wp\/v2\/users\/1"}],"replies":[{"embeddable":true,"href":"https:\/\/grupo.us.es\/derematerialia\/practicas-metalograficas\/wp-json\/wp\/v2\/comments?post=1387"}],"version-history":[{"count":1,"href":"https:\/\/grupo.us.es\/derematerialia\/practicas-metalograficas\/wp-json\/wp\/v2\/pages\/1387\/revisions"}],"predecessor-version":[{"id":1388,"href":"https:\/\/grupo.us.es\/derematerialia\/practicas-metalograficas\/wp-json\/wp\/v2\/pages\/1387\/revisions\/1388"}],"wp:attachment":[{"href":"https:\/\/grupo.us.es\/derematerialia\/practicas-metalograficas\/wp-json\/wp\/v2\/media?parent=1387"}],"curies":[{"name":"wp","href":"https:\/\/api.w.org\/{rel}","templated":true}]}}