{"id":1385,"date":"2020-10-05T09:38:04","date_gmt":"2020-10-05T09:38:04","guid":{"rendered":"http:\/\/grupo.us.es\/derematerialia\/practicas-metalograficas\/?page_id=1385"},"modified":"2020-10-05T09:38:04","modified_gmt":"2020-10-05T09:38:04","slug":"recocido","status":"publish","type":"page","link":"https:\/\/grupo.us.es\/derematerialia\/practicas-metalograficas\/recocido\/","title":{"rendered":"Recocido"},"content":{"rendered":"\n<p style=\"text-align: justify;\">Se caracteriza porque el enfriamiento de las piezas austenizadas se realiza dentro del horno donde previamente se han calentado. Los ritmos de enfriamiento que este m\u00e9todo proporciona hacen que el material se enfr\u00ede cumpliendo en todo momento el diagrama Fe-Fe<sub>3<\/sub>C. De este modo, la estructura final del acero, podr\u00e1 ser predicha, sin error, empleando dicho diagrama.<\/p>\n<p style=\"text-align: justify;\">En realidad, hay otras variedades de recocido, utilizados, como es l\u00f3gico, con diferentes fines. El recocido aqu\u00ed descrito es el m\u00e1s b\u00e1sico de los empleados, y su principal finalidad es la de ablandar el material; es decir, obtener un acero <em>d\u00factil<\/em>.<\/p>\n","protected":false},"excerpt":{"rendered":"<p>Se caracteriza porque el enfriamiento de las piezas austenizadas se realiza dentro del horno donde previamente se han calentado. Los ritmos de enfriamiento que este m\u00e9todo proporciona hacen que el material se enfr\u00ede cumpliendo en todo momento el diagrama Fe-Fe3C. De este modo, la estructura final del acero, podr\u00e1 ser predicha, sin error, empleando dicho [&hellip;]<\/p>\n","protected":false},"author":1,"featured_media":0,"parent":0,"menu_order":0,"comment_status":"closed","ping_status":"closed","template":"","meta":{"ngg_post_thumbnail":0,"footnotes":"","_mc_calendar":[]},"_links":{"self":[{"href":"https:\/\/grupo.us.es\/derematerialia\/practicas-metalograficas\/wp-json\/wp\/v2\/pages\/1385"}],"collection":[{"href":"https:\/\/grupo.us.es\/derematerialia\/practicas-metalograficas\/wp-json\/wp\/v2\/pages"}],"about":[{"href":"https:\/\/grupo.us.es\/derematerialia\/practicas-metalograficas\/wp-json\/wp\/v2\/types\/page"}],"author":[{"embeddable":true,"href":"https:\/\/grupo.us.es\/derematerialia\/practicas-metalograficas\/wp-json\/wp\/v2\/users\/1"}],"replies":[{"embeddable":true,"href":"https:\/\/grupo.us.es\/derematerialia\/practicas-metalograficas\/wp-json\/wp\/v2\/comments?post=1385"}],"version-history":[{"count":2,"href":"https:\/\/grupo.us.es\/derematerialia\/practicas-metalograficas\/wp-json\/wp\/v2\/pages\/1385\/revisions"}],"predecessor-version":[{"id":1444,"href":"https:\/\/grupo.us.es\/derematerialia\/practicas-metalograficas\/wp-json\/wp\/v2\/pages\/1385\/revisions\/1444"}],"wp:attachment":[{"href":"https:\/\/grupo.us.es\/derematerialia\/practicas-metalograficas\/wp-json\/wp\/v2\/media?parent=1385"}],"curies":[{"name":"wp","href":"https:\/\/api.w.org\/{rel}","templated":true}]}}