{"id":1383,"date":"2020-10-05T09:36:57","date_gmt":"2020-10-05T09:36:57","guid":{"rendered":"http:\/\/grupo.us.es\/derematerialia\/practicas-metalograficas\/?page_id=1383"},"modified":"2020-10-05T09:36:57","modified_gmt":"2020-10-05T09:36:57","slug":"tratamientos-termicos-basicos","status":"publish","type":"page","link":"https:\/\/grupo.us.es\/derematerialia\/practicas-metalograficas\/tratamientos-termicos-basicos\/","title":{"rendered":"Tratamientos t\u00e9rmicos b\u00e1sicos"},"content":{"rendered":"\n<p style=\"text-align: justify;\">Antes de poder detallar las microestructuras fundamentales de los aceros, es importante describir, brevemente, los tratamientos t\u00e9rmicos m\u00e1s sencillos a los que \u00e9stos suelen ser sometidos. Esto es necesario porque los tratamientos t\u00e9rmicos pueden modificar la microestructura y, por tanto, sus propiedades. Esto supone que partiendo de una \u00fanica composici\u00f3n, pueden obtenerse aceros con propiedades muy diversas sin m\u00e1s que someterlos a diferentes tratamientos t\u00e9rmicos. Por esta raz\u00f3n, y por ser el acero el material m\u00e1s utilizado desde hace m\u00e1s de un siglo, sus tratamientos t\u00e9rmicos se han desarrollado enormemente, existiendo hoy en d\u00eda multitud de tipos diferentes. S\u00f3lo describiremos, muy escuetamente, los m\u00e1s importantes, centr\u00e1ndonos \u00fanicamente en los denominados tratamientos t\u00e9rmicos <em>en masa<\/em>; es decir, los que afectan a todo el material en su conjunto.<\/p>\n<p style=\"text-align: justify;\">En general, los tratamientos t\u00e9rmicos en masa de los aceros constan de tres etapas (Figura 1). Una primera consistente en un calentamiento hasta alcanzar una determinada temperatura, por lo general suficientemente alta para que el material se sit\u00fae en la regi\u00f3n de austen\u00edtica del diagrama. En la segunda etapa, la temperatura se mantiene constante durante el tiempo necesario para que el material alcance el equilibrio, y su estructura se homogeneice. En el caso de que en la etapa anterior se haya llevado al acero hasta la regi\u00f3n austen\u00edtica, a esta segunda fase del tratamiento se le llama <em>austenizaci\u00f3n<\/em>. Finalmente, la etapa de enfriamiento, durante la que acontecen los cambios m\u00e1s importantes en el material. Concretamente, el ritmo con que se realice el enfriamiento desde la regi\u00f3n austen\u00edtica permitir\u00e1 obtener estructuras de equilibrio, de cuasi-equilibrio, o bien de inequilibrio.<\/p>\n<p style=\"text-align: justify;\">Puesto que es esta etapa de enfriamiento la que determina, en gran parte, la estructura final del acero, los tres tratamientos t\u00e9rmicos b\u00e1sicos que se llevan a cabo en estos materiales se distinguen por el ritmo con que el acero se enfr\u00eda. Estos tratamientos se denominan <em>recocido<\/em>, <em>normalizado<\/em> y <em>temple<\/em> (Figura 1).<\/p>\n<p style=\"text-align: center;\"><img loading=\"lazy\" decoding=\"async\" class=\"alignnone size-full wp-image-1320\" src=\"http:\/\/grupo.us.es\/derematerialia\/practicas-metalograficas\/wp-content\/uploads\/sites\/2\/2020\/10\/Fig-12-4.jpg\" alt=\"\" width=\"1576\" height=\"709\" srcset=\"https:\/\/grupo.us.es\/derematerialia\/practicas-metalograficas\/wp-content\/uploads\/sites\/2\/2020\/10\/Fig-12-4.jpg 1576w, https:\/\/grupo.us.es\/derematerialia\/practicas-metalograficas\/wp-content\/uploads\/sites\/2\/2020\/10\/Fig-12-4-300x135.jpg 300w, https:\/\/grupo.us.es\/derematerialia\/practicas-metalograficas\/wp-content\/uploads\/sites\/2\/2020\/10\/Fig-12-4-1024x461.jpg 1024w, https:\/\/grupo.us.es\/derematerialia\/practicas-metalograficas\/wp-content\/uploads\/sites\/2\/2020\/10\/Fig-12-4-768x346.jpg 768w, https:\/\/grupo.us.es\/derematerialia\/practicas-metalograficas\/wp-content\/uploads\/sites\/2\/2020\/10\/Fig-12-4-1536x691.jpg 1536w, https:\/\/grupo.us.es\/derematerialia\/practicas-metalograficas\/wp-content\/uploads\/sites\/2\/2020\/10\/Fig-12-4-900x405.jpg 900w, https:\/\/grupo.us.es\/derematerialia\/practicas-metalograficas\/wp-content\/uploads\/sites\/2\/2020\/10\/Fig-12-4-1280x576.jpg 1280w\" sizes=\"(max-width: 1576px) 100vw, 1576px\" \/><\/p>\n","protected":false},"excerpt":{"rendered":"<p>Antes de poder detallar las microestructuras fundamentales de los aceros, es importante describir, brevemente, los tratamientos t\u00e9rmicos m\u00e1s sencillos a los que \u00e9stos suelen ser sometidos. Esto es necesario porque los tratamientos t\u00e9rmicos pueden modificar la microestructura y, por tanto, sus propiedades. Esto supone que partiendo de una \u00fanica composici\u00f3n, pueden obtenerse aceros con propiedades [&hellip;]<\/p>\n","protected":false},"author":1,"featured_media":0,"parent":0,"menu_order":0,"comment_status":"closed","ping_status":"closed","template":"","meta":{"ngg_post_thumbnail":0,"footnotes":"","_mc_calendar":[]},"_links":{"self":[{"href":"https:\/\/grupo.us.es\/derematerialia\/practicas-metalograficas\/wp-json\/wp\/v2\/pages\/1383"}],"collection":[{"href":"https:\/\/grupo.us.es\/derematerialia\/practicas-metalograficas\/wp-json\/wp\/v2\/pages"}],"about":[{"href":"https:\/\/grupo.us.es\/derematerialia\/practicas-metalograficas\/wp-json\/wp\/v2\/types\/page"}],"author":[{"embeddable":true,"href":"https:\/\/grupo.us.es\/derematerialia\/practicas-metalograficas\/wp-json\/wp\/v2\/users\/1"}],"replies":[{"embeddable":true,"href":"https:\/\/grupo.us.es\/derematerialia\/practicas-metalograficas\/wp-json\/wp\/v2\/comments?post=1383"}],"version-history":[{"count":1,"href":"https:\/\/grupo.us.es\/derematerialia\/practicas-metalograficas\/wp-json\/wp\/v2\/pages\/1383\/revisions"}],"predecessor-version":[{"id":1384,"href":"https:\/\/grupo.us.es\/derematerialia\/practicas-metalograficas\/wp-json\/wp\/v2\/pages\/1383\/revisions\/1384"}],"wp:attachment":[{"href":"https:\/\/grupo.us.es\/derematerialia\/practicas-metalograficas\/wp-json\/wp\/v2\/media?parent=1383"}],"curies":[{"name":"wp","href":"https:\/\/api.w.org\/{rel}","templated":true}]}}