{"id":137,"date":"2017-12-17T11:45:21","date_gmt":"2017-12-17T11:45:21","guid":{"rendered":"http:\/\/grupo.us.es\/derematerialia\/practicas-metalograficas\/?page_id=137"},"modified":"2020-02-07T08:24:22","modified_gmt":"2020-02-07T08:24:22","slug":"aleacion-cu-p-hipereutectica-105-p-moldeada-en-arena","status":"publish","type":"page","link":"https:\/\/grupo.us.es\/derematerialia\/practicas-metalograficas\/aleacion-cu-p-hipereutectica-105-p-moldeada-en-arena\/","title":{"rendered":"Aleaci\u00f3n Cu-P hipereut\u00e9ctica (10,5 % P), moldeada en arena"},"content":{"rendered":"<p style=\"text-align: justify;\">Debido a la composici\u00f3n esta aleaci\u00f3n se denomina hipereut\u00e9ctica. Cuando se sigue su enfriamiento en el diagrama Cu-P, primero se solidifica, en forma de dendritas, el proeut\u00e9ctico Cu<sub>3<\/sub>P de color blanco homog\u00e9neo. En \u00faltimo lugar, al llegar a la temperatura eut\u00e9ctica, el l\u00edquido que resta se transforma en el agregado eut\u00e9ctico (alpha + Cu<sub>3<\/sub>P). En la fase proeut\u00e9ctica no hay microsegregaci\u00f3n por ser un compuesto. En las micrograf\u00edas aparecen los t\u00edpicos poros, como era de esperar.<\/p>\n<p><center><img decoding=\"async\" src=\"http:\/\/grupo.us.es\/derematerialia\/practicas-metalograficas\/wp-content\/uploads\/sites\/2\/2017\/12\/x7-x100_1-1024x759.jpg\" alt=\"Cu 10.5-P x100\" width=\"600\" \/>x100<\/center><center><img decoding=\"async\" src=\"http:\/\/grupo.us.es\/derematerialia\/practicas-metalograficas\/wp-content\/uploads\/sites\/2\/2017\/12\/x7-x400_1-1024x759.jpg\" alt=\"Cu 10.5-P x400\" width=\"600\" \/>x400<\/center><\/p>\n","protected":false},"excerpt":{"rendered":"<p>Debido a la composici\u00f3n esta aleaci\u00f3n se denomina hipereut\u00e9ctica. Cuando se sigue su enfriamiento en el diagrama Cu-P, primero se solidifica, en forma de dendritas, el proeut\u00e9ctico Cu3P de color blanco homog\u00e9neo. En \u00faltimo lugar, al llegar a la temperatura eut\u00e9ctica, el l\u00edquido que resta se transforma en el agregado eut\u00e9ctico (alpha + Cu3P). En [&hellip;]<\/p>\n","protected":false},"author":1,"featured_media":0,"parent":0,"menu_order":0,"comment_status":"closed","ping_status":"closed","template":"","meta":{"ngg_post_thumbnail":0,"footnotes":"","_mc_calendar":[]},"_links":{"self":[{"href":"https:\/\/grupo.us.es\/derematerialia\/practicas-metalograficas\/wp-json\/wp\/v2\/pages\/137"}],"collection":[{"href":"https:\/\/grupo.us.es\/derematerialia\/practicas-metalograficas\/wp-json\/wp\/v2\/pages"}],"about":[{"href":"https:\/\/grupo.us.es\/derematerialia\/practicas-metalograficas\/wp-json\/wp\/v2\/types\/page"}],"author":[{"embeddable":true,"href":"https:\/\/grupo.us.es\/derematerialia\/practicas-metalograficas\/wp-json\/wp\/v2\/users\/1"}],"replies":[{"embeddable":true,"href":"https:\/\/grupo.us.es\/derematerialia\/practicas-metalograficas\/wp-json\/wp\/v2\/comments?post=137"}],"version-history":[{"count":5,"href":"https:\/\/grupo.us.es\/derematerialia\/practicas-metalograficas\/wp-json\/wp\/v2\/pages\/137\/revisions"}],"predecessor-version":[{"id":1269,"href":"https:\/\/grupo.us.es\/derematerialia\/practicas-metalograficas\/wp-json\/wp\/v2\/pages\/137\/revisions\/1269"}],"wp:attachment":[{"href":"https:\/\/grupo.us.es\/derematerialia\/practicas-metalograficas\/wp-json\/wp\/v2\/media?parent=137"}],"curies":[{"name":"wp","href":"https:\/\/api.w.org\/{rel}","templated":true}]}}