{"id":1332,"date":"2020-10-02T10:27:39","date_gmt":"2020-10-02T10:27:39","guid":{"rendered":"http:\/\/grupo.us.es\/derematerialia\/practicas-metalograficas\/?page_id=1332"},"modified":"2020-10-02T10:27:39","modified_gmt":"2020-10-02T10:27:39","slug":"ferrita-%ce%b4","status":"publish","type":"page","link":"https:\/\/grupo.us.es\/derematerialia\/practicas-metalograficas\/ferrita-%ce%b4\/","title":{"rendered":"Ferrita \u03b4"},"content":{"rendered":"\n<p style=\"text-align: justify;\">La <em>ferrita \u03b4<\/em><em>\u00a0<\/em>es una soluci\u00f3n s\u00f3lida intersticial de carbono en hierro con estructura CCI. Es la fase s\u00f3lida que aparece a mayor temperatura, y su capacidad para contener carbono es muy limitada (su m\u00e1xima solubilidad es de 0.09% C, a 1495 \u00baC).<\/p>\n<p style=\"text-align: justify;\">Como puede observar en el diagrama Fe-Fe<sub>3<\/sub>C, en los aceros al carbono, la <em>ferrita<\/em> \u03b4<em>\u00a0<\/em>no se encuentra a baja temperatura, por lo que no tiene mucho inter\u00e9s en el estudio microestructural de estos materiales.<\/p>\n","protected":false},"excerpt":{"rendered":"<p>La ferrita \u03b4\u00a0es una soluci\u00f3n s\u00f3lida intersticial de carbono en hierro con estructura CCI. Es la fase s\u00f3lida que aparece a mayor temperatura, y su capacidad para contener carbono es muy limitada (su m\u00e1xima solubilidad es de 0.09% C, a 1495 \u00baC). Como puede observar en el diagrama Fe-Fe3C, en los aceros al carbono, la [&hellip;]<\/p>\n","protected":false},"author":1,"featured_media":0,"parent":0,"menu_order":0,"comment_status":"closed","ping_status":"closed","template":"","meta":{"ngg_post_thumbnail":0,"footnotes":"","_mc_calendar":[]},"_links":{"self":[{"href":"https:\/\/grupo.us.es\/derematerialia\/practicas-metalograficas\/wp-json\/wp\/v2\/pages\/1332"}],"collection":[{"href":"https:\/\/grupo.us.es\/derematerialia\/practicas-metalograficas\/wp-json\/wp\/v2\/pages"}],"about":[{"href":"https:\/\/grupo.us.es\/derematerialia\/practicas-metalograficas\/wp-json\/wp\/v2\/types\/page"}],"author":[{"embeddable":true,"href":"https:\/\/grupo.us.es\/derematerialia\/practicas-metalograficas\/wp-json\/wp\/v2\/users\/1"}],"replies":[{"embeddable":true,"href":"https:\/\/grupo.us.es\/derematerialia\/practicas-metalograficas\/wp-json\/wp\/v2\/comments?post=1332"}],"version-history":[{"count":1,"href":"https:\/\/grupo.us.es\/derematerialia\/practicas-metalograficas\/wp-json\/wp\/v2\/pages\/1332\/revisions"}],"predecessor-version":[{"id":1333,"href":"https:\/\/grupo.us.es\/derematerialia\/practicas-metalograficas\/wp-json\/wp\/v2\/pages\/1332\/revisions\/1333"}],"wp:attachment":[{"href":"https:\/\/grupo.us.es\/derematerialia\/practicas-metalograficas\/wp-json\/wp\/v2\/media?parent=1332"}],"curies":[{"name":"wp","href":"https:\/\/api.w.org\/{rel}","templated":true}]}}