{"id":131,"date":"2017-12-17T11:41:47","date_gmt":"2017-12-17T11:41:47","guid":{"rendered":"http:\/\/grupo.us.es\/derematerialia\/practicas-metalograficas\/?page_id=131"},"modified":"2017-12-25T10:57:57","modified_gmt":"2017-12-25T10:57:57","slug":"estructuras-bifasicas-formadas-al-solidificar","status":"publish","type":"page","link":"https:\/\/grupo.us.es\/derematerialia\/practicas-metalograficas\/estructuras-bifasicas-formadas-al-solidificar\/","title":{"rendered":"Estructuras bif\u00e1sicas formadas al solidificar"},"content":{"rendered":"<p style=\"text-align: justify;\">Las dos estructuras que se van a comentar son las producidas por las reacciones eut\u00e9cticas y perit\u00e9cticas.<\/p>\n<p style=\"text-align: justify;\">Cualquiera que sea la morfolog\u00eda que adopte un agregado eut\u00e9ctico, importa recordar que todas sus estructuras se producen como consecuencia de una doble saturaci\u00f3n, que determina la precipitaci\u00f3n simultanea de dos fases s\u00f3lidas a partir de una l\u00edquida. Como la proporci\u00f3n global de los componentes en ambas fases s\u00f3lidas es la misma que en la fase l\u00edquida que coexiste con ellas a la temperatura de la reacci\u00f3n, la composici\u00f3n de \u00e9sta no var\u00eda mientras tiene lugar la reacci\u00f3n; no se produce, pues, microsegregaci\u00f3n. Aunque aqu\u00ed se ha elegido un sistema (Cu-P) que da un eut\u00e9ctico de estructura laminar, no es \u00e9sta la \u00fanica que pueden adoptar, aunque suele tomarse por la m\u00e1s representativa. Adem\u00e1s, hay tambi\u00e9n estructuras eut\u00e9cticas &#8220;divorciadas&#8221;, &#8220;segregadas&#8221; o &#8220;degeneradas&#8221;. La estructura del eut\u00e9ctico est\u00e1 determinada por las condiciones existentes en el frente de solidificaci\u00f3n.<\/p>\n<p style=\"text-align: justify;\">El eut\u00e9ctico laminar se presenta en forma de colonias de (bandas) de una fase discontinua, paralelas entre s\u00ed. Estas (bandas) son, en realidad, l\u00e1minas o bastoncillos cuya anchura y longitud es muchas veces mayor que su espesor o su di\u00e1metro. En toda colonia eut\u00e9ctica hay una fase continua con una orientaci\u00f3n cristalogr\u00e1fica singular. La formaci\u00f3n de una colonia se explica suponiendo que una de las fases del eut\u00e9ctico se nuclea en la otra. Este n\u00facleo tiene forma de aguja por las restricciones de conformaci\u00f3n de red impuestas por el sustrato. Esta aguja crecer\u00e1 en longitud en el plano del frente en solidificaci\u00f3n, y tambi\u00e9n algo en espesor; pero en ambas direcciones est\u00e1 limitada por el crecimiento envolvente de la fase matriz. El crecimiento ser\u00e1 mayor en la direcci\u00f3n perpendicular al plano de solidificaci\u00f3n, es decir, en la direcci\u00f3n del flujo del calor. Por este mecanismo se comprende la formaci\u00f3n de l\u00e1minas o bastoncillos. La fase matriz se cierra, en algunas veces, por delante de la fase discontinua, evitando que la part\u00edcula de \u00e9sta siga creciendo. Otras veces \u00e9sta crecer\u00e1 ininterrumpidamente hasta que su colonia tropiece con otra.<\/p>\n<p style=\"text-align: justify;\">La velocidad de enfriamiento influye en la estructura eut\u00e9ctica. En general, cuando m\u00e1s r\u00e1pida es la solidificaci\u00f3n menor es el espaciado interlaminar y el tama\u00f1o de las part\u00edculas de la fase discontinua. En las zonas lim\u00edtrofes entre colonias de eut\u00e9ctico laminar suele presentarse una estructura degenerada (con bloques de la fase discontinua dispuestos a lo largo del l\u00edmite) cuando existen peque\u00f1as diferencias angulares. Si estas diferencias son grandes, se preserva la estructura laminar hasta el mismo l\u00edmite de la colonia. Como se recordar\u00e1, en la reacci\u00f3n perit\u00e9ctica una fase s\u00f3lida reacciona con el l\u00edquido que la rodea dando lugar a otra fase s\u00f3lida, pero s\u00f3lo para una determinada composici\u00f3n del sistema las cantidades de l\u00edquido y de s\u00f3lido est\u00e1n en proporci\u00f3n estequiom\u00e9trica con respecto a la nueva fase. En general, esta nueva fase se nuclear\u00e1 en la interfase del s\u00f3lido y del l\u00edquido por cuya reacci\u00f3n se forma; por esta raz\u00f3n las dendritas de la fase original se rodean de una capa de la nueva fase. En las condiciones en que, normalmente tiene lugar este proceso la difusi\u00f3n en estado s\u00f3lido es m\u00e1s lenta de lo que requerir\u00eda la velocidad de enfriamiento, y el l\u00edquido remanente -que ya no puede reaccionar con la fase original por encontrarse &#8220;protegida&#8221; por la capa de la base formada en la reacci\u00f3n perit\u00e9ctica- continua su proceso de cristalizaci\u00f3n, seg\u00fan prevea el diagrama de equilibrio para el sistema de que se trate. Esta estructura, caracterizada porque las dendritas de una fase aparecen envueltas en otra, es t\u00edpica de una cristalizaci\u00f3n perit\u00e9ctica.<\/p>\n","protected":false},"excerpt":{"rendered":"<p>Las dos estructuras que se van a comentar son las producidas por las reacciones eut\u00e9cticas y perit\u00e9cticas. Cualquiera que sea la morfolog\u00eda que adopte un agregado eut\u00e9ctico, importa recordar que todas sus estructuras se producen como consecuencia de una doble saturaci\u00f3n, que determina la precipitaci\u00f3n simultanea de dos fases s\u00f3lidas a partir de una l\u00edquida. [&hellip;]<\/p>\n","protected":false},"author":1,"featured_media":0,"parent":0,"menu_order":0,"comment_status":"closed","ping_status":"closed","template":"","meta":{"ngg_post_thumbnail":0,"footnotes":"","_mc_calendar":[]},"_links":{"self":[{"href":"https:\/\/grupo.us.es\/derematerialia\/practicas-metalograficas\/wp-json\/wp\/v2\/pages\/131"}],"collection":[{"href":"https:\/\/grupo.us.es\/derematerialia\/practicas-metalograficas\/wp-json\/wp\/v2\/pages"}],"about":[{"href":"https:\/\/grupo.us.es\/derematerialia\/practicas-metalograficas\/wp-json\/wp\/v2\/types\/page"}],"author":[{"embeddable":true,"href":"https:\/\/grupo.us.es\/derematerialia\/practicas-metalograficas\/wp-json\/wp\/v2\/users\/1"}],"replies":[{"embeddable":true,"href":"https:\/\/grupo.us.es\/derematerialia\/practicas-metalograficas\/wp-json\/wp\/v2\/comments?post=131"}],"version-history":[{"count":3,"href":"https:\/\/grupo.us.es\/derematerialia\/practicas-metalograficas\/wp-json\/wp\/v2\/pages\/131\/revisions"}],"predecessor-version":[{"id":1068,"href":"https:\/\/grupo.us.es\/derematerialia\/practicas-metalograficas\/wp-json\/wp\/v2\/pages\/131\/revisions\/1068"}],"wp:attachment":[{"href":"https:\/\/grupo.us.es\/derematerialia\/practicas-metalograficas\/wp-json\/wp\/v2\/media?parent=131"}],"curies":[{"name":"wp","href":"https:\/\/api.w.org\/{rel}","templated":true}]}}