{"id":13,"date":"2017-12-17T10:18:45","date_gmt":"2017-12-17T10:18:45","guid":{"rendered":"http:\/\/grupo.us.es\/derematerialia\/practicas-metalograficas\/?page_id=13"},"modified":"2020-02-05T11:32:37","modified_gmt":"2020-02-05T11:32:37","slug":"tecnicas-de-preparacion-materialografica","status":"publish","type":"page","link":"https:\/\/grupo.us.es\/derematerialia\/practicas-metalograficas\/tecnicas-de-preparacion-materialografica\/","title":{"rendered":"T\u00e9cnicas de preparaci\u00f3n materialogr\u00e1fica"},"content":{"rendered":"<p>La obtenci\u00f3n de micrograf\u00edas, requiere no solo del uso de un microscopio de reflexi\u00f3n, sino tambi\u00e9n el seguimiento de todo un protocolo de preparaci\u00f3n de la superficie a estudiar. La secuencia de pasos establecida no es en absoluto caprichosa sino que est\u00e1 ideada para que, sigui\u00e9ndola escrupulosamente, lo observado sea una representaci\u00f3n fidedigna de la microestructura interna del material. Este conjunto de procedimientos, durante mucho tiempo denominados t\u00e9cnicas de preparaci\u00f3n metalogr\u00e1fica, hoy d\u00eda, cuando el protagonismo de los metales ha perdido fuerza, se suelen denominar m\u00e1s gen\u00e9ricamente como <em>t\u00e9cnicas de preparaci\u00f3n materialogr\u00e1fica<\/em>. El procedimiento a seguir para preparar una muestra con el objeto de observar su microestructura a trav\u00e9s de un microscopio \u00f3ptico de reflexi\u00f3n consta de varias etapas que se resumen esquem\u00e1ticamente en la figura adjunta, y que pueden revisarse al completo en el siguiente video.<\/p>\n<p><center><img loading=\"lazy\" decoding=\"async\" src=\"http:\/\/grupo.us.es\/derematerialia\/practicas-metalograficas\/wp-content\/uploads\/sites\/2\/2017\/12\/Fig-9.adenda1-202x300.jpg\" alt=\"Esquema T\u00e9cnicas de preparaci\u00f3n materialogr\u00e1fica\" width=\"157\" height=\"234\" \/><\/center><center><iframe loading=\"lazy\" style=\"margin: 0px; padding: 0px; overflow: hidden; border: 0px;\" src=\"http:\/\/tv.us.es\/videoembed\/?numberpost=36665\" width=\"640\" height=\"360\"><\/iframe><\/center><\/p>\n","protected":false},"excerpt":{"rendered":"<p>La obtenci\u00f3n de micrograf\u00edas, requiere no solo del uso de un microscopio de reflexi\u00f3n, sino tambi\u00e9n el seguimiento de todo un protocolo de preparaci\u00f3n de la superficie a estudiar. La secuencia de pasos establecida no es en absoluto caprichosa sino que est\u00e1 ideada para que, sigui\u00e9ndola escrupulosamente, lo observado sea una representaci\u00f3n fidedigna de la [&hellip;]<\/p>\n","protected":false},"author":1,"featured_media":0,"parent":0,"menu_order":0,"comment_status":"closed","ping_status":"closed","template":"","meta":{"ngg_post_thumbnail":0,"footnotes":"","_mc_calendar":[]},"_links":{"self":[{"href":"https:\/\/grupo.us.es\/derematerialia\/practicas-metalograficas\/wp-json\/wp\/v2\/pages\/13"}],"collection":[{"href":"https:\/\/grupo.us.es\/derematerialia\/practicas-metalograficas\/wp-json\/wp\/v2\/pages"}],"about":[{"href":"https:\/\/grupo.us.es\/derematerialia\/practicas-metalograficas\/wp-json\/wp\/v2\/types\/page"}],"author":[{"embeddable":true,"href":"https:\/\/grupo.us.es\/derematerialia\/practicas-metalograficas\/wp-json\/wp\/v2\/users\/1"}],"replies":[{"embeddable":true,"href":"https:\/\/grupo.us.es\/derematerialia\/practicas-metalograficas\/wp-json\/wp\/v2\/comments?post=13"}],"version-history":[{"count":11,"href":"https:\/\/grupo.us.es\/derematerialia\/practicas-metalograficas\/wp-json\/wp\/v2\/pages\/13\/revisions"}],"predecessor-version":[{"id":1230,"href":"https:\/\/grupo.us.es\/derematerialia\/practicas-metalograficas\/wp-json\/wp\/v2\/pages\/13\/revisions\/1230"}],"wp:attachment":[{"href":"https:\/\/grupo.us.es\/derematerialia\/practicas-metalograficas\/wp-json\/wp\/v2\/media?parent=13"}],"curies":[{"name":"wp","href":"https:\/\/api.w.org\/{rel}","templated":true}]}}