{"id":129,"date":"2017-12-17T11:36:58","date_gmt":"2017-12-17T11:36:58","guid":{"rendered":"http:\/\/grupo.us.es\/derematerialia\/practicas-metalograficas\/?page_id=129"},"modified":"2017-12-20T09:37:23","modified_gmt":"2017-12-20T09:37:23","slug":"laton-48-zn-moldeado-en-arena","status":"publish","type":"page","link":"https:\/\/grupo.us.es\/derematerialia\/practicas-metalograficas\/laton-48-zn-moldeado-en-arena\/","title":{"rendered":"Lat\u00f3n (48 % Zn); moldeado en arena."},"content":{"rendered":"<p style=\"text-align: justify;\">La composici\u00f3n de esta aleaci\u00f3n la sit\u00faa en la regi\u00f3n monof\u00e1sica beta (sistema Cu-Zn). Esta aleaci\u00f3n al enfriarse su regi\u00f3n bif\u00e1sica de transformaci\u00f3n de l\u00edquido en s\u00f3lido se produce en un corto intervalo de tiempo y con una peque\u00f1a zona de enfriamiento. Todo ello hace que la metalograf\u00eda esperada est\u00e9 formada por una sola fase y con ausencia de microsegregaci\u00f3n. Se observan grandes granos con color uniforme, variando \u00fanicamente la tonalidad de un grano a otro debido a su diferente orientaci\u00f3n cristalina. Los l\u00edmites de grano son ligeramente curvos o casi rectos, observ\u00e1ndose puntos triples con los l\u00edmites de grano a 120\u00ba. Todo lo anterior ser\u00eda consecuencia de un enfriamiento casi de equilibrio. Por supuesto, se observa cierta porosidad, caracter\u00edstica de las aleaciones obtenidas por colada o fusi\u00f3n.<\/p>\n<div id=\"attachment_239\" style=\"width: 1034px\" class=\"wp-caption aligncenter\"><img loading=\"lazy\" decoding=\"async\" aria-describedby=\"caption-attachment-239\" class=\"size-large wp-image-239\" src=\"http:\/\/grupo.us.es\/derematerialia\/practicas-metalograficas\/wp-content\/uploads\/sites\/2\/2017\/12\/x4-x50_1-1024x759.jpg\" alt=\"Lat\u00f3n 48-Zn x50\" width=\"1024\" height=\"759\" srcset=\"https:\/\/grupo.us.es\/derematerialia\/practicas-metalograficas\/wp-content\/uploads\/sites\/2\/2017\/12\/x4-x50_1-1024x759.jpg 1024w, https:\/\/grupo.us.es\/derematerialia\/practicas-metalograficas\/wp-content\/uploads\/sites\/2\/2017\/12\/x4-x50_1-300x222.jpg 300w, https:\/\/grupo.us.es\/derematerialia\/practicas-metalograficas\/wp-content\/uploads\/sites\/2\/2017\/12\/x4-x50_1-768x569.jpg 768w\" sizes=\"(max-width: 1024px) 100vw, 1024px\" \/><p id=\"caption-attachment-239\" class=\"wp-caption-text\">x50<\/p><\/div>\n<div id=\"attachment_241\" style=\"width: 1034px\" class=\"wp-caption aligncenter\"><img loading=\"lazy\" decoding=\"async\" aria-describedby=\"caption-attachment-241\" class=\"size-large wp-image-241\" src=\"http:\/\/grupo.us.es\/derematerialia\/practicas-metalograficas\/wp-content\/uploads\/sites\/2\/2017\/12\/x4-x200_1-1024x759.jpg\" alt=\"Lat\u00f3n 48-Zn x200\" width=\"1024\" height=\"759\" srcset=\"https:\/\/grupo.us.es\/derematerialia\/practicas-metalograficas\/wp-content\/uploads\/sites\/2\/2017\/12\/x4-x200_1-1024x759.jpg 1024w, https:\/\/grupo.us.es\/derematerialia\/practicas-metalograficas\/wp-content\/uploads\/sites\/2\/2017\/12\/x4-x200_1-300x222.jpg 300w, https:\/\/grupo.us.es\/derematerialia\/practicas-metalograficas\/wp-content\/uploads\/sites\/2\/2017\/12\/x4-x200_1-768x569.jpg 768w\" sizes=\"(max-width: 1024px) 100vw, 1024px\" \/><p id=\"caption-attachment-241\" class=\"wp-caption-text\">x200<\/p><\/div>\n","protected":false},"excerpt":{"rendered":"<p>La composici\u00f3n de esta aleaci\u00f3n la sit\u00faa en la regi\u00f3n monof\u00e1sica beta (sistema Cu-Zn). Esta aleaci\u00f3n al enfriarse su regi\u00f3n bif\u00e1sica de transformaci\u00f3n de l\u00edquido en s\u00f3lido se produce en un corto intervalo de tiempo y con una peque\u00f1a zona de enfriamiento. Todo ello hace que la metalograf\u00eda esperada est\u00e9 formada por una sola fase [&hellip;]<\/p>\n","protected":false},"author":1,"featured_media":0,"parent":0,"menu_order":0,"comment_status":"closed","ping_status":"closed","template":"","meta":{"ngg_post_thumbnail":0,"footnotes":"","_mc_calendar":[]},"_links":{"self":[{"href":"https:\/\/grupo.us.es\/derematerialia\/practicas-metalograficas\/wp-json\/wp\/v2\/pages\/129"}],"collection":[{"href":"https:\/\/grupo.us.es\/derematerialia\/practicas-metalograficas\/wp-json\/wp\/v2\/pages"}],"about":[{"href":"https:\/\/grupo.us.es\/derematerialia\/practicas-metalograficas\/wp-json\/wp\/v2\/types\/page"}],"author":[{"embeddable":true,"href":"https:\/\/grupo.us.es\/derematerialia\/practicas-metalograficas\/wp-json\/wp\/v2\/users\/1"}],"replies":[{"embeddable":true,"href":"https:\/\/grupo.us.es\/derematerialia\/practicas-metalograficas\/wp-json\/wp\/v2\/comments?post=129"}],"version-history":[{"count":4,"href":"https:\/\/grupo.us.es\/derematerialia\/practicas-metalograficas\/wp-json\/wp\/v2\/pages\/129\/revisions"}],"predecessor-version":[{"id":488,"href":"https:\/\/grupo.us.es\/derematerialia\/practicas-metalograficas\/wp-json\/wp\/v2\/pages\/129\/revisions\/488"}],"wp:attachment":[{"href":"https:\/\/grupo.us.es\/derematerialia\/practicas-metalograficas\/wp-json\/wp\/v2\/media?parent=129"}],"curies":[{"name":"wp","href":"https:\/\/api.w.org\/{rel}","templated":true}]}}