{"id":120,"date":"2017-12-17T11:22:19","date_gmt":"2017-12-17T11:22:19","guid":{"rendered":"http:\/\/grupo.us.es\/derematerialia\/practicas-metalograficas\/?page_id=120"},"modified":"2017-12-17T11:22:19","modified_gmt":"2017-12-17T11:22:19","slug":"limpieza","status":"publish","type":"page","link":"https:\/\/grupo.us.es\/derematerialia\/practicas-metalograficas\/limpieza\/","title":{"rendered":"Limpieza"},"content":{"rendered":"<p style=\"text-align: justify;\">Las probetas deben ser limpiadas despu\u00e9s de cada paso. El m\u00e9todo m\u00e1s empleado es mantener la probeta bajo un chorro de agua y frotarla con un algod\u00f3n. La limpieza ultras\u00f3nica es m\u00e1s efectiva (10 a 30 s), aunque en ocasiones puede da\u00f1ar la pieza<\/p>\n<p style=\"text-align: justify;\">Despu\u00e9s de la limpieza se enjuagan con un chorro de alcohol y se secan r\u00e1pidamente bajo un chorro de aire caliente.<\/p>\n","protected":false},"excerpt":{"rendered":"<p>Las probetas deben ser limpiadas despu\u00e9s de cada paso. El m\u00e9todo m\u00e1s empleado es mantener la probeta bajo un chorro de agua y frotarla con un algod\u00f3n. La limpieza ultras\u00f3nica es m\u00e1s efectiva (10 a 30 s), aunque en ocasiones puede da\u00f1ar la pieza Despu\u00e9s de la limpieza se enjuagan con un chorro de alcohol [&hellip;]<\/p>\n","protected":false},"author":1,"featured_media":0,"parent":0,"menu_order":0,"comment_status":"closed","ping_status":"closed","template":"","meta":{"ngg_post_thumbnail":0,"footnotes":"","_mc_calendar":[]},"_links":{"self":[{"href":"https:\/\/grupo.us.es\/derematerialia\/practicas-metalograficas\/wp-json\/wp\/v2\/pages\/120"}],"collection":[{"href":"https:\/\/grupo.us.es\/derematerialia\/practicas-metalograficas\/wp-json\/wp\/v2\/pages"}],"about":[{"href":"https:\/\/grupo.us.es\/derematerialia\/practicas-metalograficas\/wp-json\/wp\/v2\/types\/page"}],"author":[{"embeddable":true,"href":"https:\/\/grupo.us.es\/derematerialia\/practicas-metalograficas\/wp-json\/wp\/v2\/users\/1"}],"replies":[{"embeddable":true,"href":"https:\/\/grupo.us.es\/derematerialia\/practicas-metalograficas\/wp-json\/wp\/v2\/comments?post=120"}],"version-history":[{"count":1,"href":"https:\/\/grupo.us.es\/derematerialia\/practicas-metalograficas\/wp-json\/wp\/v2\/pages\/120\/revisions"}],"predecessor-version":[{"id":121,"href":"https:\/\/grupo.us.es\/derematerialia\/practicas-metalograficas\/wp-json\/wp\/v2\/pages\/120\/revisions\/121"}],"wp:attachment":[{"href":"https:\/\/grupo.us.es\/derematerialia\/practicas-metalograficas\/wp-json\/wp\/v2\/media?parent=120"}],"curies":[{"name":"wp","href":"https:\/\/api.w.org\/{rel}","templated":true}]}}