{"id":1124,"date":"2017-12-31T12:27:44","date_gmt":"2017-12-31T12:27:44","guid":{"rendered":"http:\/\/grupo.us.es\/derematerialia\/practicas-metalograficas\/?page_id=1124"},"modified":"2020-10-06T07:57:04","modified_gmt":"2020-10-06T07:57:04","slug":"ledeburita","status":"publish","type":"page","link":"https:\/\/grupo.us.es\/derematerialia\/practicas-metalograficas\/ledeburita\/","title":{"rendered":"Ledeburita"},"content":{"rendered":"<p style=\"text-align: justify;\">Surge a partir de la transformaci\u00f3n invariante de tipo eut\u00e9ctico, que aparece en el diagrama Fe-Fe<sub>3<\/sub>C a 1148 \u00baC. En esta transformaci\u00f3n, una fase l\u00edquida del 4.3% C se transforma en una mezcla eut\u00e9ctica de <a href=\"http:\/\/grupo.us.es\/derematerialia\/practicas-metalograficas\/austenita\/\">austenita<\/a> del 2.11% C, y de <a href=\"http:\/\/grupo.us.es\/derematerialia\/practicas-metalograficas\/cementita\/\">cementita<\/a>. A este s\u00f3lido eut\u00e9ctico se le denomina ledeburita (en agradecimiento a las aportaciones a la Metalurgia del investigador Adolf Ledebur).<\/p>\n<p style=\"text-align: justify;\">Por generarse a partir de una transformaci\u00f3n eut\u00e9ctica, lo usual es que apareciese en forma de laminillas alternas de austenita y cementita. No obstante, la elevada temperatura de formaci\u00f3n del eut\u00e9ctico favorece su divorcio, dando lugar a una estructura formada por dendritas de austenita en una matriz de cementita. Posteriormente, durante la transformaci\u00f3n eutectoide (727 \u00baC), la austenita se transforma en <a href=\"http:\/\/grupo.us.es\/derematerialia\/practicas-metalograficas\/perlita\/\">perlita<\/a>, resultando la microestructura de la Figura 1<\/p>\n<p><center><\/p>\n<div id=\"attachment_400\" style=\"width: 1034px\" class=\"wp-caption aligncenter\"><img loading=\"lazy\" decoding=\"async\" aria-describedby=\"caption-attachment-400\" class=\"size-large wp-image-400\" src=\"http:\/\/grupo.us.es\/derematerialia\/practicas-metalograficas\/wp-content\/uploads\/sites\/2\/2017\/12\/y1-x100_1-1024x759.jpg\" alt=\"Fundici\u00f3n blanca perl\u00edtica x200\" width=\"1024\" height=\"759\" srcset=\"https:\/\/grupo.us.es\/derematerialia\/practicas-metalograficas\/wp-content\/uploads\/sites\/2\/2017\/12\/y1-x100_1-1024x759.jpg 1024w, https:\/\/grupo.us.es\/derematerialia\/practicas-metalograficas\/wp-content\/uploads\/sites\/2\/2017\/12\/y1-x100_1-300x222.jpg 300w, https:\/\/grupo.us.es\/derematerialia\/practicas-metalograficas\/wp-content\/uploads\/sites\/2\/2017\/12\/y1-x100_1-768x569.jpg 768w\" sizes=\"(max-width: 1024px) 100vw, 1024px\" \/><p id=\"caption-attachment-400\" class=\"wp-caption-text\">Figura1<\/p><\/div>\n<p><\/center><\/p>\n","protected":false},"excerpt":{"rendered":"<p>Surge a partir de la transformaci\u00f3n invariante de tipo eut\u00e9ctico, que aparece en el diagrama Fe-Fe3C a 1148 \u00baC. En esta transformaci\u00f3n, una fase l\u00edquida del 4.3% C se transforma en una mezcla eut\u00e9ctica de austenita del 2.11% C, y de cementita. A este s\u00f3lido eut\u00e9ctico se le denomina ledeburita (en agradecimiento a las aportaciones [&hellip;]<\/p>\n","protected":false},"author":1,"featured_media":0,"parent":0,"menu_order":0,"comment_status":"closed","ping_status":"closed","template":"","meta":{"ngg_post_thumbnail":0,"footnotes":"","_mc_calendar":[]},"_links":{"self":[{"href":"https:\/\/grupo.us.es\/derematerialia\/practicas-metalograficas\/wp-json\/wp\/v2\/pages\/1124"}],"collection":[{"href":"https:\/\/grupo.us.es\/derematerialia\/practicas-metalograficas\/wp-json\/wp\/v2\/pages"}],"about":[{"href":"https:\/\/grupo.us.es\/derematerialia\/practicas-metalograficas\/wp-json\/wp\/v2\/types\/page"}],"author":[{"embeddable":true,"href":"https:\/\/grupo.us.es\/derematerialia\/practicas-metalograficas\/wp-json\/wp\/v2\/users\/1"}],"replies":[{"embeddable":true,"href":"https:\/\/grupo.us.es\/derematerialia\/practicas-metalograficas\/wp-json\/wp\/v2\/comments?post=1124"}],"version-history":[{"count":5,"href":"https:\/\/grupo.us.es\/derematerialia\/practicas-metalograficas\/wp-json\/wp\/v2\/pages\/1124\/revisions"}],"predecessor-version":[{"id":1506,"href":"https:\/\/grupo.us.es\/derematerialia\/practicas-metalograficas\/wp-json\/wp\/v2\/pages\/1124\/revisions\/1506"}],"wp:attachment":[{"href":"https:\/\/grupo.us.es\/derematerialia\/practicas-metalograficas\/wp-json\/wp\/v2\/media?parent=1124"}],"curies":[{"name":"wp","href":"https:\/\/api.w.org\/{rel}","templated":true}]}}