{"id":1099,"date":"2017-12-31T11:56:14","date_gmt":"2017-12-31T11:56:14","guid":{"rendered":"http:\/\/grupo.us.es\/derematerialia\/practicas-metalograficas\/?page_id=1099"},"modified":"2020-10-06T08:13:26","modified_gmt":"2020-10-06T08:13:26","slug":"fundiciones-maleables","status":"publish","type":"page","link":"https:\/\/grupo.us.es\/derematerialia\/practicas-metalograficas\/fundiciones-maleables\/","title":{"rendered":"Fundiciones maleables"},"content":{"rendered":"<p style=\"text-align: justify;\">Se obtienen, mediante tratamiento t\u00e9rmico, a partir de las <a href=\"http:\/\/grupo.us.es\/derematerialia\/practicas-metalograficas\/fundiciones-blancas\/\">fundiciones blancas<\/a>. Aunque pueden distinguirse dos tipos de fundiciones maleables, las <em>americanas<\/em> y las <em>europeas<\/em>, han sido las primeras las m\u00e1s empleadas tradicionalmente.<\/p>\n<p style=\"text-align: justify;\">Las <em>fundiciones maleables americanas<\/em> se obtienen a partir de las fundiciones blancas, aplic\u00e1ndoles un tratamiento t\u00e9rmico que en esencia tiene como finalidad promover la descomposici\u00f3n de la cementita (Fe<sub>3<\/sub>C) en ferrita (<em>\u03b1<\/em>) y grafito. Las altas temperaturas del tratamiento (\u2248\u00a0940\u00a0\u00baC), el elevado contenido de carbono del material as\u00ed como la presencia de impurezas y de elementos grafitizantes (Si), favorecen dicha descomposici\u00f3n. Lo m\u00e1s caracter\u00edstico de estas fundiciones es que en ellas el grafito se agrupa formando peque\u00f1os <em>racimos<\/em> o <em>rosetas<\/em>.<\/p>\n<p style=\"text-align: justify;\">El tratamiento t\u00e9rmico anteriormente esbozado consta, en realidad, de dos etapas. En la primera de ellas, la fundici\u00f3n blanca se calienta lentamente a una temperatura comprendida entre 840 y 980 \u00baC. Durante este calentamiento, la perlita se transforma en austenita y en grafito al alcanzar la l\u00ednea de transformaci\u00f3n eutectoide. En la segunda etapa del tratamiento, el material es enfriado hasta temperatura ambiente. Si el enfriamiento es lento, la austenita se transforma en ferrita y grafito, deposit\u00e1ndose este \u00faltimo sobre las <em>rosetas<\/em> de grafito formadas en la etapa previa del tratamiento. La fundici\u00f3n resultante se denomina <em>maleable (americana) ferr\u00edtica <\/em>(Figura 1 izquierda, y Figura 2).<\/p>\n<table style=\"border-collapse: collapse; width: 100%;\">\n<tbody>\n<tr>\n<td style=\"width: 50%;\"><img loading=\"lazy\" decoding=\"async\" class=\"alignnone size-full wp-image-1295\" src=\"http:\/\/grupo.us.es\/derematerialia\/practicas-metalograficas\/wp-content\/uploads\/sites\/2\/2020\/10\/Fig-12-35a-1.jpg\" alt=\"\" width=\"880\" height=\"380\" srcset=\"https:\/\/grupo.us.es\/derematerialia\/practicas-metalograficas\/wp-content\/uploads\/sites\/2\/2020\/10\/Fig-12-35a-1.jpg 880w, https:\/\/grupo.us.es\/derematerialia\/practicas-metalograficas\/wp-content\/uploads\/sites\/2\/2020\/10\/Fig-12-35a-1-300x130.jpg 300w, https:\/\/grupo.us.es\/derematerialia\/practicas-metalograficas\/wp-content\/uploads\/sites\/2\/2020\/10\/Fig-12-35a-1-768x332.jpg 768w\" sizes=\"(max-width: 880px) 100vw, 880px\" \/><\/td>\n<td style=\"width: 50%;\"><img loading=\"lazy\" decoding=\"async\" class=\"alignnone size-full wp-image-1294\" src=\"http:\/\/grupo.us.es\/derematerialia\/practicas-metalograficas\/wp-content\/uploads\/sites\/2\/2020\/10\/Fig-12-35b-1.jpg\" alt=\"\" width=\"911\" height=\"429\" srcset=\"https:\/\/grupo.us.es\/derematerialia\/practicas-metalograficas\/wp-content\/uploads\/sites\/2\/2020\/10\/Fig-12-35b-1.jpg 911w, https:\/\/grupo.us.es\/derematerialia\/practicas-metalograficas\/wp-content\/uploads\/sites\/2\/2020\/10\/Fig-12-35b-1-300x141.jpg 300w, https:\/\/grupo.us.es\/derematerialia\/practicas-metalograficas\/wp-content\/uploads\/sites\/2\/2020\/10\/Fig-12-35b-1-768x362.jpg 768w, https:\/\/grupo.us.es\/derematerialia\/practicas-metalograficas\/wp-content\/uploads\/sites\/2\/2020\/10\/Fig-12-35b-1-900x424.jpg 900w\" sizes=\"(max-width: 911px) 100vw, 911px\" \/><\/td>\n<\/tr>\n<tr>\n<td style=\"width: 50%; text-align: center;\" colspan=\"2\">Figura 1<\/td>\n<\/tr>\n<\/tbody>\n<\/table>\n<p><center><img decoding=\"async\" src=\"http:\/\/grupo.us.es\/derematerialia\/practicas-metalograficas\/wp-content\/uploads\/sites\/2\/2017\/12\/y5-x100_1-1024x759.jpg\" alt=\"Fundici\u00f3n maleable ferr\u00edtica x100\" width=\"600\" \/>Figura 2<\/center><\/p>\n<p style=\"text-align: justify;\">Realizando un enfriamiento m\u00e1s r\u00e1pido (normalizado), la reacci\u00f3n eutectoide provoca que la austenita se transforme en perlita (Figura 1 derecha), resultando un material con una matriz perl\u00edtica en la que se disponen rosetas de grafito <em>maleable (americana) perl\u00edtica<\/em> (Figuras 3 y 4).<\/p>\n<p><center><img decoding=\"async\" src=\"http:\/\/grupo.us.es\/derematerialia\/practicas-metalograficas\/wp-content\/uploads\/sites\/2\/2017\/12\/y6-x100_1-1024x759.jpg\" alt=\"Fundici\u00f3n maleable perl\u00edtica x100\" width=\"600\" \/>Figura 3<\/center><center><img decoding=\"async\" src=\"http:\/\/grupo.us.es\/derematerialia\/practicas-metalograficas\/wp-content\/uploads\/sites\/2\/2017\/12\/y6-200.jpg\" alt=\"fundicion maleable ojo de buey\" width=\"600\" \/><\/center><center>Figura 4<\/center><\/p>\n<p style=\"text-align: justify;\">Las fundiciones maleables reciben este nombre porque su <em>ductilidad<\/em>, y por tanto su <em>maleabilidad<\/em>, es mayor que la de las <a href=\"http:\/\/grupo.us.es\/derematerialia\/practicas-metalograficas\/fundiciones-grises\/\">fundiciones grises<\/a>. Adem\u00e1s, el grafito, al arracimarse, genera menos concentraci\u00f3n de esfuerzos que cuando se distribuye en forma de l\u00e1minas dispersas (en las fundiciones grises). Por ello, la <em>resistencia a tracci\u00f3n<\/em> de las fundiciones maleables suele ser t\u00edpicamente del doble de la de las fundiciones grises.<\/p>\n<p style=\"text-align: justify;\">Comparando las fundiciones maleables con las <a href=\"http:\/\/grupo.us.es\/derematerialia\/practicas-metalograficas\/fundiciones-nodulares\/\">nodulares<\/a>, la ventaja de estas \u00faltimas radica en que normalmente se obtienen directamente de la fusi\u00f3n, sin necesidad de tratamiento t\u00e9rmico posterior. Adem\u00e1s, el grafito nodular tiene una forma m\u00e1s esf\u00e9rica que los aglomerados de grafito, m\u00e1s o menos irregulares, que aparecen en las fundiciones maleables, lo que supone mejores prestaciones mec\u00e1nicas para las fundiciones nodulares. El desarrollo de las fundiciones nodulares ha mermado el campo de uso de las maleables, debido al elevado coste del tratamiento t\u00e9rmico de estas \u00faltimas. No obstante, las fundiciones maleables siguen emple\u00e1ndose en la fabricaci\u00f3n de peque\u00f1os accesorios para tuber\u00edas, componentes el\u00e9ctricos y herramientas para la construcci\u00f3n, principalmente en piezas delgadas y en piezas que ser\u00e1n posteriormente galvanizadas.<\/p>\n","protected":false},"excerpt":{"rendered":"<p>Se obtienen, mediante tratamiento t\u00e9rmico, a partir de las fundiciones blancas. Aunque pueden distinguirse dos tipos de fundiciones maleables, las americanas y las europeas, han sido las primeras las m\u00e1s empleadas tradicionalmente. Las fundiciones maleables americanas se obtienen a partir de las fundiciones blancas, aplic\u00e1ndoles un tratamiento t\u00e9rmico que en esencia tiene como finalidad promover [&hellip;]<\/p>\n","protected":false},"author":1,"featured_media":0,"parent":0,"menu_order":0,"comment_status":"closed","ping_status":"closed","template":"","meta":{"ngg_post_thumbnail":0,"footnotes":"","_mc_calendar":[]},"_links":{"self":[{"href":"https:\/\/grupo.us.es\/derematerialia\/practicas-metalograficas\/wp-json\/wp\/v2\/pages\/1099"}],"collection":[{"href":"https:\/\/grupo.us.es\/derematerialia\/practicas-metalograficas\/wp-json\/wp\/v2\/pages"}],"about":[{"href":"https:\/\/grupo.us.es\/derematerialia\/practicas-metalograficas\/wp-json\/wp\/v2\/types\/page"}],"author":[{"embeddable":true,"href":"https:\/\/grupo.us.es\/derematerialia\/practicas-metalograficas\/wp-json\/wp\/v2\/users\/1"}],"replies":[{"embeddable":true,"href":"https:\/\/grupo.us.es\/derematerialia\/practicas-metalograficas\/wp-json\/wp\/v2\/comments?post=1099"}],"version-history":[{"count":5,"href":"https:\/\/grupo.us.es\/derematerialia\/practicas-metalograficas\/wp-json\/wp\/v2\/pages\/1099\/revisions"}],"predecessor-version":[{"id":1517,"href":"https:\/\/grupo.us.es\/derematerialia\/practicas-metalograficas\/wp-json\/wp\/v2\/pages\/1099\/revisions\/1517"}],"wp:attachment":[{"href":"https:\/\/grupo.us.es\/derematerialia\/practicas-metalograficas\/wp-json\/wp\/v2\/media?parent=1099"}],"curies":[{"name":"wp","href":"https:\/\/api.w.org\/{rel}","templated":true}]}}