{"id":1097,"date":"2017-12-31T11:49:49","date_gmt":"2017-12-31T11:49:49","guid":{"rendered":"http:\/\/grupo.us.es\/derematerialia\/practicas-metalograficas\/?page_id=1097"},"modified":"2020-10-06T08:07:57","modified_gmt":"2020-10-06T08:07:57","slug":"fundiciones-nodulares","status":"publish","type":"page","link":"https:\/\/grupo.us.es\/derematerialia\/practicas-metalograficas\/fundiciones-nodulares\/","title":{"rendered":"Fundiciones Nodulares"},"content":{"rendered":"<p style=\"text-align: justify;\">Tambi\u00e9n se las conoce con el nombre de fundiciones esferoidales. Constituyen un tipo de fundici\u00f3n, que vienen fabric\u00e1ndose desde el a\u00f1o 1943, y que se caracterizan porque el carbono se encuentra en forma esferoidal. Esto se consigue mediante la adici\u00f3n de peque\u00f1as cantidades de Mg (~0.06%), Ce y otras tierras raras. Adem\u00e1s, se ha de asegurar que el contenido de S sea inferior al 0.015% ya que el Mg tiene gran afinidad por combinarse con el S, y cuando las concentraciones de \u00e9ste son altas muy probablemente se formar\u00e1 el compuesto MgS. Dado que s\u00f3lo el Mg libre puede actuar como agente nucleante del grafito, la formaci\u00f3n del compuesto MgS es algo a evitar.<\/p>\n<p style=\"text-align: justify;\">Durante la solidificaci\u00f3n del l\u00edquido, las transformaciones que se producen en este tipo de fundici\u00f3n son similares a las que ocurren en las fundiciones grises, con la salvedad de que en las grises el grafito aparece en forma de laminillas, y en las nodulares lo hace en forma cuasiesf\u00e9rica (Figura 1).<\/p>\n<table style=\"border-collapse: collapse; width: 100%;\">\n<tbody>\n<tr>\n<td style=\"width: 50%;\" colspan=\"2\"><img loading=\"lazy\" decoding=\"async\" class=\"alignnone size-full wp-image-1298\" src=\"http:\/\/grupo.us.es\/derematerialia\/practicas-metalograficas\/wp-content\/uploads\/sites\/2\/2020\/10\/Fig-12-34a.jpg\" alt=\"\" width=\"1525\" height=\"1055\" srcset=\"https:\/\/grupo.us.es\/derematerialia\/practicas-metalograficas\/wp-content\/uploads\/sites\/2\/2020\/10\/Fig-12-34a.jpg 1525w, https:\/\/grupo.us.es\/derematerialia\/practicas-metalograficas\/wp-content\/uploads\/sites\/2\/2020\/10\/Fig-12-34a-300x208.jpg 300w, https:\/\/grupo.us.es\/derematerialia\/practicas-metalograficas\/wp-content\/uploads\/sites\/2\/2020\/10\/Fig-12-34a-1024x708.jpg 1024w, https:\/\/grupo.us.es\/derematerialia\/practicas-metalograficas\/wp-content\/uploads\/sites\/2\/2020\/10\/Fig-12-34a-768x531.jpg 768w, https:\/\/grupo.us.es\/derematerialia\/practicas-metalograficas\/wp-content\/uploads\/sites\/2\/2020\/10\/Fig-12-34a-900x623.jpg 900w, https:\/\/grupo.us.es\/derematerialia\/practicas-metalograficas\/wp-content\/uploads\/sites\/2\/2020\/10\/Fig-12-34a-1280x886.jpg 1280w\" sizes=\"(max-width: 1525px) 100vw, 1525px\" \/><\/td>\n<\/tr>\n<tr>\n<td style=\"width: 50%;\"><img loading=\"lazy\" decoding=\"async\" class=\"alignnone size-full wp-image-1297\" src=\"http:\/\/grupo.us.es\/derematerialia\/practicas-metalograficas\/wp-content\/uploads\/sites\/2\/2020\/10\/Fig-12-34b-1.jpg\" alt=\"\" width=\"891\" height=\"375\" srcset=\"https:\/\/grupo.us.es\/derematerialia\/practicas-metalograficas\/wp-content\/uploads\/sites\/2\/2020\/10\/Fig-12-34b-1.jpg 891w, https:\/\/grupo.us.es\/derematerialia\/practicas-metalograficas\/wp-content\/uploads\/sites\/2\/2020\/10\/Fig-12-34b-1-300x126.jpg 300w, https:\/\/grupo.us.es\/derematerialia\/practicas-metalograficas\/wp-content\/uploads\/sites\/2\/2020\/10\/Fig-12-34b-1-768x323.jpg 768w\" sizes=\"(max-width: 891px) 100vw, 891px\" \/><\/td>\n<td style=\"width: 50%;\"><img loading=\"lazy\" decoding=\"async\" class=\"alignnone size-full wp-image-1296\" src=\"http:\/\/grupo.us.es\/derematerialia\/practicas-metalograficas\/wp-content\/uploads\/sites\/2\/2020\/10\/Fig-12-34c-1.jpg\" alt=\"\" width=\"917\" height=\"420\" srcset=\"https:\/\/grupo.us.es\/derematerialia\/practicas-metalograficas\/wp-content\/uploads\/sites\/2\/2020\/10\/Fig-12-34c-1.jpg 917w, https:\/\/grupo.us.es\/derematerialia\/practicas-metalograficas\/wp-content\/uploads\/sites\/2\/2020\/10\/Fig-12-34c-1-300x137.jpg 300w, https:\/\/grupo.us.es\/derematerialia\/practicas-metalograficas\/wp-content\/uploads\/sites\/2\/2020\/10\/Fig-12-34c-1-768x352.jpg 768w, https:\/\/grupo.us.es\/derematerialia\/practicas-metalograficas\/wp-content\/uploads\/sites\/2\/2020\/10\/Fig-12-34c-1-900x412.jpg 900w\" sizes=\"(max-width: 917px) 100vw, 917px\" \/><\/td>\n<\/tr>\n<tr>\n<td style=\"width: 50%; text-align: center;\" colspan=\"2\">Figura 1<\/td>\n<\/tr>\n<\/tbody>\n<\/table>\n<p>As\u00ed, si el enfriamiento en el entorno de la transformaci\u00f3n eutectoide es lento, se favorece la reacci\u00f3n <em>\u03b3<\/em>\u00a0\u2192\u00a0<em>\u03b1<\/em>\u00a0+\u00a0C<sub>(gr)<\/sub>, resultando una matriz ferr\u00edtica sobre la que se distribuye el grafito en forma esferoidal (Figura 2).<\/p>\n<p><center><img decoding=\"async\" src=\"http:\/\/grupo.us.es\/derematerialia\/practicas-metalograficas\/wp-content\/uploads\/sites\/2\/2017\/12\/y3-x100_1-1024x759.jpg\" alt=\"Fundici\u00f3n nodular ferr\u00edtica x100\" width=\"600\" \/>Figura 2<\/center><\/p>\n<p style=\"text-align: justify;\">Por el contrario, si el enfriamiento en dicha zona es r\u00e1pido, se promueve la transformaci\u00f3n <em>\u03b3<\/em>\u00a0\u2192\u00a0<em>\u03b1<\/em>\u00a0+\u00a0Fe<sub>3<\/sub>C, obteni\u00e9ndose una matriz perl\u00edtica con esferoides de grafito (Figura 3). Enfriamientos con ritmos intermedios dan lugar a una matriz ferr\u00edtico-perl\u00edtica, con una distribuci\u00f3n microestructural tan caracter\u00edstica que hace que a esta fundici\u00f3n se la conozca con el nombre de <em>ojo de buey<\/em> (Figura 4).<\/p>\n<p><center><img decoding=\"async\" src=\"http:\/\/grupo.us.es\/derematerialia\/practicas-metalograficas\/wp-content\/uploads\/sites\/2\/2017\/12\/y4-x100_1-1024x759.jpg\" alt=\"Fundici\u00f3n nodular perl\u00edtica x100\" width=\"600\" \/>Figura 3<\/center><center><img decoding=\"async\" src=\"http:\/\/grupo.us.es\/derematerialia\/practicas-metalograficas\/wp-content\/uploads\/sites\/2\/2017\/12\/y4-x400_1-1024x759.jpg\" alt=\"Fundici\u00f3n nodular perl\u00edtica x400\" width=\"600\" \/>Figura 4<center><\/center><\/center><\/p>\n<p style=\"text-align: justify;\">En las fundiciones nodulares, al encontrarse el carbono en forma esferoidal, la continuidad de la matriz se interrumpe mucho menos que cuando \u00e9ste se encuentra en forma laminar (fundiciones grises), lo que influye en sus propiedades mec\u00e1nicas. La globulizaci\u00f3n del grafito da lugar a una mayor <em>resistencia a la tracci\u00f3n<\/em>, <em>ductilidad<\/em> y <em>tenacidad<\/em>, y adem\u00e1s permite una mejor <em>maquinabilidad<\/em>. Tanto es as\u00ed, que las fundiciones nodulares pueden ser empleadas en aplicaciones tan cr\u00edticas como el sistema de transmisi\u00f3n de los autom\u00f3viles.<\/p>\n","protected":false},"excerpt":{"rendered":"<p>Tambi\u00e9n se las conoce con el nombre de fundiciones esferoidales. Constituyen un tipo de fundici\u00f3n, que vienen fabric\u00e1ndose desde el a\u00f1o 1943, y que se caracterizan porque el carbono se encuentra en forma esferoidal. Esto se consigue mediante la adici\u00f3n de peque\u00f1as cantidades de Mg (~0.06%), Ce y otras tierras raras. Adem\u00e1s, se ha de [&hellip;]<\/p>\n","protected":false},"author":1,"featured_media":0,"parent":0,"menu_order":0,"comment_status":"closed","ping_status":"closed","template":"","meta":{"ngg_post_thumbnail":0,"footnotes":"","_mc_calendar":[]},"_links":{"self":[{"href":"https:\/\/grupo.us.es\/derematerialia\/practicas-metalograficas\/wp-json\/wp\/v2\/pages\/1097"}],"collection":[{"href":"https:\/\/grupo.us.es\/derematerialia\/practicas-metalograficas\/wp-json\/wp\/v2\/pages"}],"about":[{"href":"https:\/\/grupo.us.es\/derematerialia\/practicas-metalograficas\/wp-json\/wp\/v2\/types\/page"}],"author":[{"embeddable":true,"href":"https:\/\/grupo.us.es\/derematerialia\/practicas-metalograficas\/wp-json\/wp\/v2\/users\/1"}],"replies":[{"embeddable":true,"href":"https:\/\/grupo.us.es\/derematerialia\/practicas-metalograficas\/wp-json\/wp\/v2\/comments?post=1097"}],"version-history":[{"count":5,"href":"https:\/\/grupo.us.es\/derematerialia\/practicas-metalograficas\/wp-json\/wp\/v2\/pages\/1097\/revisions"}],"predecessor-version":[{"id":1518,"href":"https:\/\/grupo.us.es\/derematerialia\/practicas-metalograficas\/wp-json\/wp\/v2\/pages\/1097\/revisions\/1518"}],"wp:attachment":[{"href":"https:\/\/grupo.us.es\/derematerialia\/practicas-metalograficas\/wp-json\/wp\/v2\/media?parent=1097"}],"curies":[{"name":"wp","href":"https:\/\/api.w.org\/{rel}","templated":true}]}}