{"id":1091,"date":"2017-12-31T11:20:34","date_gmt":"2017-12-31T11:20:34","guid":{"rendered":"http:\/\/grupo.us.es\/derematerialia\/practicas-metalograficas\/?page_id=1091"},"modified":"2017-12-31T12:14:34","modified_gmt":"2017-12-31T12:14:34","slug":"fundiciones","status":"publish","type":"page","link":"https:\/\/grupo.us.es\/derematerialia\/practicas-metalograficas\/fundiciones\/","title":{"rendered":"Fundiciones"},"content":{"rendered":"<p style=\"text-align: justify;\">Las fundiciones, como los aceros, son en esencia aleaciones de hierro y carbono aunque, considerando el diagrama Fe-C, las primeras contienen una cantidad de carbono superior a la de saturaci\u00f3n de la austenita a temperatura eut\u00e9ctica. Por tanto, el contenido en carbono de las fundiciones var\u00eda de 2 a 6,67%. Sin embargo como los contenidos de carbono elevados confieren una gran fragilidad a la fundici\u00f3n, la mayor\u00eda de los tipos comerciales fabricados contienen una cantidad comprendida entre el 2,5 y el 4%.<\/p>\n<p style=\"text-align: justify;\">La ductilidad de las fundiciones es muy baja, por lo que no puede laminarse, estirarse o deformarse a temperatura ambiente, no siendo la mayor parte de ella maleable a ninguna temperatura. Sin embargo, funden f\u00e1cilmente y pueden moldearse formas complicadas que usualmente se mecanizan despu\u00e9s a dimensiones.<\/p>\n<p style=\"text-align: justify;\">Tipos De Fundici\u00f3n<\/p>\n<p style=\"text-align: justify;\">La mejor manera de clasificar las fundiciones es en funci\u00f3n de su estructura metalogr\u00e1fica. Al estudiar los distintos tipos hay que considerar cuatro variables que influyen considerablemente en su formaci\u00f3n, a saber: el contenido de carbono, el contenido en elementos de aleaci\u00f3n e impurezas, la velocidad de enfriamiento durante y despu\u00e9s de la solidificaci\u00f3n, y el tratamiento t\u00e9rmico que reciben posteriormente. Estas variables determinan la condici\u00f3n y forma f\u00edsica del carbono. El carbono puede encontrarse en la fundici\u00f3n combinado con el hierro en forma de cementita, o bien libre en forma de grafito. La forma y distribuci\u00f3n de las part\u00edculas de carbono libre influyen considerablemente en las propiedades f\u00edsicas de la fundici\u00f3n. Los distintos tipos de las mismas son los siguientes:<\/p>\n<ul>\n<li><a href=\"http:\/\/grupo.us.es\/derematerialia\/practicas-metalograficas\/fundiciones-blancas\/\">Fundiciones Blancas.<\/a><\/li>\n<li><a href=\"http:\/\/grupo.us.es\/derematerialia\/practicas-metalograficas\/fundiciones-grises\/\">Fundiciones Grises.<\/a><\/li>\n<li><a href=\"http:\/\/grupo.us.es\/derematerialia\/practicas-metalograficas\/fundiciones-nodulares\/\">Fundiciones Nodulares.<\/a><\/li>\n<li><a href=\"http:\/\/grupo.us.es\/derematerialia\/practicas-metalograficas\/fundiciones-maleables\/\">Fundiciones Maleables.<\/a><\/li>\n<li><a href=\"http:\/\/grupo.us.es\/derematerialia\/practicas-metalograficas\/fundiciones-en-coquilla\/\">Fundiciones en Coquilla.<\/a><\/li>\n<li><a href=\"http:\/\/grupo.us.es\/derematerialia\/practicas-metalograficas\/fundiciones-aleadas\/\">Fundiciones Aleadas.<\/a><\/li>\n<\/ul>\n","protected":false},"excerpt":{"rendered":"<p>Las fundiciones, como los aceros, son en esencia aleaciones de hierro y carbono aunque, considerando el diagrama Fe-C, las primeras contienen una cantidad de carbono superior a la de saturaci\u00f3n de la austenita a temperatura eut\u00e9ctica. Por tanto, el contenido en carbono de las fundiciones var\u00eda de 2 a 6,67%. Sin embargo como los contenidos [&hellip;]<\/p>\n","protected":false},"author":1,"featured_media":0,"parent":0,"menu_order":0,"comment_status":"closed","ping_status":"closed","template":"","meta":{"ngg_post_thumbnail":0,"footnotes":"","_mc_calendar":[]},"_links":{"self":[{"href":"https:\/\/grupo.us.es\/derematerialia\/practicas-metalograficas\/wp-json\/wp\/v2\/pages\/1091"}],"collection":[{"href":"https:\/\/grupo.us.es\/derematerialia\/practicas-metalograficas\/wp-json\/wp\/v2\/pages"}],"about":[{"href":"https:\/\/grupo.us.es\/derematerialia\/practicas-metalograficas\/wp-json\/wp\/v2\/types\/page"}],"author":[{"embeddable":true,"href":"https:\/\/grupo.us.es\/derematerialia\/practicas-metalograficas\/wp-json\/wp\/v2\/users\/1"}],"replies":[{"embeddable":true,"href":"https:\/\/grupo.us.es\/derematerialia\/practicas-metalograficas\/wp-json\/wp\/v2\/comments?post=1091"}],"version-history":[{"count":2,"href":"https:\/\/grupo.us.es\/derematerialia\/practicas-metalograficas\/wp-json\/wp\/v2\/pages\/1091\/revisions"}],"predecessor-version":[{"id":1120,"href":"https:\/\/grupo.us.es\/derematerialia\/practicas-metalograficas\/wp-json\/wp\/v2\/pages\/1091\/revisions\/1120"}],"wp:attachment":[{"href":"https:\/\/grupo.us.es\/derematerialia\/practicas-metalograficas\/wp-json\/wp\/v2\/media?parent=1091"}],"curies":[{"name":"wp","href":"https:\/\/api.w.org\/{rel}","templated":true}]}}