{"id":1025,"date":"2017-12-20T16:26:43","date_gmt":"2017-12-20T16:26:43","guid":{"rendered":"http:\/\/grupo.us.es\/derematerialia\/practicas-metalograficas\/?page_id=1025"},"modified":"2020-10-05T11:04:35","modified_gmt":"2020-10-05T11:04:35","slug":"acero-1-3-c","status":"publish","type":"page","link":"https:\/\/grupo.us.es\/derematerialia\/practicas-metalograficas\/acero-1-3-c\/","title":{"rendered":"Acero 1.3% C"},"content":{"rendered":"<p style=\"text-align: justify;\">Es un acero de los denominados hipereutectoides, por tener un porcentaje en carbono entre el 0.77 y el 2.11%. Partiendo de la regi\u00f3n austen\u00edtica, al disminuir la temperatura por debajo de la l\u00ednea Acm (Figura 1) comienza la separaci\u00f3n de la<a href=\"http:\/\/grupo.us.es\/derematerialia\/practicas-metalograficas\/cementita\/\"> cementita<\/a> (Fe<sub>3<\/sub>C). Este compuesto tiene la particularidad de precipitar en los l\u00edmites de grano de la austenita, formando una red que engloba a los cristales de \u03b3. A este tipo de cementita se le denomina cementita secundaria. Cuando la temperatura alcanza la correspondiente a la transformaci\u00f3n eutectoide, los granos de austenita se transforman en <a href=\"http:\/\/grupo.us.es\/derematerialia\/practicas-metalograficas\/perlita\/\">perlita<\/a>, resultando un acero que a temperatura ambiente est\u00e1 formado por colonias de perlita rodeadas de cementita, Figuras 2 y 3.<\/p>\n<table style=\"border-collapse: collapse; width: 100%;\">\n<tbody>\n<tr>\n<td style=\"width: 68%;\"><img loading=\"lazy\" decoding=\"async\" class=\"alignnone size-full wp-image-1307\" src=\"http:\/\/grupo.us.es\/derematerialia\/practicas-metalograficas\/wp-content\/uploads\/sites\/2\/2020\/10\/Fig-12-16a-1.jpg\" alt=\"\" width=\"405\" height=\"415\" srcset=\"https:\/\/grupo.us.es\/derematerialia\/practicas-metalograficas\/wp-content\/uploads\/sites\/2\/2020\/10\/Fig-12-16a-1.jpg 1026w, https:\/\/grupo.us.es\/derematerialia\/practicas-metalograficas\/wp-content\/uploads\/sites\/2\/2020\/10\/Fig-12-16a-1-293x300.jpg 293w, https:\/\/grupo.us.es\/derematerialia\/practicas-metalograficas\/wp-content\/uploads\/sites\/2\/2020\/10\/Fig-12-16a-1-1001x1024.jpg 1001w, https:\/\/grupo.us.es\/derematerialia\/practicas-metalograficas\/wp-content\/uploads\/sites\/2\/2020\/10\/Fig-12-16a-1-768x786.jpg 768w, https:\/\/grupo.us.es\/derematerialia\/practicas-metalograficas\/wp-content\/uploads\/sites\/2\/2020\/10\/Fig-12-16a-1-900x921.jpg 900w\" sizes=\"(max-width: 405px) 100vw, 405px\" \/><\/td>\n<td style=\"width: 32%;\"><img loading=\"lazy\" decoding=\"async\" class=\"alignnone size-full wp-image-1306\" src=\"http:\/\/grupo.us.es\/derematerialia\/practicas-metalograficas\/wp-content\/uploads\/sites\/2\/2020\/10\/Fig-12-16a-2.jpg\" alt=\"\" width=\"169\" height=\"413\" \/><\/td>\n<\/tr>\n<tr>\n<td style=\"width: 50%; text-align: center;\" colspan=\"2\">Figura 1<\/td>\n<\/tr>\n<\/tbody>\n<\/table>\n<p style=\"text-align: justify;\">La cementita es el constituyente de equilibrio de los aceros con mayor fragilidad (y m\u00e1s resistencia), mientras que la ferrita es el m\u00e1s d\u00factil (y menos resistente). Teniendo en cuenta estas caracter\u00edsticas, la perlita es un microconstituyente con una buena resistencia y ductilidad, y al encontrarse en gran cantidad en este acero, hace pensar que dicho material tambi\u00e9n ser\u00e1 resistente y d\u00factil. No obstante, la abundante presencia de un constituyente duro y fr\u00e1gil como el Fe<sub>3<\/sub>C en los l\u00edmites de grano de la perlita, hace que el acero tenga buena resistencia, pero muy baja tenacidad (alta fragilidad). Estas propiedades hacen que los aceros de elevado contenido en carbono no se utilicen de manera muy amplia. Suelen emplearse para fabricar cuchillas de corte o herramientas que no vayan a sufrir golpes durante su uso.<\/p>\n<p><center><img decoding=\"async\" src=\"http:\/\/grupo.us.es\/derematerialia\/practicas-metalograficas\/wp-content\/uploads\/sites\/2\/2017\/12\/x20-x100_1-1024x759.jpg\" alt=\"Acero hipereutectoide x100\" width=\"600\" \/>Figura 2 (x100)<\/center><center><img decoding=\"async\" src=\"http:\/\/grupo.us.es\/derematerialia\/practicas-metalograficas\/wp-content\/uploads\/sites\/2\/2017\/12\/x20-x1000_1-1024x759.jpg\" alt=\"Acero hipereutectoide x1000\" width=\"600\" \/>Figura 3 (x1000)<\/center><\/p>\n","protected":false},"excerpt":{"rendered":"<p>Es un acero de los denominados hipereutectoides, por tener un porcentaje en carbono entre el 0.77 y el 2.11%. Partiendo de la regi\u00f3n austen\u00edtica, al disminuir la temperatura por debajo de la l\u00ednea Acm (Figura 1) comienza la separaci\u00f3n de la cementita (Fe3C). Este compuesto tiene la particularidad de precipitar en los l\u00edmites de grano [&hellip;]<\/p>\n","protected":false},"author":1,"featured_media":0,"parent":0,"menu_order":0,"comment_status":"closed","ping_status":"closed","template":"","meta":{"ngg_post_thumbnail":0,"footnotes":"","_mc_calendar":[]},"_links":{"self":[{"href":"https:\/\/grupo.us.es\/derematerialia\/practicas-metalograficas\/wp-json\/wp\/v2\/pages\/1025"}],"collection":[{"href":"https:\/\/grupo.us.es\/derematerialia\/practicas-metalograficas\/wp-json\/wp\/v2\/pages"}],"about":[{"href":"https:\/\/grupo.us.es\/derematerialia\/practicas-metalograficas\/wp-json\/wp\/v2\/types\/page"}],"author":[{"embeddable":true,"href":"https:\/\/grupo.us.es\/derematerialia\/practicas-metalograficas\/wp-json\/wp\/v2\/users\/1"}],"replies":[{"embeddable":true,"href":"https:\/\/grupo.us.es\/derematerialia\/practicas-metalograficas\/wp-json\/wp\/v2\/comments?post=1025"}],"version-history":[{"count":5,"href":"https:\/\/grupo.us.es\/derematerialia\/practicas-metalograficas\/wp-json\/wp\/v2\/pages\/1025\/revisions"}],"predecessor-version":[{"id":1514,"href":"https:\/\/grupo.us.es\/derematerialia\/practicas-metalograficas\/wp-json\/wp\/v2\/pages\/1025\/revisions\/1514"}],"wp:attachment":[{"href":"https:\/\/grupo.us.es\/derematerialia\/practicas-metalograficas\/wp-json\/wp\/v2\/media?parent=1025"}],"curies":[{"name":"wp","href":"https:\/\/api.w.org\/{rel}","templated":true}]}}