{"id":1023,"date":"2017-12-20T16:24:52","date_gmt":"2017-12-20T16:24:52","guid":{"rendered":"http:\/\/grupo.us.es\/derematerialia\/practicas-metalograficas\/?page_id=1023"},"modified":"2020-10-05T10:46:05","modified_gmt":"2020-10-05T10:46:05","slug":"acero-0-8-c","status":"publish","type":"page","link":"https:\/\/grupo.us.es\/derematerialia\/practicas-metalograficas\/acero-0-8-c\/","title":{"rendered":"Acero 0.8% C"},"content":{"rendered":"<p style=\"text-align: justify;\">Dada la composici\u00f3n de este acero, durante su enfriamiento s\u00f3lo sufre la transformaci\u00f3n eutectoide (Figura 1); es decir, la austenita (\u03b3) se convierte en el microconstituyente perlita, formado por laminillas alternas de ferrita (\u03b1) y cementita (Fe<sub>3<\/sub>C). Por tanto, la microestructura de este acero est\u00e1 formada \u00fanicamente por colonias de perlita.<\/p>\n<p style=\"text-align: justify;\">A bajos aumentos, la perlita produce irisaciones en la luz similares a las que provoca una perla virgen (de ah\u00ed el nombre de perlita), pudi\u00e9ndose observar \u00fanicamente las fronteras de las colonias de perlita (Figura 2). A mayores magnificaciones, se revela la estructura de l\u00e1minas de la perlita (Figura 3).<\/p>\n<table style=\"border-collapse: collapse; width: 100%;\">\n<tbody>\n<tr>\n<td style=\"width: 68%;\"><img loading=\"lazy\" decoding=\"async\" class=\"alignnone size-full wp-image-1309\" src=\"http:\/\/grupo.us.es\/derematerialia\/practicas-metalograficas\/wp-content\/uploads\/sites\/2\/2020\/10\/Fig-12-14a-1.jpg\" alt=\"\" width=\"405\" height=\"415\" srcset=\"https:\/\/grupo.us.es\/derematerialia\/practicas-metalograficas\/wp-content\/uploads\/sites\/2\/2020\/10\/Fig-12-14a-1.jpg 1026w, https:\/\/grupo.us.es\/derematerialia\/practicas-metalograficas\/wp-content\/uploads\/sites\/2\/2020\/10\/Fig-12-14a-1-293x300.jpg 293w, https:\/\/grupo.us.es\/derematerialia\/practicas-metalograficas\/wp-content\/uploads\/sites\/2\/2020\/10\/Fig-12-14a-1-1001x1024.jpg 1001w, https:\/\/grupo.us.es\/derematerialia\/practicas-metalograficas\/wp-content\/uploads\/sites\/2\/2020\/10\/Fig-12-14a-1-768x786.jpg 768w, https:\/\/grupo.us.es\/derematerialia\/practicas-metalograficas\/wp-content\/uploads\/sites\/2\/2020\/10\/Fig-12-14a-1-900x921.jpg 900w\" sizes=\"(max-width: 405px) 100vw, 405px\" \/><\/td>\n<td style=\"width: 32%;\"><img loading=\"lazy\" decoding=\"async\" class=\"alignnone  wp-image-1308\" src=\"http:\/\/grupo.us.es\/derematerialia\/practicas-metalograficas\/wp-content\/uploads\/sites\/2\/2020\/10\/Fig-12-14a-2.jpg\" alt=\"\" width=\"198\" height=\"273\" srcset=\"https:\/\/grupo.us.es\/derematerialia\/practicas-metalograficas\/wp-content\/uploads\/sites\/2\/2020\/10\/Fig-12-14a-2.jpg 553w, https:\/\/grupo.us.es\/derematerialia\/practicas-metalograficas\/wp-content\/uploads\/sites\/2\/2020\/10\/Fig-12-14a-2-217x300.jpg 217w\" sizes=\"(max-width: 198px) 100vw, 198px\" \/><\/td>\n<\/tr>\n<tr>\n<td style=\"width: 50%; text-align: center;\" colspan=\"2\">Figura 1<\/td>\n<\/tr>\n<\/tbody>\n<\/table>\n<p><center><img decoding=\"async\" src=\"http:\/\/grupo.us.es\/derematerialia\/practicas-metalograficas\/wp-content\/uploads\/sites\/2\/2017\/12\/x18-x100_1-1024x759.jpg\" alt=\"Acero eutectoide x100\" width=\"600\" \/>x100<\/center><center><img decoding=\"async\" src=\"http:\/\/grupo.us.es\/derematerialia\/practicas-metalograficas\/wp-content\/uploads\/sites\/2\/2017\/12\/x18-x1000_1-1024x759.jpg\" alt=\"Acero eutectoide x1000\" width=\"600\" \/>x1000<\/center><\/p>\n","protected":false},"excerpt":{"rendered":"<p>Dada la composici\u00f3n de este acero, durante su enfriamiento s\u00f3lo sufre la transformaci\u00f3n eutectoide (Figura 1); es decir, la austenita (\u03b3) se convierte en el microconstituyente perlita, formado por laminillas alternas de ferrita (\u03b1) y cementita (Fe3C). Por tanto, la microestructura de este acero est\u00e1 formada \u00fanicamente por colonias de perlita. A bajos aumentos, la [&hellip;]<\/p>\n","protected":false},"author":1,"featured_media":0,"parent":0,"menu_order":0,"comment_status":"closed","ping_status":"closed","template":"","meta":{"ngg_post_thumbnail":0,"footnotes":"","_mc_calendar":[]},"_links":{"self":[{"href":"https:\/\/grupo.us.es\/derematerialia\/practicas-metalograficas\/wp-json\/wp\/v2\/pages\/1023"}],"collection":[{"href":"https:\/\/grupo.us.es\/derematerialia\/practicas-metalograficas\/wp-json\/wp\/v2\/pages"}],"about":[{"href":"https:\/\/grupo.us.es\/derematerialia\/practicas-metalograficas\/wp-json\/wp\/v2\/types\/page"}],"author":[{"embeddable":true,"href":"https:\/\/grupo.us.es\/derematerialia\/practicas-metalograficas\/wp-json\/wp\/v2\/users\/1"}],"replies":[{"embeddable":true,"href":"https:\/\/grupo.us.es\/derematerialia\/practicas-metalograficas\/wp-json\/wp\/v2\/comments?post=1023"}],"version-history":[{"count":5,"href":"https:\/\/grupo.us.es\/derematerialia\/practicas-metalograficas\/wp-json\/wp\/v2\/pages\/1023\/revisions"}],"predecessor-version":[{"id":1422,"href":"https:\/\/grupo.us.es\/derematerialia\/practicas-metalograficas\/wp-json\/wp\/v2\/pages\/1023\/revisions\/1422"}],"wp:attachment":[{"href":"https:\/\/grupo.us.es\/derematerialia\/practicas-metalograficas\/wp-json\/wp\/v2\/media?parent=1023"}],"curies":[{"name":"wp","href":"https:\/\/api.w.org\/{rel}","templated":true}]}}