{"id":1011,"date":"2017-12-20T16:05:29","date_gmt":"2017-12-20T16:05:29","guid":{"rendered":"http:\/\/grupo.us.es\/derematerialia\/practicas-metalograficas\/?page_id=1011"},"modified":"2020-10-06T07:56:42","modified_gmt":"2020-10-06T07:56:42","slug":"hierro-pudelado","status":"publish","type":"page","link":"https:\/\/grupo.us.es\/derematerialia\/practicas-metalograficas\/hierro-pudelado\/","title":{"rendered":"Hierro pudelado"},"content":{"rendered":"<p style=\"text-align: justify;\">Se trata de un acero con contenido en carbono similar al de la muestra anterior (0.05% C) pero de aproximadamente un siglo de antig\u00fcedad. Su microestructura est\u00e1 formada por una matriz de granos equiaxiales de ferrita (en color claro) y unas \u201cfibras\u201d de color oscuro que se corresponden con impurezas cer\u00e1micas propias de un afino a\u00fan poco desarrollado. A este antiguo m\u00e9todo de afino se le denominaba pudelado. Fue creado por Henry Cort hacia el a\u00f1o 1780, y entre sus principales caracter\u00edsticas cabe decir que permit\u00eda reducir notablemente la cantidad de carbono del material, obteni\u00e9ndose un acero muy maleable, pero con el inconveniente de presentar restos de escoria.<\/p>\n<p style=\"text-align: justify;\">El posterior proceso de laminaci\u00f3n del acero produce la orientaci\u00f3n de las escorias en la direcci\u00f3n de deformaci\u00f3n. El car\u00e1cter cer\u00e1mico de las escorias conlleva que la temperatura a la que se ha realizado la deformaci\u00f3n en caliente no sea suficiente para hacerlas recristalizar, como s\u00ed lo hacen los granos de ferrita. La disposici\u00f3n de las impurezas en forma de fibras hace que este acero sea bastante tenaz. Actualmente, muchos materiales h\u00edbridos se fabrican seg\u00fan esta estructura de matriz d\u00factil reforzada por fibras de otro material resistente.<\/p>\n<p><center><\/p>\n<div id=\"attachment_379\" style=\"width: 639px\" class=\"wp-caption alignnone\"><img loading=\"lazy\" decoding=\"async\" aria-describedby=\"caption-attachment-379\" class=\"wp-image-379 size-large\" style=\"font-size: inherit;\" src=\"http:\/\/grupo.us.es\/derematerialia\/practicas-metalograficas\/wp-content\/uploads\/sites\/2\/2017\/12\/x29-x50_1-1024x759.jpg\" alt=\"Hierro pudelado x50\" width=\"629\" height=\"466\" srcset=\"https:\/\/grupo.us.es\/derematerialia\/practicas-metalograficas\/wp-content\/uploads\/sites\/2\/2017\/12\/x29-x50_1-1024x759.jpg 1024w, https:\/\/grupo.us.es\/derematerialia\/practicas-metalograficas\/wp-content\/uploads\/sites\/2\/2017\/12\/x29-x50_1-300x222.jpg 300w, https:\/\/grupo.us.es\/derematerialia\/practicas-metalograficas\/wp-content\/uploads\/sites\/2\/2017\/12\/x29-x50_1-768x569.jpg 768w\" sizes=\"(max-width: 629px) 100vw, 629px\" \/><p id=\"caption-attachment-379\" class=\"wp-caption-text\">Figura 1<\/p><\/div>\n<div id=\"attachment_382\" style=\"width: 1034px\" class=\"wp-caption aligncenter\"><img loading=\"lazy\" decoding=\"async\" aria-describedby=\"caption-attachment-382\" class=\"size-large wp-image-382\" src=\"http:\/\/grupo.us.es\/derematerialia\/practicas-metalograficas\/wp-content\/uploads\/sites\/2\/2017\/12\/x29-x400_1-1024x759.jpg\" alt=\"Hierro pudelado x400\" width=\"1024\" height=\"759\" srcset=\"https:\/\/grupo.us.es\/derematerialia\/practicas-metalograficas\/wp-content\/uploads\/sites\/2\/2017\/12\/x29-x400_1-1024x759.jpg 1024w, https:\/\/grupo.us.es\/derematerialia\/practicas-metalograficas\/wp-content\/uploads\/sites\/2\/2017\/12\/x29-x400_1-300x222.jpg 300w, https:\/\/grupo.us.es\/derematerialia\/practicas-metalograficas\/wp-content\/uploads\/sites\/2\/2017\/12\/x29-x400_1-768x569.jpg 768w\" sizes=\"(max-width: 1024px) 100vw, 1024px\" \/><p id=\"caption-attachment-382\" class=\"wp-caption-text\">Figura 2<\/p><\/div>\n<p><\/center><\/p>\n","protected":false},"excerpt":{"rendered":"<p>Se trata de un acero con contenido en carbono similar al de la muestra anterior (0.05% C) pero de aproximadamente un siglo de antig\u00fcedad. Su microestructura est\u00e1 formada por una matriz de granos equiaxiales de ferrita (en color claro) y unas \u201cfibras\u201d de color oscuro que se corresponden con impurezas cer\u00e1micas propias de un afino [&hellip;]<\/p>\n","protected":false},"author":1,"featured_media":0,"parent":0,"menu_order":0,"comment_status":"closed","ping_status":"closed","template":"","meta":{"ngg_post_thumbnail":0,"footnotes":"","_mc_calendar":[]},"_links":{"self":[{"href":"https:\/\/grupo.us.es\/derematerialia\/practicas-metalograficas\/wp-json\/wp\/v2\/pages\/1011"}],"collection":[{"href":"https:\/\/grupo.us.es\/derematerialia\/practicas-metalograficas\/wp-json\/wp\/v2\/pages"}],"about":[{"href":"https:\/\/grupo.us.es\/derematerialia\/practicas-metalograficas\/wp-json\/wp\/v2\/types\/page"}],"author":[{"embeddable":true,"href":"https:\/\/grupo.us.es\/derematerialia\/practicas-metalograficas\/wp-json\/wp\/v2\/users\/1"}],"replies":[{"embeddable":true,"href":"https:\/\/grupo.us.es\/derematerialia\/practicas-metalograficas\/wp-json\/wp\/v2\/comments?post=1011"}],"version-history":[{"count":3,"href":"https:\/\/grupo.us.es\/derematerialia\/practicas-metalograficas\/wp-json\/wp\/v2\/pages\/1011\/revisions"}],"predecessor-version":[{"id":1447,"href":"https:\/\/grupo.us.es\/derematerialia\/practicas-metalograficas\/wp-json\/wp\/v2\/pages\/1011\/revisions\/1447"}],"wp:attachment":[{"href":"https:\/\/grupo.us.es\/derematerialia\/practicas-metalograficas\/wp-json\/wp\/v2\/media?parent=1011"}],"curies":[{"name":"wp","href":"https:\/\/api.w.org\/{rel}","templated":true}]}}