{"id":1009,"date":"2017-12-20T16:03:38","date_gmt":"2017-12-20T16:03:38","guid":{"rendered":"http:\/\/grupo.us.es\/derematerialia\/practicas-metalograficas\/?page_id=1009"},"modified":"2026-02-25T08:32:53","modified_gmt":"2026-02-25T08:32:53","slug":"hierro-0-05-c","status":"publish","type":"page","link":"https:\/\/grupo.us.es\/derematerialia\/practicas-metalograficas\/hierro-0-05-c\/","title":{"rendered":"Hierro 0.01% C"},"content":{"rendered":"<p style=\"text-align: justify;\">El bajo contenido de carbono de este acero hace que, a menudo, ni siquiera sea denominado <em>acero<\/em>, sino <em>hierro dulce<\/em>. Este \u00abacero\u00bb tiene una composici\u00f3n tal que har\u00e1 que el material no sufra la transformaci\u00f3n eutectoide (Figura 1).<\/p>\n<table style=\"border-collapse: collapse; width: 100%;\">\n<tbody>\n<tr>\n<td style=\"width: 68%;\"><img loading=\"lazy\" decoding=\"async\" class=\"wp-image-1318 aligncenter\" src=\"http:\/\/grupo.us.es\/derematerialia\/practicas-metalograficas\/wp-content\/uploads\/sites\/2\/2020\/10\/Fig-12-5a-1.jpg\" alt=\"\" width=\"406\" height=\"415\" srcset=\"https:\/\/grupo.us.es\/derematerialia\/practicas-metalograficas\/wp-content\/uploads\/sites\/2\/2020\/10\/Fig-12-5a-1.jpg 1026w, https:\/\/grupo.us.es\/derematerialia\/practicas-metalograficas\/wp-content\/uploads\/sites\/2\/2020\/10\/Fig-12-5a-1-293x300.jpg 293w, https:\/\/grupo.us.es\/derematerialia\/practicas-metalograficas\/wp-content\/uploads\/sites\/2\/2020\/10\/Fig-12-5a-1-1001x1024.jpg 1001w, https:\/\/grupo.us.es\/derematerialia\/practicas-metalograficas\/wp-content\/uploads\/sites\/2\/2020\/10\/Fig-12-5a-1-768x786.jpg 768w, https:\/\/grupo.us.es\/derematerialia\/practicas-metalograficas\/wp-content\/uploads\/sites\/2\/2020\/10\/Fig-12-5a-1-900x921.jpg 900w\" sizes=\"(max-width: 406px) 100vw, 406px\" \/><\/td>\n<td style=\"width: 32%;\"><img loading=\"lazy\" decoding=\"async\" class=\"wp-image-1319 aligncenter\" src=\"http:\/\/grupo.us.es\/derematerialia\/practicas-metalograficas\/wp-content\/uploads\/sites\/2\/2020\/10\/Fig-12-5a-2.jpg\" alt=\"\" width=\"169\" height=\"413\" srcset=\"https:\/\/grupo.us.es\/derematerialia\/practicas-metalograficas\/wp-content\/uploads\/sites\/2\/2020\/10\/Fig-12-5a-2.jpg 499w, https:\/\/grupo.us.es\/derematerialia\/practicas-metalograficas\/wp-content\/uploads\/sites\/2\/2020\/10\/Fig-12-5a-2-123x300.jpg 123w, https:\/\/grupo.us.es\/derematerialia\/practicas-metalograficas\/wp-content\/uploads\/sites\/2\/2020\/10\/Fig-12-5a-2-420x1024.jpg 420w\" sizes=\"(max-width: 169px) 100vw, 169px\" \/><\/td>\n<\/tr>\n<tr>\n<td style=\"width: 66.2162%; text-align: center;\" colspan=\"2\">Figura 1<\/td>\n<\/tr>\n<\/tbody>\n<\/table>\n<p style=\"text-align: justify;\">Observado a pocos aumentos (Figura 2), muestra una estructura de granos equiaxiales de ferrita <em>\u03b1<\/em>. A mayores aumentos (Figura 3), se aprecia otro microconstituyente situado en los l\u00edmites de grano de la ferrita, cuya naturaleza. puede deducirse siguiendo el proceso de enfriamiento de este material desde la regi\u00f3n austen\u00edtica, hasta temperatura ambiente. Ve\u00e1moslo.<\/p>\n<p style=\"text-align: justify;\">A partir de la temperatura <em>A<\/em><sub>3<\/sub> (Figura 1), se produce la precipitaci\u00f3n de cristales de <em>\u03b1 <\/em>en el seno de <em>\u03b3<\/em>. Alcanzada la temperatura de solvus, todo el remanente de fase <em>\u03b3<\/em> se habr\u00e1 transformado en <em>\u03b1<\/em>. Si la temperatura sigue disminuyendo, al atravesar la nueva l\u00ednea solvus, nos adentramos en la zona bif\u00e1sica (<em>\u03b1<\/em>+Fe<sub>3<\/sub>C), en la que peque\u00f1as part\u00edculas de cementita precipitan en los l\u00edmites de grano de los granos de <em>\u03b1<\/em>. \u00c9ste es el microconstituyente al que nos refer\u00edamos, y que se denomina <em>cementita terciaria<\/em>.<\/p>\n<p>&nbsp;<\/p>\n<div id=\"attachment_375\" style=\"width: 1034px\" class=\"wp-caption alignnone\"><img loading=\"lazy\" decoding=\"async\" aria-describedby=\"caption-attachment-375\" class=\"size-large wp-image-375\" src=\"http:\/\/grupo.us.es\/derematerialia\/practicas-metalograficas\/wp-content\/uploads\/sites\/2\/2017\/12\/x28-x100_1-1024x759.jpg\" alt=\"Hierro x100\" width=\"1024\" height=\"759\" srcset=\"https:\/\/grupo.us.es\/derematerialia\/practicas-metalograficas\/wp-content\/uploads\/sites\/2\/2017\/12\/x28-x100_1-1024x759.jpg 1024w, https:\/\/grupo.us.es\/derematerialia\/practicas-metalograficas\/wp-content\/uploads\/sites\/2\/2017\/12\/x28-x100_1-300x222.jpg 300w, https:\/\/grupo.us.es\/derematerialia\/practicas-metalograficas\/wp-content\/uploads\/sites\/2\/2017\/12\/x28-x100_1-768x569.jpg 768w\" sizes=\"(max-width: 1024px) 100vw, 1024px\" \/><p id=\"caption-attachment-375\" class=\"wp-caption-text\">Figura 2<\/p><\/div>\n<div id=\"attachment_377\" style=\"width: 1034px\" class=\"wp-caption aligncenter\"><img loading=\"lazy\" decoding=\"async\" aria-describedby=\"caption-attachment-377\" class=\"size-large wp-image-377\" src=\"http:\/\/grupo.us.es\/derematerialia\/practicas-metalograficas\/wp-content\/uploads\/sites\/2\/2017\/12\/x28-x400_1-1024x759.jpg\" alt=\"Hierro x400\" width=\"1024\" height=\"759\" srcset=\"https:\/\/grupo.us.es\/derematerialia\/practicas-metalograficas\/wp-content\/uploads\/sites\/2\/2017\/12\/x28-x400_1-1024x759.jpg 1024w, https:\/\/grupo.us.es\/derematerialia\/practicas-metalograficas\/wp-content\/uploads\/sites\/2\/2017\/12\/x28-x400_1-300x222.jpg 300w, https:\/\/grupo.us.es\/derematerialia\/practicas-metalograficas\/wp-content\/uploads\/sites\/2\/2017\/12\/x28-x400_1-768x569.jpg 768w\" sizes=\"(max-width: 1024px) 100vw, 1024px\" \/><p id=\"caption-attachment-377\" class=\"wp-caption-text\">Figura 3<\/p><\/div>\n<p>&nbsp;<\/p>\n","protected":false},"excerpt":{"rendered":"<p>El bajo contenido de carbono de este acero hace que, a menudo, ni siquiera sea denominado acero, sino hierro dulce. Este \u00abacero\u00bb tiene una composici\u00f3n tal que har\u00e1 que el material no sufra la transformaci\u00f3n eutectoide (Figura 1). Figura 1 Observado a pocos aumentos (Figura 2), muestra una estructura de granos equiaxiales de ferrita \u03b1. [&hellip;]<\/p>\n","protected":false},"author":1,"featured_media":0,"parent":0,"menu_order":0,"comment_status":"closed","ping_status":"closed","template":"","meta":{"ngg_post_thumbnail":0,"footnotes":"","_mc_calendar":[]},"_links":{"self":[{"href":"https:\/\/grupo.us.es\/derematerialia\/practicas-metalograficas\/wp-json\/wp\/v2\/pages\/1009"}],"collection":[{"href":"https:\/\/grupo.us.es\/derematerialia\/practicas-metalograficas\/wp-json\/wp\/v2\/pages"}],"about":[{"href":"https:\/\/grupo.us.es\/derematerialia\/practicas-metalograficas\/wp-json\/wp\/v2\/types\/page"}],"author":[{"embeddable":true,"href":"https:\/\/grupo.us.es\/derematerialia\/practicas-metalograficas\/wp-json\/wp\/v2\/users\/1"}],"replies":[{"embeddable":true,"href":"https:\/\/grupo.us.es\/derematerialia\/practicas-metalograficas\/wp-json\/wp\/v2\/comments?post=1009"}],"version-history":[{"count":6,"href":"https:\/\/grupo.us.es\/derematerialia\/practicas-metalograficas\/wp-json\/wp\/v2\/pages\/1009\/revisions"}],"predecessor-version":[{"id":1526,"href":"https:\/\/grupo.us.es\/derematerialia\/practicas-metalograficas\/wp-json\/wp\/v2\/pages\/1009\/revisions\/1526"}],"wp:attachment":[{"href":"https:\/\/grupo.us.es\/derematerialia\/practicas-metalograficas\/wp-json\/wp\/v2\/media?parent=1009"}],"curies":[{"name":"wp","href":"https:\/\/api.w.org\/{rel}","templated":true}]}}