{"id":64,"date":"2019-10-23T13:44:08","date_gmt":"2019-10-23T11:44:08","guid":{"rendered":"http:\/\/grupo.us.es\/derematerialia\/microscopio-virtual\/?page_id=64"},"modified":"2019-10-23T13:44:08","modified_gmt":"2019-10-23T11:44:08","slug":"funcionamiento","status":"publish","type":"page","link":"https:\/\/grupo.us.es\/derematerialia\/microscopio-virtual\/funcionamiento\/","title":{"rendered":"Funcionamiento"},"content":{"rendered":"\n<p>En este bloque se pretende realizar un acercamiento a los aspectos b\u00e1sicos del uso de los microscopios \u00f3pticos. Se van a revisar los principios de la \u00d3ptica Geom\u00e9trica en los que se basan estos equipos, as\u00ed como conceptos importatntes en microscop\u00eda como son la resoluci\u00f3n y las aberraciones. Por \u00faltimo se presentan los modos de visualizaci\u00f3n m\u00e1s ampliamente extendidos que permite este tipo de microscop\u00eda (T\u00e9cnicas de microscop\u00eda \u00f3ptica)<\/p>\n\n\n\n<p><\/p>\n","protected":false},"excerpt":{"rendered":"<p>En este bloque se pretende realizar un acercamiento a los aspectos b\u00e1sicos del uso de los microscopios \u00f3pticos. Se van a revisar los principios de la \u00d3ptica Geom\u00e9trica en los que se basan estos equipos, as\u00ed como conceptos importatntes en microscop\u00eda como son la resoluci\u00f3n y las aberraciones. Por \u00faltimo se presentan los modos de [&hellip;]<\/p>\n","protected":false},"author":1,"featured_media":0,"parent":0,"menu_order":0,"comment_status":"closed","ping_status":"closed","template":"","meta":{"ngg_post_thumbnail":0,"footnotes":"","_mc_calendar":[]},"_links":{"self":[{"href":"https:\/\/grupo.us.es\/derematerialia\/microscopio-virtual\/wp-json\/wp\/v2\/pages\/64"}],"collection":[{"href":"https:\/\/grupo.us.es\/derematerialia\/microscopio-virtual\/wp-json\/wp\/v2\/pages"}],"about":[{"href":"https:\/\/grupo.us.es\/derematerialia\/microscopio-virtual\/wp-json\/wp\/v2\/types\/page"}],"author":[{"embeddable":true,"href":"https:\/\/grupo.us.es\/derematerialia\/microscopio-virtual\/wp-json\/wp\/v2\/users\/1"}],"replies":[{"embeddable":true,"href":"https:\/\/grupo.us.es\/derematerialia\/microscopio-virtual\/wp-json\/wp\/v2\/comments?post=64"}],"version-history":[{"count":1,"href":"https:\/\/grupo.us.es\/derematerialia\/microscopio-virtual\/wp-json\/wp\/v2\/pages\/64\/revisions"}],"predecessor-version":[{"id":65,"href":"https:\/\/grupo.us.es\/derematerialia\/microscopio-virtual\/wp-json\/wp\/v2\/pages\/64\/revisions\/65"}],"wp:attachment":[{"href":"https:\/\/grupo.us.es\/derematerialia\/microscopio-virtual\/wp-json\/wp\/v2\/media?parent=64"}],"curies":[{"name":"wp","href":"https:\/\/api.w.org\/{rel}","templated":true}]}}