{"id":193,"date":"2019-10-25T17:16:56","date_gmt":"2019-10-25T15:16:56","guid":{"rendered":"http:\/\/grupo.us.es\/derematerialia\/microscopio-virtual\/?page_id=193"},"modified":"2021-01-11T11:25:53","modified_gmt":"2021-01-11T10:25:53","slug":"microscopio-virtual","status":"publish","type":"page","link":"https:\/\/grupo.us.es\/derematerialia\/microscopio-virtual\/","title":{"rendered":"Microscopio Virtual"},"content":{"rendered":"\n<p style=\"text-align: justify;\">La microscop\u00eda \u00f3ptica es una t\u00e9cnica b\u00e1sica para el estudio de los materiales. De hecho, es tan transversal, que es una de las pocas t\u00e9cnicas que se usan en casi todos los campos de la Ciencia.<\/p>\n<p style=\"text-align: justify;\">En Ciencia e Ingenier\u00eda de Materiales, la microscop\u00eda \u00f3ptica permite realizar estudios de an\u00e1lisis de fallos, relaci\u00f3n estructura-propiedades, control de calidad,\u2026.y otros muchos aspectos que abarcan desde el propio desarrollo de un nuevo material, pasando por su producci\u00f3n, fabricaci\u00f3n de piezas, y evaluaci\u00f3n del comportamiento durante su uso.<\/p>\n<p style=\"text-align: justify;\">En esta secci\u00f3n de Derematerialia, recogemos los momentos m\u00e1s significativos de la Historia de la microscop\u00eda, explicamos sus Fundamentos T\u00e9cnicos y, como herramienta principal, incluimos un Microscopio \u00d3ptico Virtual que podr\u00e1 usar para observar las microestructuras de varios de los materiales m\u00e1s ampliamente utilizados en la actualidad. Sin duda, se sorprender\u00e1 con sus estructuras microsc\u00f3picas.<\/p>\n<p style=\"text-align: justify;\">Esperamos que lo disfruten<\/p>\n","protected":false},"excerpt":{"rendered":"<p>La microscop\u00eda \u00f3ptica es una t\u00e9cnica b\u00e1sica para el estudio de los materiales. De hecho, es tan transversal, que es una de las pocas t\u00e9cnicas que se usan en casi todos los campos de la Ciencia. En Ciencia e Ingenier\u00eda de Materiales, la microscop\u00eda \u00f3ptica permite realizar estudios de an\u00e1lisis de fallos, relaci\u00f3n estructura-propiedades, control [&hellip;]<\/p>\n","protected":false},"author":1,"featured_media":0,"parent":0,"menu_order":0,"comment_status":"closed","ping_status":"closed","template":"","meta":{"ngg_post_thumbnail":0,"footnotes":"","_mc_calendar":[]},"_links":{"self":[{"href":"https:\/\/grupo.us.es\/derematerialia\/microscopio-virtual\/wp-json\/wp\/v2\/pages\/193"}],"collection":[{"href":"https:\/\/grupo.us.es\/derematerialia\/microscopio-virtual\/wp-json\/wp\/v2\/pages"}],"about":[{"href":"https:\/\/grupo.us.es\/derematerialia\/microscopio-virtual\/wp-json\/wp\/v2\/types\/page"}],"author":[{"embeddable":true,"href":"https:\/\/grupo.us.es\/derematerialia\/microscopio-virtual\/wp-json\/wp\/v2\/users\/1"}],"replies":[{"embeddable":true,"href":"https:\/\/grupo.us.es\/derematerialia\/microscopio-virtual\/wp-json\/wp\/v2\/comments?post=193"}],"version-history":[{"count":9,"href":"https:\/\/grupo.us.es\/derematerialia\/microscopio-virtual\/wp-json\/wp\/v2\/pages\/193\/revisions"}],"predecessor-version":[{"id":591,"href":"https:\/\/grupo.us.es\/derematerialia\/microscopio-virtual\/wp-json\/wp\/v2\/pages\/193\/revisions\/591"}],"wp:attachment":[{"href":"https:\/\/grupo.us.es\/derematerialia\/microscopio-virtual\/wp-json\/wp\/v2\/media?parent=193"}],"curies":[{"name":"wp","href":"https:\/\/api.w.org\/{rel}","templated":true}]}}