{"id":187,"date":"2019-10-23T20:31:31","date_gmt":"2019-10-23T18:31:31","guid":{"rendered":"http:\/\/grupo.us.es\/derematerialia\/microscopio-virtual\/?page_id=187"},"modified":"2019-10-23T20:31:31","modified_gmt":"2019-10-23T18:31:31","slug":"luz-polarizada","status":"publish","type":"page","link":"https:\/\/grupo.us.es\/derematerialia\/microscopio-virtual\/luz-polarizada\/","title":{"rendered":"Luz polarizada"},"content":{"rendered":"\n<p style=\"text-align: justify;\">La luz es una onda de naturaleza electromagn\u00e9tica, formada por un campo el\u00e9ctrico y otro magn\u00e9tico. Las componentes de ambos campos son perpendiculares entre s\u00ed, y perpendiculares a su vez a la direcci\u00f3n de propagaci\u00f3n de la luz. El campo el\u00e9ctrico es el responsable de la interacci\u00f3n \u00f3ptica entre la luz y la materia. En la luz solar, y en la procedente de la mayor\u00eda de las fuentes artificiales de iluminaci\u00f3n, el campo el\u00e9ctrico vibra en todos los planos perpendiculares a su direcci\u00f3n de propagaci\u00f3n.<\/p>\n<p style=\"text-align: justify;\">Si se restringe la vibraci\u00f3n de la luz a un \u00fanico plano, se dice que la luz est\u00e1 polarizada. El ojo humano es incapaz de distinguir la luz polarizada de la que no lo est\u00e1, \u00fanicamente se detecta un ligero cambio en la intensidad y el color. Por ejemplo, se produce una reducci\u00f3n del deslumbramiento que se origina cuando la luz incide sobre superficies con elevada reflexi\u00f3n (agua, nieve, vidrios y carrocer\u00eda de autom\u00f3viles,\u2026). Dichas superficies polarizan un porcentaje elevado de la luz que reciben en un plano paralelo a ellas. Si se elimina la componente polarizada de la luz reflejada, se mitiga en gran medida el deslumbramiento. \u00c9ste es el fundamento de las conocidas como <em>gafas polarizadas<\/em>.<\/p>\n<p style=\"text-align: justify;\">Para polarizar la luz basta con colocar delante del emisor luminoso un filtro, denominado <em>polarizador<\/em>, que permita la vibraci\u00f3n del campo el\u00e9ctrico en un \u00fanico plano (v\u00e9ase la siguiente figura). Si tras este polarizador se coloca otro girado 90\u00ba con respecto al primero, se impide el paso del campo el\u00e9ctrico de la luz; es decir, la luz se elimina. Al segundo polarizador se le suele denominar <em>analizador<\/em>.<\/p>\n<p><img loading=\"lazy\" decoding=\"async\" class=\"size-full wp-image-153 aligncenter\" src=\"http:\/\/grupo.us.es\/derematerialia\/microscopio-virtual\/wp-content\/uploads\/sites\/7\/2019\/10\/Polarizador-negro.jpg\" alt=\"\" width=\"800\" height=\"600\" srcset=\"https:\/\/grupo.us.es\/derematerialia\/microscopio-virtual\/wp-content\/uploads\/sites\/7\/2019\/10\/Polarizador-negro.jpg 800w, https:\/\/grupo.us.es\/derematerialia\/microscopio-virtual\/wp-content\/uploads\/sites\/7\/2019\/10\/Polarizador-negro-300x225.jpg 300w, https:\/\/grupo.us.es\/derematerialia\/microscopio-virtual\/wp-content\/uploads\/sites\/7\/2019\/10\/Polarizador-negro-768x576.jpg 768w\" sizes=\"(max-width: 800px) 100vw, 800px\" \/><\/p>\n<p style=\"text-align: justify;\">La orientaci\u00f3n relativa entre analizador y polarizador determina la cantidad de luz que atraviesa el conjunto.<\/p>\n<p><img loading=\"lazy\" decoding=\"async\" class=\"size-full wp-image-146 aligncenter\" src=\"http:\/\/grupo.us.es\/derematerialia\/microscopio-virtual\/wp-content\/uploads\/sites\/7\/2019\/10\/Figuras26.jpg\" alt=\"\" width=\"2039\" height=\"641\" srcset=\"https:\/\/grupo.us.es\/derematerialia\/microscopio-virtual\/wp-content\/uploads\/sites\/7\/2019\/10\/Figuras26.jpg 2039w, https:\/\/grupo.us.es\/derematerialia\/microscopio-virtual\/wp-content\/uploads\/sites\/7\/2019\/10\/Figuras26-300x94.jpg 300w, https:\/\/grupo.us.es\/derematerialia\/microscopio-virtual\/wp-content\/uploads\/sites\/7\/2019\/10\/Figuras26-768x241.jpg 768w, https:\/\/grupo.us.es\/derematerialia\/microscopio-virtual\/wp-content\/uploads\/sites\/7\/2019\/10\/Figuras26-1024x322.jpg 1024w, https:\/\/grupo.us.es\/derematerialia\/microscopio-virtual\/wp-content\/uploads\/sites\/7\/2019\/10\/Figuras26-900x283.jpg 900w, https:\/\/grupo.us.es\/derematerialia\/microscopio-virtual\/wp-content\/uploads\/sites\/7\/2019\/10\/Figuras26-1280x402.jpg 1280w\" sizes=\"(max-width: 2039px) 100vw, 2039px\" \/><\/p>\n<p style=\"text-align: justify;\">En microscop\u00eda el polarizador se coloca entre la fuente de luz y el objetivo, mientras que el analizador se sit\u00faa tras dicha lente. Normalmente el polarizador est\u00e1 fijo, y el analizador tiene posibilidad de ser girado. Con esta disposici\u00f3n, la muestra es iluminada con luz polarizada, gracias al polarizador. La intensidad de la imagen observada por el usuario viene determinada por la posici\u00f3n relativa del analizador.<\/p>\n<p><img loading=\"lazy\" decoding=\"async\" class=\"size-full wp-image-144 aligncenter\" src=\"http:\/\/grupo.us.es\/derematerialia\/microscopio-virtual\/wp-content\/uploads\/sites\/7\/2019\/10\/Figuras25.jpg\" alt=\"\" width=\"1259\" height=\"847\" srcset=\"https:\/\/grupo.us.es\/derematerialia\/microscopio-virtual\/wp-content\/uploads\/sites\/7\/2019\/10\/Figuras25.jpg 1259w, https:\/\/grupo.us.es\/derematerialia\/microscopio-virtual\/wp-content\/uploads\/sites\/7\/2019\/10\/Figuras25-300x202.jpg 300w, https:\/\/grupo.us.es\/derematerialia\/microscopio-virtual\/wp-content\/uploads\/sites\/7\/2019\/10\/Figuras25-768x517.jpg 768w, https:\/\/grupo.us.es\/derematerialia\/microscopio-virtual\/wp-content\/uploads\/sites\/7\/2019\/10\/Figuras25-1024x689.jpg 1024w, https:\/\/grupo.us.es\/derematerialia\/microscopio-virtual\/wp-content\/uploads\/sites\/7\/2019\/10\/Figuras25-900x605.jpg 900w\" sizes=\"(max-width: 1259px) 100vw, 1259px\" \/><\/p>\n<p style=\"text-align: justify;\">El uso de luz polarizada en microscop\u00eda \u00f3ptica se fundamenta en la capacidad que tienen las fases \u00f3pticamente anis\u00f3tropas de reflejar la luz polarizada rotando el plano de polarizaci\u00f3n. Si se ilumina con luz polarizada una fase \u00f3pticamente is\u00f3tropa (cualquier fase con estructura cristalina c\u00fabica), la reflexi\u00f3n producida tambi\u00e9n estar\u00e1 polarizada en el mismo plano que la luz incidente. Si el analizador se coloca perpendicularmente al polarizador, el usuario no observar\u00e1 nada, la imagen se extingue. Con la misma posici\u00f3n a 90\u00ba entre polarizador y analizador, una fase anis\u00f3tropa s\u00ed ser\u00eda visible para el usuario, ya que el giro que produce en el plano de polarizaci\u00f3n hace que dicho plano ya no sea perpendicular al analizador. En consecuencia, se produce una disminuci\u00f3n en la intensidad de la luz observada, pero no la extinci\u00f3n de \u00e9sta. Por tanto, este modo de observaci\u00f3n puede emplearse para destacar, y as\u00ed poder identificar, fases anis\u00f3tropas presentes en la muestra.<\/p>\n<table style=\"border-collapse: collapse; width: 100%;\">\n<tbody>\n<tr>\n<td style=\"width: 50%;\"><img loading=\"lazy\" decoding=\"async\" class=\"alignnone size-full wp-image-188\" src=\"http:\/\/grupo.us.es\/derematerialia\/microscopio-virtual\/wp-content\/uploads\/sites\/7\/2019\/10\/15.png\" alt=\"\" width=\"536\" height=\"402\" srcset=\"https:\/\/grupo.us.es\/derematerialia\/microscopio-virtual\/wp-content\/uploads\/sites\/7\/2019\/10\/15.png 536w, https:\/\/grupo.us.es\/derematerialia\/microscopio-virtual\/wp-content\/uploads\/sites\/7\/2019\/10\/15-300x225.png 300w\" sizes=\"(max-width: 536px) 100vw, 536px\" \/><\/td>\n<td style=\"width: 50%;\"><img loading=\"lazy\" decoding=\"async\" class=\"alignnone size-full wp-image-189\" src=\"http:\/\/grupo.us.es\/derematerialia\/microscopio-virtual\/wp-content\/uploads\/sites\/7\/2019\/10\/16.png\" alt=\"\" width=\"537\" height=\"405\" srcset=\"https:\/\/grupo.us.es\/derematerialia\/microscopio-virtual\/wp-content\/uploads\/sites\/7\/2019\/10\/16.png 537w, https:\/\/grupo.us.es\/derematerialia\/microscopio-virtual\/wp-content\/uploads\/sites\/7\/2019\/10\/16-300x226.png 300w\" sizes=\"(max-width: 537px) 100vw, 537px\" \/><\/td>\n<\/tr>\n<\/tbody>\n<\/table>\n<p style=\"text-align: justify;\">Muestra de material (escoria procedente de la fabricaci\u00f3n de acero) observado con campo claro (izq.) y luz polarizada (dcha.). La observaci\u00f3n con luz polarizada revela la presencia de una matriz is\u00f3tropa sobre la que se distribuye una fase anis\u00f3tropa.<\/p>\n<p style=\"text-align: justify;\">Cuando se ilumina con luz polarizada un material anis\u00f3tropo como el Ti, y se sit\u00faa el analizador a 90\u00ba, cada grano del material se observa con diferente color e intensidad, dependiendo de cual sea su orientaci\u00f3n con respecto al haz de luz incidente. Durante un giro completo del analizador, los granos cambian de intensidad, pasando de estar muy iluminados, a extinguirse totalmente. Durante este giro tambi\u00e9n se observan cambios de color. Adem\u00e1s de para obtener im\u00e1genes vistosas, la luz polarizada permite revelar la estructura de granos en materiales anis\u00f3tropos, con la ventaja de que no es necesario atacar las muestras para observarlas con esta t\u00e9cnica.<\/p>\n<table style=\"border-collapse: collapse; width: 100%;\">\n<tbody>\n<tr>\n<td style=\"width: 50%;\"><img loading=\"lazy\" decoding=\"async\" class=\"alignnone size-full wp-image-191\" src=\"http:\/\/grupo.us.es\/derematerialia\/microscopio-virtual\/wp-content\/uploads\/sites\/7\/2019\/10\/titanio-x50.jpg\" alt=\"\" width=\"1600\" height=\"1200\" srcset=\"https:\/\/grupo.us.es\/derematerialia\/microscopio-virtual\/wp-content\/uploads\/sites\/7\/2019\/10\/titanio-x50.jpg 1600w, https:\/\/grupo.us.es\/derematerialia\/microscopio-virtual\/wp-content\/uploads\/sites\/7\/2019\/10\/titanio-x50-300x225.jpg 300w, https:\/\/grupo.us.es\/derematerialia\/microscopio-virtual\/wp-content\/uploads\/sites\/7\/2019\/10\/titanio-x50-768x576.jpg 768w, https:\/\/grupo.us.es\/derematerialia\/microscopio-virtual\/wp-content\/uploads\/sites\/7\/2019\/10\/titanio-x50-1024x768.jpg 1024w, https:\/\/grupo.us.es\/derematerialia\/microscopio-virtual\/wp-content\/uploads\/sites\/7\/2019\/10\/titanio-x50-900x675.jpg 900w, https:\/\/grupo.us.es\/derematerialia\/microscopio-virtual\/wp-content\/uploads\/sites\/7\/2019\/10\/titanio-x50-1280x960.jpg 1280w\" sizes=\"(max-width: 1600px) 100vw, 1600px\" \/><\/td>\n<td style=\"width: 50%;\"><img loading=\"lazy\" decoding=\"async\" class=\"alignnone size-full wp-image-190\" src=\"http:\/\/grupo.us.es\/derematerialia\/microscopio-virtual\/wp-content\/uploads\/sites\/7\/2019\/10\/titanio-x5-luz-polarizada-2.jpg\" alt=\"\" width=\"1600\" height=\"1200\" srcset=\"https:\/\/grupo.us.es\/derematerialia\/microscopio-virtual\/wp-content\/uploads\/sites\/7\/2019\/10\/titanio-x5-luz-polarizada-2.jpg 1600w, https:\/\/grupo.us.es\/derematerialia\/microscopio-virtual\/wp-content\/uploads\/sites\/7\/2019\/10\/titanio-x5-luz-polarizada-2-300x225.jpg 300w, https:\/\/grupo.us.es\/derematerialia\/microscopio-virtual\/wp-content\/uploads\/sites\/7\/2019\/10\/titanio-x5-luz-polarizada-2-768x576.jpg 768w, https:\/\/grupo.us.es\/derematerialia\/microscopio-virtual\/wp-content\/uploads\/sites\/7\/2019\/10\/titanio-x5-luz-polarizada-2-1024x768.jpg 1024w, https:\/\/grupo.us.es\/derematerialia\/microscopio-virtual\/wp-content\/uploads\/sites\/7\/2019\/10\/titanio-x5-luz-polarizada-2-900x675.jpg 900w, https:\/\/grupo.us.es\/derematerialia\/microscopio-virtual\/wp-content\/uploads\/sites\/7\/2019\/10\/titanio-x5-luz-polarizada-2-1280x960.jpg 1280w\" sizes=\"(max-width: 1600px) 100vw, 1600px\" \/><\/td>\n<\/tr>\n<\/tbody>\n<\/table>\n<p style=\"text-align: justify;\">Por \u00faltimo, y como curiosidad, comentar que el uso de filtros polarizadores se ha extendido a multitud de aplicaciones gracias a que <a href=\"https:\/\/es.wikipedia.org\/wiki\/Edwin_Herbert_Land\" target=\"_blank\" rel=\"noopener noreferrer\">Edwin Land<\/a> ($enlace a su p\u00e1gina) descubri\u00f3 el modo de fabricarlos abaratando notablemente su coste. Hoy en d\u00eda estos filtros se emplean no s\u00f3lo en aplicaciones sofisticadas como la microscop\u00eda, sino tambi\u00e9n en objetos m\u00e1s cotidianos como filtros fotogr\u00e1ficos y gafas de sol, para evitar los deslumbramientos. De hecho, una de sus primeras aplicaciones fue en los faros de los autom\u00f3viles, ya que la luz procedente de ellos deslumbraba tanto que los atropellos de peatones, por esta causa, eran muy frecuentes en aquella \u00e9poca. Para la comercializaci\u00f3n de sus filtros, Edwin Land fund\u00f3 su empresa m\u00e1s potente, la <em>Polaroid<\/em> (no hace falta comentar de d\u00f3nde deriva su nombre), aunque este nombre y su fundador se asocian mundialmente a otro de sus inventos m\u00e1s famosos, la c\u00e1mara de fotos instant\u00e1nea (conocida simplemente como <em>c\u00e1mara Polaroid<\/em>).<\/p>\n","protected":false},"excerpt":{"rendered":"<p>La luz es una onda de naturaleza electromagn\u00e9tica, formada por un campo el\u00e9ctrico y otro magn\u00e9tico. Las componentes de ambos campos son perpendiculares entre s\u00ed, y perpendiculares a su vez a la direcci\u00f3n de propagaci\u00f3n de la luz. El campo el\u00e9ctrico es el responsable de la interacci\u00f3n \u00f3ptica entre la luz y la materia. En [&hellip;]<\/p>\n","protected":false},"author":1,"featured_media":0,"parent":0,"menu_order":0,"comment_status":"closed","ping_status":"closed","template":"","meta":{"ngg_post_thumbnail":0,"footnotes":"","_mc_calendar":[]},"_links":{"self":[{"href":"https:\/\/grupo.us.es\/derematerialia\/microscopio-virtual\/wp-json\/wp\/v2\/pages\/187"}],"collection":[{"href":"https:\/\/grupo.us.es\/derematerialia\/microscopio-virtual\/wp-json\/wp\/v2\/pages"}],"about":[{"href":"https:\/\/grupo.us.es\/derematerialia\/microscopio-virtual\/wp-json\/wp\/v2\/types\/page"}],"author":[{"embeddable":true,"href":"https:\/\/grupo.us.es\/derematerialia\/microscopio-virtual\/wp-json\/wp\/v2\/users\/1"}],"replies":[{"embeddable":true,"href":"https:\/\/grupo.us.es\/derematerialia\/microscopio-virtual\/wp-json\/wp\/v2\/comments?post=187"}],"version-history":[{"count":1,"href":"https:\/\/grupo.us.es\/derematerialia\/microscopio-virtual\/wp-json\/wp\/v2\/pages\/187\/revisions"}],"predecessor-version":[{"id":192,"href":"https:\/\/grupo.us.es\/derematerialia\/microscopio-virtual\/wp-json\/wp\/v2\/pages\/187\/revisions\/192"}],"wp:attachment":[{"href":"https:\/\/grupo.us.es\/derematerialia\/microscopio-virtual\/wp-json\/wp\/v2\/media?parent=187"}],"curies":[{"name":"wp","href":"https:\/\/api.w.org\/{rel}","templated":true}]}}