{"id":181,"date":"2019-10-23T20:10:39","date_gmt":"2019-10-23T18:10:39","guid":{"rendered":"http:\/\/grupo.us.es\/derematerialia\/microscopio-virtual\/?page_id=181"},"modified":"2019-10-23T20:10:39","modified_gmt":"2019-10-23T18:10:39","slug":"campo-oscuro","status":"publish","type":"page","link":"https:\/\/grupo.us.es\/derematerialia\/microscopio-virtual\/campo-oscuro\/","title":{"rendered":"Campo oscuro"},"content":{"rendered":"\n<p style=\"text-align: justify;\">La observaci\u00f3n de muestras con campo oscuro da un contraste inverso al obtenido mediante campo claro. De este modo, las partes de la muestra que aparecen claras con una t\u00e9cnica aparecen oscuras en la otra y viceversa.<\/p>\n<p style=\"text-align: justify;\">La base de esta t\u00e9cnica es iluminar a la muestra no perpendicularmente como en campo claro, sino de modo oblicuo. Para conseguirlo, en el camino de la luz se coloca un disco con una abertura anular que produce un anillo de luz con el que se ilumina la muestra.<\/p>\n<p><img loading=\"lazy\" decoding=\"async\" class=\"size-full wp-image-145 aligncenter\" src=\"http:\/\/grupo.us.es\/derematerialia\/microscopio-virtual\/wp-content\/uploads\/sites\/7\/2019\/10\/Figuras25b.jpg\" alt=\"\" width=\"1259\" height=\"830\" srcset=\"https:\/\/grupo.us.es\/derematerialia\/microscopio-virtual\/wp-content\/uploads\/sites\/7\/2019\/10\/Figuras25b.jpg 1259w, https:\/\/grupo.us.es\/derematerialia\/microscopio-virtual\/wp-content\/uploads\/sites\/7\/2019\/10\/Figuras25b-300x198.jpg 300w, https:\/\/grupo.us.es\/derematerialia\/microscopio-virtual\/wp-content\/uploads\/sites\/7\/2019\/10\/Figuras25b-768x506.jpg 768w, https:\/\/grupo.us.es\/derematerialia\/microscopio-virtual\/wp-content\/uploads\/sites\/7\/2019\/10\/Figuras25b-1024x675.jpg 1024w, https:\/\/grupo.us.es\/derematerialia\/microscopio-virtual\/wp-content\/uploads\/sites\/7\/2019\/10\/Figuras25b-900x593.jpg 900w\" sizes=\"(max-width: 1259px) 100vw, 1259px\" \/><\/p>\n<p style=\"text-align: justify;\">Las caracter\u00edsticas de la muestra que son perpendiculares al eje \u00f3ptico del microscopio reflejan la luz con \u00e1ngulos que no son recogidos por el objetivo, por lo que se ver\u00e1n oscuras. Por el contrario, aquellas regiones que no son perpendiculares al eje \u00f3ptico se ven brillantes en la imagen, ya que reflejan la luz en \u00e1ngulos que s\u00ed son recogidos por el objetivo. El campo oscuro se emplea para resaltar l\u00edmites de grano, poros, grietas, inclusiones, maclas,\u2026<\/p>\n<p style=\"text-align: justify;\"><img loading=\"lazy\" decoding=\"async\" class=\"size-full wp-image-149 aligncenter\" src=\"http:\/\/grupo.us.es\/derematerialia\/microscopio-virtual\/wp-content\/uploads\/sites\/7\/2019\/10\/Figuras28.jpg\" alt=\"\" width=\"1395\" height=\"728\" srcset=\"https:\/\/grupo.us.es\/derematerialia\/microscopio-virtual\/wp-content\/uploads\/sites\/7\/2019\/10\/Figuras28.jpg 1395w, https:\/\/grupo.us.es\/derematerialia\/microscopio-virtual\/wp-content\/uploads\/sites\/7\/2019\/10\/Figuras28-300x157.jpg 300w, https:\/\/grupo.us.es\/derematerialia\/microscopio-virtual\/wp-content\/uploads\/sites\/7\/2019\/10\/Figuras28-768x401.jpg 768w, https:\/\/grupo.us.es\/derematerialia\/microscopio-virtual\/wp-content\/uploads\/sites\/7\/2019\/10\/Figuras28-1024x534.jpg 1024w, https:\/\/grupo.us.es\/derematerialia\/microscopio-virtual\/wp-content\/uploads\/sites\/7\/2019\/10\/Figuras28-900x470.jpg 900w, https:\/\/grupo.us.es\/derematerialia\/microscopio-virtual\/wp-content\/uploads\/sites\/7\/2019\/10\/Figuras28-1280x668.jpg 1280w\" sizes=\"(max-width: 1395px) 100vw, 1395px\" \/><\/p>\n<p style=\"text-align: justify;\">La siguiente imagen corresponde a un acero inoxidable austen\u00edtico. Puede observarse que empleando campo claro (imagen de la izquierda) se distinguen con dificultad los l\u00edmites de grano y algunas de las maclas del material. La iluminaci\u00f3n mediante campo oscuro (imagen de la derecha) revela con mayor claridad estas dos caracter\u00edsticas.<\/p>\n<table style=\"border-collapse: collapse; width: 100%;\">\n<tbody>\n<tr>\n<td style=\"width: 50%;\"><img loading=\"lazy\" decoding=\"async\" class=\"alignnone size-full wp-image-182\" src=\"http:\/\/grupo.us.es\/derematerialia\/microscopio-virtual\/wp-content\/uploads\/sites\/7\/2019\/10\/Acero-inoxidable-x40.jpg\" alt=\"\" width=\"1600\" height=\"1200\" srcset=\"https:\/\/grupo.us.es\/derematerialia\/microscopio-virtual\/wp-content\/uploads\/sites\/7\/2019\/10\/Acero-inoxidable-x40.jpg 1600w, https:\/\/grupo.us.es\/derematerialia\/microscopio-virtual\/wp-content\/uploads\/sites\/7\/2019\/10\/Acero-inoxidable-x40-300x225.jpg 300w, https:\/\/grupo.us.es\/derematerialia\/microscopio-virtual\/wp-content\/uploads\/sites\/7\/2019\/10\/Acero-inoxidable-x40-768x576.jpg 768w, https:\/\/grupo.us.es\/derematerialia\/microscopio-virtual\/wp-content\/uploads\/sites\/7\/2019\/10\/Acero-inoxidable-x40-1024x768.jpg 1024w, https:\/\/grupo.us.es\/derematerialia\/microscopio-virtual\/wp-content\/uploads\/sites\/7\/2019\/10\/Acero-inoxidable-x40-900x675.jpg 900w, https:\/\/grupo.us.es\/derematerialia\/microscopio-virtual\/wp-content\/uploads\/sites\/7\/2019\/10\/Acero-inoxidable-x40-1280x960.jpg 1280w\" sizes=\"(max-width: 1600px) 100vw, 1600px\" \/><\/td>\n<td style=\"width: 50%;\"><img loading=\"lazy\" decoding=\"async\" class=\"alignnone size-full wp-image-183\" src=\"http:\/\/grupo.us.es\/derematerialia\/microscopio-virtual\/wp-content\/uploads\/sites\/7\/2019\/10\/Acero-inoxidable-x40-campo-oscuro.jpg\" alt=\"\" width=\"1600\" height=\"1200\" srcset=\"https:\/\/grupo.us.es\/derematerialia\/microscopio-virtual\/wp-content\/uploads\/sites\/7\/2019\/10\/Acero-inoxidable-x40-campo-oscuro.jpg 1600w, https:\/\/grupo.us.es\/derematerialia\/microscopio-virtual\/wp-content\/uploads\/sites\/7\/2019\/10\/Acero-inoxidable-x40-campo-oscuro-300x225.jpg 300w, https:\/\/grupo.us.es\/derematerialia\/microscopio-virtual\/wp-content\/uploads\/sites\/7\/2019\/10\/Acero-inoxidable-x40-campo-oscuro-768x576.jpg 768w, https:\/\/grupo.us.es\/derematerialia\/microscopio-virtual\/wp-content\/uploads\/sites\/7\/2019\/10\/Acero-inoxidable-x40-campo-oscuro-1024x768.jpg 1024w, https:\/\/grupo.us.es\/derematerialia\/microscopio-virtual\/wp-content\/uploads\/sites\/7\/2019\/10\/Acero-inoxidable-x40-campo-oscuro-900x675.jpg 900w, https:\/\/grupo.us.es\/derematerialia\/microscopio-virtual\/wp-content\/uploads\/sites\/7\/2019\/10\/Acero-inoxidable-x40-campo-oscuro-1280x960.jpg 1280w\" sizes=\"(max-width: 1600px) 100vw, 1600px\" \/><\/td>\n<\/tr>\n<\/tbody>\n<\/table>\n<p style=\"text-align: justify;\">Generalmente se obtiene la misma resoluci\u00f3n con ambas t\u00e9cnicas, pero las particularidades que ofrecen un contraste pobre con iluminaci\u00f3n con campo claro, lo aumentan considerablemente con campo oscuro.<\/p>\n<p style=\"text-align: justify;\">El metal duro, tambi\u00e9n conocido como widia, est\u00e1 compuesto de una matriz de Co y part\u00edculas de WC. Las part\u00edculas de WC tienen una dureza muy superior al Co de la matriz, quedando en relieve cuando se realiza la preparaci\u00f3n metalogr\u00e1fica. Esto hace que dichas part\u00edculas se observen con mayor claridad empleando campo oscuro (imagen de la derecha) que usando campo claro (imagen de la izquierda). Obs\u00e9rvese como las part\u00edculas de WC m\u00e1s peque\u00f1as ni siquiera se distinguen con campo claro.<\/p>\n<table style=\"border-collapse: collapse; width: 100%;\">\n<tbody>\n<tr>\n<td style=\"width: 50%;\"><img loading=\"lazy\" decoding=\"async\" class=\"alignnone size-full wp-image-184\" src=\"http:\/\/grupo.us.es\/derematerialia\/microscopio-virtual\/wp-content\/uploads\/sites\/7\/2019\/10\/13.png\" alt=\"\" width=\"596\" height=\"447\" srcset=\"https:\/\/grupo.us.es\/derematerialia\/microscopio-virtual\/wp-content\/uploads\/sites\/7\/2019\/10\/13.png 596w, https:\/\/grupo.us.es\/derematerialia\/microscopio-virtual\/wp-content\/uploads\/sites\/7\/2019\/10\/13-300x225.png 300w\" sizes=\"(max-width: 596px) 100vw, 596px\" \/><\/td>\n<td style=\"width: 50%;\"><img loading=\"lazy\" decoding=\"async\" class=\"alignnone size-full wp-image-185\" src=\"http:\/\/grupo.us.es\/derematerialia\/microscopio-virtual\/wp-content\/uploads\/sites\/7\/2019\/10\/14.png\" alt=\"\" width=\"605\" height=\"446\" srcset=\"https:\/\/grupo.us.es\/derematerialia\/microscopio-virtual\/wp-content\/uploads\/sites\/7\/2019\/10\/14.png 605w, https:\/\/grupo.us.es\/derematerialia\/microscopio-virtual\/wp-content\/uploads\/sites\/7\/2019\/10\/14-300x221.png 300w\" sizes=\"(max-width: 605px) 100vw, 605px\" \/><\/td>\n<\/tr>\n<\/tbody>\n<\/table>\n","protected":false},"excerpt":{"rendered":"<p>La observaci\u00f3n de muestras con campo oscuro da un contraste inverso al obtenido mediante campo claro. De este modo, las partes de la muestra que aparecen claras con una t\u00e9cnica aparecen oscuras en la otra y viceversa. La base de esta t\u00e9cnica es iluminar a la muestra no perpendicularmente como en campo claro, sino de [&hellip;]<\/p>\n","protected":false},"author":1,"featured_media":0,"parent":0,"menu_order":0,"comment_status":"closed","ping_status":"closed","template":"","meta":{"ngg_post_thumbnail":0,"footnotes":"","_mc_calendar":[]},"_links":{"self":[{"href":"https:\/\/grupo.us.es\/derematerialia\/microscopio-virtual\/wp-json\/wp\/v2\/pages\/181"}],"collection":[{"href":"https:\/\/grupo.us.es\/derematerialia\/microscopio-virtual\/wp-json\/wp\/v2\/pages"}],"about":[{"href":"https:\/\/grupo.us.es\/derematerialia\/microscopio-virtual\/wp-json\/wp\/v2\/types\/page"}],"author":[{"embeddable":true,"href":"https:\/\/grupo.us.es\/derematerialia\/microscopio-virtual\/wp-json\/wp\/v2\/users\/1"}],"replies":[{"embeddable":true,"href":"https:\/\/grupo.us.es\/derematerialia\/microscopio-virtual\/wp-json\/wp\/v2\/comments?post=181"}],"version-history":[{"count":1,"href":"https:\/\/grupo.us.es\/derematerialia\/microscopio-virtual\/wp-json\/wp\/v2\/pages\/181\/revisions"}],"predecessor-version":[{"id":186,"href":"https:\/\/grupo.us.es\/derematerialia\/microscopio-virtual\/wp-json\/wp\/v2\/pages\/181\/revisions\/186"}],"wp:attachment":[{"href":"https:\/\/grupo.us.es\/derematerialia\/microscopio-virtual\/wp-json\/wp\/v2\/media?parent=181"}],"curies":[{"name":"wp","href":"https:\/\/api.w.org\/{rel}","templated":true}]}}