{"id":177,"date":"2019-10-23T20:00:04","date_gmt":"2019-10-23T18:00:04","guid":{"rendered":"http:\/\/grupo.us.es\/derematerialia\/microscopio-virtual\/?page_id=177"},"modified":"2019-10-23T20:00:04","modified_gmt":"2019-10-23T18:00:04","slug":"campo-claro","status":"publish","type":"page","link":"https:\/\/grupo.us.es\/derematerialia\/microscopio-virtual\/campo-claro\/","title":{"rendered":"Campo Claro"},"content":{"rendered":"\n<p style=\"text-align: justify;\">\u00c9ste es el m\u00e9todo b\u00e1sico de operaci\u00f3n del microscopio \u00f3ptico de reflexi\u00f3n y es suficiente para la observaci\u00f3n de la mayor\u00eda de las muestras, siempre que posean un contraste inherente o diferencias en color.<\/p>\n<p style=\"text-align: justify;\">En este modo de trabajo, la superficie de la muestra est\u00e1 posicionada perpendicularmente con respecto al eje \u00f3ptico del microscopio, y se utiliza luz blanca.<\/p>\n<p style=\"text-align: justify;\"><img loading=\"lazy\" decoding=\"async\" class=\"alignnone size-full wp-image-148\" src=\"http:\/\/grupo.us.es\/derematerialia\/microscopio-virtual\/wp-content\/uploads\/sites\/7\/2019\/10\/Figuras27b.jpg\" alt=\"\" width=\"2413\" height=\"927\" srcset=\"https:\/\/grupo.us.es\/derematerialia\/microscopio-virtual\/wp-content\/uploads\/sites\/7\/2019\/10\/Figuras27b.jpg 2413w, https:\/\/grupo.us.es\/derematerialia\/microscopio-virtual\/wp-content\/uploads\/sites\/7\/2019\/10\/Figuras27b-300x115.jpg 300w, https:\/\/grupo.us.es\/derematerialia\/microscopio-virtual\/wp-content\/uploads\/sites\/7\/2019\/10\/Figuras27b-768x295.jpg 768w, https:\/\/grupo.us.es\/derematerialia\/microscopio-virtual\/wp-content\/uploads\/sites\/7\/2019\/10\/Figuras27b-1024x393.jpg 1024w, https:\/\/grupo.us.es\/derematerialia\/microscopio-virtual\/wp-content\/uploads\/sites\/7\/2019\/10\/Figuras27b-900x346.jpg 900w, https:\/\/grupo.us.es\/derematerialia\/microscopio-virtual\/wp-content\/uploads\/sites\/7\/2019\/10\/Figuras27b-1280x492.jpg 1280w\" sizes=\"(max-width: 2413px) 100vw, 2413px\" \/><\/p>\n<p style=\"text-align: justify;\">Las caracter\u00edsticas de la muestra que no sean perpendiculares al eje del microscopio producen reflexiones de la luz con \u00e1ngulos tan grandes que hacen que la informaci\u00f3n procedente de estas zonas no pueda ser recogida por el objetivo. El resultado es que estas regiones se ver\u00e1n oscuras o negras. Por el contrario, las superficies de la muestra perpendiculares al eje del microscopio aparecer\u00e1n brillantes.<\/p>\n<p style=\"text-align: justify;\">Como resultado del ataque de las muestras, zonas con elevada energ\u00eda libre, como es el caso concreto de los l\u00edmites de grano, se ven despojadas de un gran n\u00famero de \u00e1tomos, origin\u00e1ndose un surco cuyas paredes no son perpendiculares a la superficie preparada de la muestra.<\/p>\n<p style=\"text-align: justify;\">As\u00ed pues, los l\u00edmites de grano (e indirectamente los granos) son una de las principales caracter\u00edsticas que podr\u00e1n observarse mediante el empleo de campo claro.<\/p>\n<p><img loading=\"lazy\" decoding=\"async\" class=\"size-full wp-image-178\" src=\"http:\/\/grupo.us.es\/derematerialia\/microscopio-virtual\/wp-content\/uploads\/sites\/7\/2019\/10\/x28-x200.jpg\" alt=\"\" width=\"2080\" height=\"1542\" srcset=\"https:\/\/grupo.us.es\/derematerialia\/microscopio-virtual\/wp-content\/uploads\/sites\/7\/2019\/10\/x28-x200.jpg 2080w, https:\/\/grupo.us.es\/derematerialia\/microscopio-virtual\/wp-content\/uploads\/sites\/7\/2019\/10\/x28-x200-300x222.jpg 300w, https:\/\/grupo.us.es\/derematerialia\/microscopio-virtual\/wp-content\/uploads\/sites\/7\/2019\/10\/x28-x200-768x569.jpg 768w, https:\/\/grupo.us.es\/derematerialia\/microscopio-virtual\/wp-content\/uploads\/sites\/7\/2019\/10\/x28-x200-1024x759.jpg 1024w, https:\/\/grupo.us.es\/derematerialia\/microscopio-virtual\/wp-content\/uploads\/sites\/7\/2019\/10\/x28-x200-900x667.jpg 900w, https:\/\/grupo.us.es\/derematerialia\/microscopio-virtual\/wp-content\/uploads\/sites\/7\/2019\/10\/x28-x200-1280x949.jpg 1280w\" sizes=\"(max-width: 2080px) 100vw, 2080px\" \/><\/p>\n<p>\u00a0<\/p>\n<p><img loading=\"lazy\" decoding=\"async\" class=\"size-full wp-image-179\" src=\"http:\/\/grupo.us.es\/derematerialia\/microscopio-virtual\/wp-content\/uploads\/sites\/7\/2019\/10\/y6-x1000.jpg\" alt=\"\" width=\"2080\" height=\"1542\" srcset=\"https:\/\/grupo.us.es\/derematerialia\/microscopio-virtual\/wp-content\/uploads\/sites\/7\/2019\/10\/y6-x1000.jpg 2080w, https:\/\/grupo.us.es\/derematerialia\/microscopio-virtual\/wp-content\/uploads\/sites\/7\/2019\/10\/y6-x1000-300x222.jpg 300w, https:\/\/grupo.us.es\/derematerialia\/microscopio-virtual\/wp-content\/uploads\/sites\/7\/2019\/10\/y6-x1000-768x569.jpg 768w, https:\/\/grupo.us.es\/derematerialia\/microscopio-virtual\/wp-content\/uploads\/sites\/7\/2019\/10\/y6-x1000-1024x759.jpg 1024w, https:\/\/grupo.us.es\/derematerialia\/microscopio-virtual\/wp-content\/uploads\/sites\/7\/2019\/10\/y6-x1000-900x667.jpg 900w, https:\/\/grupo.us.es\/derematerialia\/microscopio-virtual\/wp-content\/uploads\/sites\/7\/2019\/10\/y6-x1000-1280x949.jpg 1280w\" sizes=\"(max-width: 2080px) 100vw, 2080px\" \/><\/p>\n<p style=\"text-align: justify;\">\u00a0<\/p>\n","protected":false},"excerpt":{"rendered":"<p>\u00c9ste es el m\u00e9todo b\u00e1sico de operaci\u00f3n del microscopio \u00f3ptico de reflexi\u00f3n y es suficiente para la observaci\u00f3n de la mayor\u00eda de las muestras, siempre que posean un contraste inherente o diferencias en color. En este modo de trabajo, la superficie de la muestra est\u00e1 posicionada perpendicularmente con respecto al eje \u00f3ptico del microscopio, y [&hellip;]<\/p>\n","protected":false},"author":1,"featured_media":0,"parent":0,"menu_order":0,"comment_status":"closed","ping_status":"closed","template":"","meta":{"ngg_post_thumbnail":0,"footnotes":"","_mc_calendar":[]},"_links":{"self":[{"href":"https:\/\/grupo.us.es\/derematerialia\/microscopio-virtual\/wp-json\/wp\/v2\/pages\/177"}],"collection":[{"href":"https:\/\/grupo.us.es\/derematerialia\/microscopio-virtual\/wp-json\/wp\/v2\/pages"}],"about":[{"href":"https:\/\/grupo.us.es\/derematerialia\/microscopio-virtual\/wp-json\/wp\/v2\/types\/page"}],"author":[{"embeddable":true,"href":"https:\/\/grupo.us.es\/derematerialia\/microscopio-virtual\/wp-json\/wp\/v2\/users\/1"}],"replies":[{"embeddable":true,"href":"https:\/\/grupo.us.es\/derematerialia\/microscopio-virtual\/wp-json\/wp\/v2\/comments?post=177"}],"version-history":[{"count":1,"href":"https:\/\/grupo.us.es\/derematerialia\/microscopio-virtual\/wp-json\/wp\/v2\/pages\/177\/revisions"}],"predecessor-version":[{"id":180,"href":"https:\/\/grupo.us.es\/derematerialia\/microscopio-virtual\/wp-json\/wp\/v2\/pages\/177\/revisions\/180"}],"wp:attachment":[{"href":"https:\/\/grupo.us.es\/derematerialia\/microscopio-virtual\/wp-json\/wp\/v2\/media?parent=177"}],"curies":[{"name":"wp","href":"https:\/\/api.w.org\/{rel}","templated":true}]}}