{"id":168,"date":"2019-10-23T19:45:00","date_gmt":"2019-10-23T17:45:00","guid":{"rendered":"http:\/\/grupo.us.es\/derematerialia\/microscopio-virtual\/?page_id=168"},"modified":"2020-10-30T13:49:48","modified_gmt":"2020-10-30T12:49:48","slug":"resolucion","status":"publish","type":"page","link":"https:\/\/grupo.us.es\/derematerialia\/microscopio-virtual\/resolucion\/","title":{"rendered":"Resoluci\u00f3n"},"content":{"rendered":"\n<p style=\"text-align: justify;\">La resoluci\u00f3n es un factor muy importante a considerar en microscop\u00eda, ya sea \u00f3ptica o electr\u00f3nica. Puede definirse como la capacidad de un sistema para producir im\u00e1genes separadas y distintas de dos puntos muy pr\u00f3ximos. Para cuantificarla se emplea la separaci\u00f3n m\u00ednima a la que pueden situarse dichos puntos para que la imagen resultante siga mostr\u00e1ndolos como objetos independientes; es decir, sin que aparezcan solapados.<\/p>\n<p style=\"text-align: justify;\">Incluso en el caso de que las lentes del microscopio fuesen perfectas, el propio paso de la luz en el interior del microscopio limita su resoluci\u00f3n. El motivo es que cuando la luz procedente de los distintos puntos de la muestra pasa a trav\u00e9s del objetivo para formar la imagen, los puntos aparecen en dicha imagen no como puntos sino como un diagrama de anillos conc\u00e9ntricos conocidos como <em>anillos o diagrama de Airy<\/em>.<\/p>\n<center><img loading=\"lazy\" decoding=\"async\" class=\" wp-image-169 aligncenter\" src=\"http:\/\/grupo.us.es\/derematerialia\/microscopio-virtual\/wp-content\/uploads\/sites\/7\/2019\/10\/10.png\" alt=\"\" width=\"276\" height=\"269\" srcset=\"https:\/\/grupo.us.es\/derematerialia\/microscopio-virtual\/wp-content\/uploads\/sites\/7\/2019\/10\/10.png 365w, https:\/\/grupo.us.es\/derematerialia\/microscopio-virtual\/wp-content\/uploads\/sites\/7\/2019\/10\/10-300x293.png 300w\" sizes=\"(max-width: 276px) 100vw, 276px\" \/><\/center>\n<p>Cuando en el camino de una onda, como la luz, se interpone una ranura u orificio de dimensiones del orden de la longitud de onda de la emisi\u00f3n, se produce una distorsi\u00f3n de la onda denominada difracci\u00f3n. Los puntos de la rendija se convierten en fuentes, emitiendo ondas secundarias denominadas <em>ondas difractadas<\/em> (principio de Huygens). Para distancias no muy pr\u00f3ximas a la apertura (distancia lo suficientemente grande como para que los rayos difractados sean paralelos), el resultado de estas ondas difractadas es lo que se conoce como <em>difracci\u00f3n de Fraunhofer<\/em>. La difracci\u00f3n de Fresnel es la que explica la difracci\u00f3n para distancias muy pr\u00f3ximas al obst\u00e1culo que la produce, pero este caso no es de utilidad en microscop\u00eda \u00f3ptica. El resultado de la difracci\u00f3n de Fraunhofer producida por una apertura circular es un patr\u00f3n conocido, como se mencion\u00f3 anteriormente, como <em>diagrama de Airy<\/em>. \u00c9ste est\u00e1 formado por un punto central (disco de Airy), que contiene el 84% de la intensidad total de la emisi\u00f3n, y una serie de anillos conc\u00e9ntricos.<\/p>\n<p style=\"text-align: justify;\">Por simplicidad, consideremos inicialmente una rendija en lugar de una apertura circular. Si la apertura tiene un tama\u00f1o <em>a<\/em>, la diferencia de caminos entre la onda situada en el extremo inferior de la rendija, y la del extremo superior es <em>a\u00b7sen\u03b8<\/em>.<\/p>\n<table style=\"border-collapse: collapse; width: 100%;\">\n<tbody>\n<tr>\n<td style=\"width: 44.9125%;\"><center><img loading=\"lazy\" decoding=\"async\" class=\"wp-image-136 aligncenter\" src=\"http:\/\/grupo.us.es\/derematerialia\/microscopio-virtual\/wp-content\/uploads\/sites\/7\/2019\/10\/Figuras17.jpg\" alt=\"\" width=\"201\" height=\"258\" srcset=\"https:\/\/grupo.us.es\/derematerialia\/microscopio-virtual\/wp-content\/uploads\/sites\/7\/2019\/10\/Figuras17.jpg 601w, https:\/\/grupo.us.es\/derematerialia\/microscopio-virtual\/wp-content\/uploads\/sites\/7\/2019\/10\/Figuras17-233x300.jpg 233w\" sizes=\"(max-width: 201px) 100vw, 201px\" \/><\/center><\/td>\n<td style=\"width: 55.0875%;\"><center><img loading=\"lazy\" decoding=\"async\" class=\"wp-image-137 aligncenter\" src=\"http:\/\/grupo.us.es\/derematerialia\/microscopio-virtual\/wp-content\/uploads\/sites\/7\/2019\/10\/Figuras18.jpg\" alt=\"\" width=\"241\" height=\"253\" srcset=\"https:\/\/grupo.us.es\/derematerialia\/microscopio-virtual\/wp-content\/uploads\/sites\/7\/2019\/10\/Figuras18.jpg 572w, https:\/\/grupo.us.es\/derematerialia\/microscopio-virtual\/wp-content\/uploads\/sites\/7\/2019\/10\/Figuras18-285x300.jpg 285w\" sizes=\"(max-width: 241px) 100vw, 241px\" \/><\/center><\/td>\n<\/tr>\n<\/tbody>\n<\/table>\n<p style=\"text-align: justify;\">Puede calcularse que la intensidad de la onda difractada viene dada por la expresi\u00f3n:<\/p>\n<center><img loading=\"lazy\" decoding=\"async\" class=\" wp-image-162 aligncenter\" src=\"http:\/\/grupo.us.es\/derematerialia\/microscopio-virtual\/wp-content\/uploads\/sites\/7\/2019\/10\/7.png\" alt=\"\" width=\"185\" height=\"95\" srcset=\"https:\/\/grupo.us.es\/derematerialia\/microscopio-virtual\/wp-content\/uploads\/sites\/7\/2019\/10\/7.png 355w, https:\/\/grupo.us.es\/derematerialia\/microscopio-virtual\/wp-content\/uploads\/sites\/7\/2019\/10\/7-300x153.png 300w\" sizes=\"(max-width: 185px) 100vw, 185px\" \/><\/center>\n<p style=\"text-align: justify;\">donde <em>sen\u03b8<\/em> puede aproximarse, como se muestra en la siguiente figura, por <em>y\/L<\/em>, siendo <em>L<\/em> la distancia desde la apertura hasta el lugar en el que se proyecta la imagen. Por otra parte, <em>I<sub>o<\/sub><\/em> es la intensidad m\u00e1xima.<\/p>\n<center><img loading=\"lazy\" decoding=\"async\" class=\"alignnone  wp-image-135\" src=\"http:\/\/grupo.us.es\/derematerialia\/microscopio-virtual\/wp-content\/uploads\/sites\/7\/2019\/10\/Figuras16.jpg\" alt=\"\" width=\"387\" height=\"189\" srcset=\"https:\/\/grupo.us.es\/derematerialia\/microscopio-virtual\/wp-content\/uploads\/sites\/7\/2019\/10\/Figuras16.jpg 1009w, https:\/\/grupo.us.es\/derematerialia\/microscopio-virtual\/wp-content\/uploads\/sites\/7\/2019\/10\/Figuras16-300x146.jpg 300w, https:\/\/grupo.us.es\/derematerialia\/microscopio-virtual\/wp-content\/uploads\/sites\/7\/2019\/10\/Figuras16-768x374.jpg 768w, https:\/\/grupo.us.es\/derematerialia\/microscopio-virtual\/wp-content\/uploads\/sites\/7\/2019\/10\/Figuras16-900x439.jpg 900w\" sizes=\"(max-width: 387px) 100vw, 387px\" \/><\/center>\n<p style=\"text-align: justify;\">Representando gr\u00e1ficamente esta expresi\u00f3n, por ejemplo para unos valores de <em>L<\/em>=4\u00a0m y <em>a\/\u03bb\u00a0<\/em>=200, se obtiene el patr\u00f3n de intensidad relativa de iluminaci\u00f3n que se forma sobre la pantalla de proyecci\u00f3n y que se muestra en la siguiente figura.<\/p>\n<center><img loading=\"lazy\" decoding=\"async\" class=\"wp-image-170 aligncenter\" src=\"http:\/\/grupo.us.es\/derematerialia\/microscopio-virtual\/wp-content\/uploads\/sites\/7\/2019\/10\/11.png\" alt=\"\" width=\"359\" height=\"307\" \/><\/center>\n<p style=\"text-align: justify;\">Si en lugar de una rendija, se considera una apertura circular, en lugar de obtener bandas con diferente intensidad de iluminaci\u00f3n, tendremos anillos (anillos de Airy), tal y como se muestra en la siguiente figura.<\/p>\n<center><img loading=\"lazy\" decoding=\"async\" class=\" wp-image-139 aligncenter\" src=\"http:\/\/grupo.us.es\/derematerialia\/microscopio-virtual\/wp-content\/uploads\/sites\/7\/2019\/10\/Figuras20.jpg\" alt=\"\" width=\"94\" height=\"154\" \/><\/center>\n<p style=\"text-align: justify;\">Por tanto, la luz procedente de cada una de los puntos de la muestra observada, al pasar por la apertura del objetivo, sufrir\u00e1 difracci\u00f3n. De modo que veremos una imagen constituida por multitud de peque\u00f1os diagramas de Airy, en lugar de estar formada por puntos de luz perfectos. Los diagramas de Airy, para las distancias de proyecci\u00f3n empleadas en microscop\u00eda, son vistos por el ojo humano como puntos, no siendo \u00e9ste capaz de distinguir su forma anular. Recordemos, a este respecto, que el 84% de la intensidad total de la luz se concentra en el punto central del diagrama. Ahora bien, si dos diagramas de Airy se sit\u00faan muy pr\u00f3ximos entre s\u00ed, las ondas de ambos interfieren de modo que el ojo humano no es capaz de distinguirlos como dos entes independientes. La cuantificaci\u00f3n de esa distancia m\u00ednima, o lo que es lo mismo, la cuantificaci\u00f3n de la <em>resoluci\u00f3n<\/em> definida al principio de este apartado, se debe a Lord Rayleigh. El criterio de Rayleigh dice que dos puntos son resolubles justo hasta que el m\u00e1ximo de intensidad del diagrama de Airy correspondiente a un punto, coincide con el primer m\u00ednimo de intensidad del diagrama asociado al otro punto.<\/p>\n<center><img loading=\"lazy\" decoding=\"async\" class=\" wp-image-163 aligncenter\" src=\"http:\/\/grupo.us.es\/derematerialia\/microscopio-virtual\/wp-content\/uploads\/sites\/7\/2019\/10\/8.png\" alt=\"\" width=\"106\" height=\"44\" \/><\/center>\n<p style=\"text-align: justify;\">donde \u03bb es la longitud de onda de la luz empleada como iluminaci\u00f3n, \u03bc es el \u00edndice de refracci\u00f3n del medio en el cual la lente opera (1 para el aire). El producto <em>\u03bc\u00a0sen\u03b8<\/em> es normalmente denominado <em>apertura num\u00e9rica <\/em>(NA).<\/p>\n<center><img loading=\"lazy\" decoding=\"async\" class=\" wp-image-172 aligncenter\" src=\"http:\/\/grupo.us.es\/derematerialia\/microscopio-virtual\/wp-content\/uploads\/sites\/7\/2019\/10\/12.png\" alt=\"\" width=\"397\" height=\"252\" srcset=\"https:\/\/grupo.us.es\/derematerialia\/microscopio-virtual\/wp-content\/uploads\/sites\/7\/2019\/10\/12.png 517w, https:\/\/grupo.us.es\/derematerialia\/microscopio-virtual\/wp-content\/uploads\/sites\/7\/2019\/10\/12-300x190.png 300w\" sizes=\"(max-width: 397px) 100vw, 397px\" \/><\/center><center><img loading=\"lazy\" decoding=\"async\" class=\" wp-image-164 aligncenter\" src=\"http:\/\/grupo.us.es\/derematerialia\/microscopio-virtual\/wp-content\/uploads\/sites\/7\/2019\/10\/31.png\" alt=\"\" width=\"220\" height=\"171\" srcset=\"https:\/\/grupo.us.es\/derematerialia\/microscopio-virtual\/wp-content\/uploads\/sites\/7\/2019\/10\/31.png 366w, https:\/\/grupo.us.es\/derematerialia\/microscopio-virtual\/wp-content\/uploads\/sites\/7\/2019\/10\/31-300x233.png 300w\" sizes=\"(max-width: 220px) 100vw, 220px\" \/><\/center>\n<p style=\"text-align: justify;\">De acuerdo con la ecuaci\u00f3n anterior, para mejorar la resoluci\u00f3n de un microscopio \u00f3ptico (reducir <em>r<\/em>) podemos disminuir \u03bb o aumentar su apertura num\u00e9rica. La luz visible tiene unas longitudes de ondas que van desde los 750\u00a0nm (del rojo) hasta los 375\u00a0nm (del violeta). Empleando luz azul, puede reducirse la longitud de onda hasta unos 400\u00a0nm, pero este tipo de luz no es la m\u00e1s adecuada para el ojo humano, por lo cual es necesario incrementar la apertura num\u00e9rica del microscopio para aumentar su resoluci\u00f3n. Como m\u00e1ximo, usando la apertura m\u00e1s grande posible, <em>sen\u03b8<\/em> puede ser 1. Adem\u00e1s, se puede aumentar el \u00edndice de refracci\u00f3n colocando aceite entre la muestra y el objetivo (es necesario emplear objetivos dise\u00f1ados especialmente para este uso). No obstante, en la pr\u00e1ctica no es usual encontrar objetivos con una apertura num\u00e9rica mayor de 1.6 (porque <em>sen\u03b8<\/em> siempre va a ser menor que 1, y el \u00edndice de refracci\u00f3n de los medios que pueden emplearse rara vez supera el valor de 1.7).<\/p>\n","protected":false},"excerpt":{"rendered":"<p>La resoluci\u00f3n es un factor muy importante a considerar en microscop\u00eda, ya sea \u00f3ptica o electr\u00f3nica. Puede definirse como la capacidad de un sistema para producir im\u00e1genes separadas y distintas de dos puntos muy pr\u00f3ximos. Para cuantificarla se emplea la separaci\u00f3n m\u00ednima a la que pueden situarse dichos puntos para que la imagen resultante siga [&hellip;]<\/p>\n","protected":false},"author":1,"featured_media":0,"parent":0,"menu_order":0,"comment_status":"closed","ping_status":"closed","template":"","meta":{"ngg_post_thumbnail":0,"footnotes":"","_mc_calendar":[]},"_links":{"self":[{"href":"https:\/\/grupo.us.es\/derematerialia\/microscopio-virtual\/wp-json\/wp\/v2\/pages\/168"}],"collection":[{"href":"https:\/\/grupo.us.es\/derematerialia\/microscopio-virtual\/wp-json\/wp\/v2\/pages"}],"about":[{"href":"https:\/\/grupo.us.es\/derematerialia\/microscopio-virtual\/wp-json\/wp\/v2\/types\/page"}],"author":[{"embeddable":true,"href":"https:\/\/grupo.us.es\/derematerialia\/microscopio-virtual\/wp-json\/wp\/v2\/users\/1"}],"replies":[{"embeddable":true,"href":"https:\/\/grupo.us.es\/derematerialia\/microscopio-virtual\/wp-json\/wp\/v2\/comments?post=168"}],"version-history":[{"count":10,"href":"https:\/\/grupo.us.es\/derematerialia\/microscopio-virtual\/wp-json\/wp\/v2\/pages\/168\/revisions"}],"predecessor-version":[{"id":447,"href":"https:\/\/grupo.us.es\/derematerialia\/microscopio-virtual\/wp-json\/wp\/v2\/pages\/168\/revisions\/447"}],"wp:attachment":[{"href":"https:\/\/grupo.us.es\/derematerialia\/microscopio-virtual\/wp-json\/wp\/v2\/media?parent=168"}],"curies":[{"name":"wp","href":"https:\/\/api.w.org\/{rel}","templated":true}]}}