{"id":40,"date":"2019-10-31T13:40:20","date_gmt":"2019-10-31T12:40:20","guid":{"rendered":"http:\/\/grupo.us.es\/derematerialia\/investigacion\/?page_id=40"},"modified":"2019-10-31T13:40:20","modified_gmt":"2019-10-31T12:40:20","slug":"lineas-emergentes","status":"publish","type":"page","link":"https:\/\/grupo.us.es\/derematerialia\/investigacion\/lineas-emergentes\/","title":{"rendered":"L\u00edneas emergentes"},"content":{"rendered":"\n<p style=\"text-align: justify;\">Otras l\u00edneas de investigaci\u00f3n que el Grupo ha iniciado recientemente o se dispone a iniciar en breve son las siguientes:<\/p>\n<ul>\n<li style=\"text-align: justify;\">Fabricaci\u00f3n de imanes permanentes de alta coercitividad mediante consolidaci\u00f3n el\u00e9ctrica.<\/li>\n<li style=\"text-align: justify;\">Fabricaci\u00f3n de compactos mediante CDE de alta tensi\u00f3n.<\/li>\n<li style=\"text-align: justify;\">Fabricaci\u00f3n de polvo aleado mediante criomolienda directa.<\/li>\n<li style=\"text-align: justify;\">Fabricaci\u00f3n de nanopart\u00edculas met\u00e1licas mediante criomolienda indirecta.<\/li>\n<li style=\"text-align: justify;\">Aglomeraci\u00f3n de nanopart\u00edculas mediante secado por pulverizaci\u00f3n.<\/li>\n<\/ul>\n","protected":false},"excerpt":{"rendered":"<p>Otras l\u00edneas de investigaci\u00f3n que el Grupo ha iniciado recientemente o se dispone a iniciar en breve son las siguientes: Fabricaci\u00f3n de imanes permanentes de alta coercitividad mediante consolidaci\u00f3n el\u00e9ctrica. Fabricaci\u00f3n de compactos mediante CDE de alta tensi\u00f3n. Fabricaci\u00f3n de polvo aleado mediante criomolienda directa. Fabricaci\u00f3n de nanopart\u00edculas met\u00e1licas mediante criomolienda indirecta. Aglomeraci\u00f3n de nanopart\u00edculas [&hellip;]<\/p>\n","protected":false},"author":1,"featured_media":0,"parent":0,"menu_order":0,"comment_status":"closed","ping_status":"closed","template":"","meta":{"ngg_post_thumbnail":0,"footnotes":"","_mc_calendar":[]},"_links":{"self":[{"href":"https:\/\/grupo.us.es\/derematerialia\/investigacion\/wp-json\/wp\/v2\/pages\/40"}],"collection":[{"href":"https:\/\/grupo.us.es\/derematerialia\/investigacion\/wp-json\/wp\/v2\/pages"}],"about":[{"href":"https:\/\/grupo.us.es\/derematerialia\/investigacion\/wp-json\/wp\/v2\/types\/page"}],"author":[{"embeddable":true,"href":"https:\/\/grupo.us.es\/derematerialia\/investigacion\/wp-json\/wp\/v2\/users\/1"}],"replies":[{"embeddable":true,"href":"https:\/\/grupo.us.es\/derematerialia\/investigacion\/wp-json\/wp\/v2\/comments?post=40"}],"version-history":[{"count":1,"href":"https:\/\/grupo.us.es\/derematerialia\/investigacion\/wp-json\/wp\/v2\/pages\/40\/revisions"}],"predecessor-version":[{"id":41,"href":"https:\/\/grupo.us.es\/derematerialia\/investigacion\/wp-json\/wp\/v2\/pages\/40\/revisions\/41"}],"wp:attachment":[{"href":"https:\/\/grupo.us.es\/derematerialia\/investigacion\/wp-json\/wp\/v2\/media?parent=40"}],"curies":[{"name":"wp","href":"https:\/\/api.w.org\/{rel}","templated":true}]}}