{"id":38,"date":"2019-10-31T13:39:35","date_gmt":"2019-10-31T12:39:35","guid":{"rendered":"http:\/\/grupo.us.es\/derematerialia\/investigacion\/?page_id=38"},"modified":"2019-11-14T13:05:18","modified_gmt":"2019-11-14T12:05:18","slug":"sintesis-directa-de-materiales-ceramicos-nanoestructurados","status":"publish","type":"page","link":"https:\/\/grupo.us.es\/derematerialia\/investigacion\/sintesis-directa-de-materiales-ceramicos-nanoestructurados\/","title":{"rendered":"S\u00edntesis directa de materiales cer\u00e1micos nanoestructurados"},"content":{"rendered":"\n<p style=\"text-align: justify;\">Obtener materiales cer\u00e1micos tan apreciados como el nitruro de aluminio no es una tarea f\u00e1cil. Esta l\u00ednea de investigaci\u00f3n se centra en el desarrollo de un sencillo proceso de obtenci\u00f3n de AlN mediante la molienda de Al bajo atm\u00f3sferas muy reactivas, seguido de un tratamiento t\u00e9rmico (sinterizado) en vac\u00edo o gas inerte.<\/p>\n<p style=\"text-align: justify;\">De esta forma se han obtenido muestras de AlN con car\u00e1cter nanoestructurado (tama\u00f1o de grano inferior a 8 nm) (ver Figura).<\/p>\n\n\n\n<table class=\"wp-block-table aligncenter\" style=\"width: 80%;\">\n<tbody>\n<tr>\n<td>\n<img decoding=\"async\" src=\"http:\/\/grupo.us.es\/derematerialia\/investigacion\/wp-content\/uploads\/sites\/8\/2019\/11\/Graphical-Abstract.jpg\" alt=\"\" \/>\n<\/td>\n<\/tr>\n<tr>\n<td class=\"pie_img\">Figura. Imagen de microscop\u00eda electr\u00f3nica de transmisi\u00f3n de uno de los compactos de AlN producidos. Se aprecia el tama\u00f1o nanom\u00e9trico de sus cristales.\n<\/td>\n<\/tr>\n<\/tbody>\n<\/table>\n\n\n\n<p style=\"text-align: justify;\"><strong><em>Aplicaciones potenciales<\/em><\/strong><strong>:<\/strong><\/p>\n<ul style=\"text-align: justify;\">\n<li>Disipadores t\u00e9rmicos para circuitos electr\u00f3nicos, dispositivos optoelectr\u00f3nicos,\u2026.<\/li>\n<\/ul>\n<p style=\"text-align: justify;\"><strong><em>Algunas publicaciones relacionadas:<\/em><\/strong><\/p>\n<ul style=\"text-align: justify;\">\n<li>E.S. Caballero, F.G. Cuevas, F. Ternero, R. Astacio, J. M. Montes, J. Cintas, <em>In Situ Synthesis of Al-Based MMCs Reinforced with AlN by Mechanical Alloying under NH<sub>3<\/sub> Gas<\/em>, Materials (2018, 11(5), 823).<\/li>\n<li>E.S. Caballero, J. Cintas, F.G. Cuevas, J. M. Montes, J.M. Gallardo, <em>A new method for synthetizing nanocrystalline aluminium nitride via a solid-gas direct reaction<\/em>, Powder Technology (2016, 287, 341).<\/li>\n<\/ul>\n\n\n\n<p><\/p>\n","protected":false},"excerpt":{"rendered":"<p>Obtener materiales cer\u00e1micos tan apreciados como el nitruro de aluminio no es una tarea f\u00e1cil. Esta l\u00ednea de investigaci\u00f3n se centra en el desarrollo de un sencillo proceso de obtenci\u00f3n de AlN mediante la molienda de Al bajo atm\u00f3sferas muy reactivas, seguido de un tratamiento t\u00e9rmico (sinterizado) en vac\u00edo o gas inerte. De esta forma [&hellip;]<\/p>\n","protected":false},"author":1,"featured_media":0,"parent":0,"menu_order":0,"comment_status":"closed","ping_status":"closed","template":"","meta":{"ngg_post_thumbnail":0,"footnotes":"","_mc_calendar":[]},"_links":{"self":[{"href":"https:\/\/grupo.us.es\/derematerialia\/investigacion\/wp-json\/wp\/v2\/pages\/38"}],"collection":[{"href":"https:\/\/grupo.us.es\/derematerialia\/investigacion\/wp-json\/wp\/v2\/pages"}],"about":[{"href":"https:\/\/grupo.us.es\/derematerialia\/investigacion\/wp-json\/wp\/v2\/types\/page"}],"author":[{"embeddable":true,"href":"https:\/\/grupo.us.es\/derematerialia\/investigacion\/wp-json\/wp\/v2\/users\/1"}],"replies":[{"embeddable":true,"href":"https:\/\/grupo.us.es\/derematerialia\/investigacion\/wp-json\/wp\/v2\/comments?post=38"}],"version-history":[{"count":5,"href":"https:\/\/grupo.us.es\/derematerialia\/investigacion\/wp-json\/wp\/v2\/pages\/38\/revisions"}],"predecessor-version":[{"id":300,"href":"https:\/\/grupo.us.es\/derematerialia\/investigacion\/wp-json\/wp\/v2\/pages\/38\/revisions\/300"}],"wp:attachment":[{"href":"https:\/\/grupo.us.es\/derematerialia\/investigacion\/wp-json\/wp\/v2\/media?parent=38"}],"curies":[{"name":"wp","href":"https:\/\/api.w.org\/{rel}","templated":true}]}}