{"id":24,"date":"2019-10-30T13:56:23","date_gmt":"2019-10-30T12:56:23","guid":{"rendered":"http:\/\/grupo.us.es\/derematerialia\/investigacion\/?page_id=24"},"modified":"2019-12-05T18:38:58","modified_gmt":"2019-12-05T17:38:58","slug":"componentes","status":"publish","type":"page","link":"https:\/\/grupo.us.es\/derematerialia\/investigacion\/componentes\/","title":{"rendered":"Componentes"},"content":{"rendered":"\n<table style=\"border-collapse: collapse; width: 100%; cellpadding: 0px; cellspacing: 0px; border: 0px;\">\n    <tbody>\n        <tr>\n            <td style=\"width: 75%;\">\n                <div style=\"font-size: 30px;\"><a href=\"http:\/\/www.us.es\">UNIVERSIDAD DE SEVILLA<\/a><\/div>\n            <\/td>\n            <td style=\"width: 25%;\"><\/td>\n        <\/tr>\n    <\/tbody>\n<\/table>\n\n\n\n<table style=\"border-collapse: collapse; width: 100%; cellpadding: 0px; cellspacing: 0px; border: 0px;\">\n    <tbody>\n        <tr>\n            <td colspan=\"2\" rowspan=\"3\"><div style=\"font-size: 22px;\">Jes\u00fas Cintas F\u00edsico<\/div>\n            <\/td>\n            <td style=\"width: 5%;\"><img loading=\"lazy\" decoding=\"async\" src=\"http:\/\/grupo.us.es\/derematerialia\/investigacion\/wp-content\/uploads\/sites\/8\/2019\/11\/ORCID_icon_3.png\" alt=\"\" width=\"25\" height=\"25\"><\/td>\n            <td style=\"width: 15%;\"><a href=\"https:\/\/orcid.org\/0000-0002-6661-916X\" target=\"_blank\" rel=\"noopener noreferrer\">ORCID<\/a><\/td>\n            <td style=\"width: 5%;\"><img loading=\"lazy\" decoding=\"async\" src=\"http:\/\/grupo.us.es\/derematerialia\/investigacion\/wp-content\/uploads\/sites\/8\/2019\/11\/researchID_icon_3.png\" alt=\"\" width=\"25\" height=\"25\"><\/td>\n            <td style=\"width: 22%;\"><a href=\"http:\/\/www.researcherid.com\/rid\/H-8429-2015\" target=\"_blank\" rel=\"noopener noreferrer\">ResearcherID<\/a><\/td>\n        <\/tr>\n        <tr>\n            <td style=\"width: 5%;\"><img loading=\"lazy\" decoding=\"async\" src=\"http:\/\/grupo.us.es\/derematerialia\/investigacion\/wp-content\/uploads\/sites\/8\/2019\/11\/scopus_icon_3.png\" alt=\"\" width=\"25\" height=\"25\"><\/td>\n            <td style=\"width: 15%;\"><a href=\"https:\/\/www.scopus.com\/authid\/detail.uri?authorId=7801471194\" target=\"_blank\" rel=\"noopener noreferrer\">SCOPUS<\/a><\/td>\n            <td style=\"width: 5%;\"><img loading=\"lazy\" decoding=\"async\" src=\"http:\/\/grupo.us.es\/derematerialia\/investigacion\/wp-content\/uploads\/sites\/8\/2019\/11\/us_icon_3.png\" alt=\"\" width=\"25\" height=\"25\"><\/td>\n            <td style=\"width: 22%;\"><a href=\"https:\/\/investigacion.us.es\/sisius\/sis_showpub.php?idpers=4532\" target=\"_blank\" rel=\"noopener noreferrer\">SISIUS<\/a><\/td>\n        <\/tr>\n        <tr>\n            <td style=\"width: 5%;\"><img loading=\"lazy\" decoding=\"async\" src=\"http:\/\/grupo.us.es\/derematerialia\/investigacion\/wp-content\/uploads\/sites\/8\/2019\/11\/correo_icon_3.png\" alt=\"\" width=\"25\" height=\"25\"><\/td>\n            <td colspan=\"4\" style=\"width: 42%;\"><a href=\"mailto:jcintas@us.es\">jcintas@us.es<\/a><\/td>\n        <\/tr>\n\n            <\/tbody>\n<\/table>\n\n\n\n<table style=\"border-collapse: collapse; width: 100%; cellpadding: 0px; cellspacing: 0px; border: 0px;\">\n<tbody>\n<tr style=\"height: 33px;\">\n<td style=\"height: 99px;\" colspan=\"2\" rowspan=\"3\">\n<div style=\"font-size: 22px;\">Juan Manuel Montes Martos<\/div>\n<\/td>\n<td style=\"width: 5%; height: 33px;\"><img loading=\"lazy\" decoding=\"async\" src=\"http:\/\/grupo.us.es\/derematerialia\/investigacion\/wp-content\/uploads\/sites\/8\/2019\/11\/ORCID_icon_3.png\" alt=\"\" width=\"25\" height=\"25\"><\/td>\n<td style=\"width: 15%; height: 33px;\"><a href=\"https:\/\/orcid.org\/0000-0002-4103-6291\" target=\"_blank\" rel=\"noopener noreferrer\">ORCID<\/a><\/td>\n<td style=\"width: 5%; height: 33px;\"><img loading=\"lazy\" decoding=\"async\" src=\"http:\/\/grupo.us.es\/derematerialia\/investigacion\/wp-content\/uploads\/sites\/8\/2019\/11\/researchID_icon_3.png\" alt=\"\" width=\"25\" height=\"25\"><\/td>\n<td style=\"width: 22%; height: 33px;\"><a href=\"http:\/\/www.researcherid.com\/rid\/M-1450-2017\" target=\"_blank\" rel=\"noopener noreferrer\">ResearcherID<\/a><\/td>\n<\/tr>\n<tr style=\"height: 33px;\">\n<td style=\"width: 5%; height: 33px;\"><img loading=\"lazy\" decoding=\"async\" src=\"http:\/\/grupo.us.es\/derematerialia\/investigacion\/wp-content\/uploads\/sites\/8\/2019\/11\/scopus_icon_3.png\" alt=\"\" width=\"25\" height=\"25\"><\/td>\n<td style=\"width: 15%; height: 33px;\"><a href=\"https:\/\/www.scopus.com\/authid\/detail.uri?authorId=7101916895\" target=\"_blank\" rel=\"noopener noreferrer\">SCOPUS<\/a><\/td>\n<td style=\"width: 5%; height: 33px;\"><img loading=\"lazy\" decoding=\"async\" src=\"http:\/\/grupo.us.es\/derematerialia\/investigacion\/wp-content\/uploads\/sites\/8\/2019\/11\/us_icon_3.png\" alt=\"\" width=\"25\" height=\"25\"><\/td>\n<td style=\"width: 22%; height: 33px;\"><a href=\"https:\/\/investigacion.us.es\/sisius\/sis_showpub.php?idpers=4533\" target=\"_blank\" rel=\"noopener noreferrer\">SISIUS<\/a><\/td>\n<\/tr>\n<tr style=\"height: 33px;\">\n<td style=\"width: 5%; height: 33px;\"><img loading=\"lazy\" decoding=\"async\" src=\"http:\/\/grupo.us.es\/derematerialia\/investigacion\/wp-content\/uploads\/sites\/8\/2019\/11\/correo_icon_3.png\" alt=\"\" width=\"25\" height=\"25\"><\/td>\n<td style=\"width: 42%; height: 33px;\" colspan=\"4\"><a href=\"jmontes@us.es\">jmontes@us.es<\/a><\/td>\n<\/tr>\n<\/tbody>\n<\/table>\n\n\n\n<table style=\"border-collapse: collapse; width: 100%; cellpadding: 0px; cellspacing: 0px; border: 0px;\">\n<tbody>\n<tr style=\"height: 33px;\">\n<td style=\"height: 99px;\" colspan=\"2\" rowspan=\"3\">\n<div style=\"font-size: 22px;\">Eduardo S\u00e1nchez Caballero<\/div>\n<\/td>\n<td style=\"width: 5%; height: 33px;\"><img loading=\"lazy\" decoding=\"async\" src=\"http:\/\/grupo.us.es\/derematerialia\/investigacion\/wp-content\/uploads\/sites\/8\/2019\/11\/ORCID_icon_3.png\" alt=\"\" width=\"25\" height=\"25\"><\/td>\n<td style=\"width: 15%; height: 33px;\"><a href=\"https:\/\/orcid.org\/0000-0002-3188-1731\" target=\"_blank\" rel=\"noopener noreferrer\">ORCID<\/a><\/td>\n<td style=\"width: 5%; height: 33px;\"><img loading=\"lazy\" decoding=\"async\" src=\"http:\/\/grupo.us.es\/derematerialia\/investigacion\/wp-content\/uploads\/sites\/8\/2019\/11\/researchID_icon_3.png\" alt=\"\" width=\"25\" height=\"25\"><\/td>\n<td style=\"width: 22%; height: 33px;\"><a href=\"http:\/\/www.researcherid.com\/rid\/C-2041-2018\" target=\"_blank\" rel=\"noopener noreferrer\">ResearcherID<\/a><\/td>\n<\/tr>\n<tr style=\"height: 33px;\">\n<td style=\"width: 5%; height: 33px;\"><img loading=\"lazy\" decoding=\"async\" src=\"http:\/\/grupo.us.es\/derematerialia\/investigacion\/wp-content\/uploads\/sites\/8\/2019\/11\/scopus_icon_3.png\" alt=\"\" width=\"25\" height=\"25\"><\/td>\n<td style=\"width: 15%; height: 33px;\"><a href=\"https:\/\/www.scopus.com\/authid\/detail.uri?authorId=50660969900\" target=\"_blank\" rel=\"noopener noreferrer\">SCOPUS<\/a><\/td>\n<td style=\"width: 5%; height: 33px;\"><img loading=\"lazy\" decoding=\"async\" src=\"http:\/\/grupo.us.es\/derematerialia\/investigacion\/wp-content\/uploads\/sites\/8\/2019\/11\/us_icon_3.png\" alt=\"\" width=\"25\" height=\"25\"><\/td>\n<td style=\"width: 22%; height: 33px;\"><a href=\"https:\/\/investigacion.us.es\/sisius\/sis_showpub.php?idpers=16935\" target=\"_blank\" rel=\"noopener noreferrer\">SISIUS<\/a><\/td>\n<\/tr>\n<tr style=\"height: 33px;\">\n<td style=\"width: 5%; height: 33px;\"><img loading=\"lazy\" decoding=\"async\" src=\"http:\/\/grupo.us.es\/derematerialia\/investigacion\/wp-content\/uploads\/sites\/8\/2019\/11\/correo_icon_3.png\" alt=\"\" width=\"25\" height=\"25\"><\/td>\n<td style=\"width: 42%; height: 33px;\" colspan=\"4\"><a href=\"esanchez3@us.es\">esanchez3@us.es<\/a><\/td>\n<\/tr>\n<\/tbody>\n<\/table>\n\n\n\n<table style=\"border-collapse: collapse; width: 100%; cellpadding: 0px; cellspacing: 0px; border: 0px;\">\n<tbody>\n<tr>\n<td colspan=\"2\" rowspan=\"3\">\n<div style=\"font-size: 22px;\">F\u00e1tima Ternero Fern\u00e1ndez<\/div>\n<\/td>\n<td style=\"width: 5%;\"><img loading=\"lazy\" decoding=\"async\" src=\"http:\/\/grupo.us.es\/derematerialia\/investigacion\/wp-content\/uploads\/sites\/8\/2019\/11\/ORCID_icon_3.png\" alt=\"\" width=\"25\" height=\"25\"><\/td>\n<td style=\"width: 15%;\"><a href=\"https:\/\/orcid.org\/0000-0002-9818-1473\" target=\"_blank\" rel=\"noopener noreferrer\">ORCID<\/a><\/td>\n<td style=\"width: 5%;\"><img loading=\"lazy\" decoding=\"async\" src=\"http:\/\/grupo.us.es\/derematerialia\/investigacion\/wp-content\/uploads\/sites\/8\/2019\/11\/researchID_icon_3.png\" alt=\"\" width=\"25\" height=\"25\"><\/td>\n<td style=\"width: 22%;\"><a href=\"http:\/\/www.researcherid.com\/rid\/I-1469-2018\" target=\"_blank\" rel=\"noopener noreferrer\">ResearcherID<\/a><\/td>\n<\/tr>\n<tr>\n<td style=\"width: 5%;\"><img loading=\"lazy\" decoding=\"async\" src=\"http:\/\/grupo.us.es\/derematerialia\/investigacion\/wp-content\/uploads\/sites\/8\/2019\/11\/scopus_icon_3.png\" alt=\"\" width=\"25\" height=\"25\"><\/td>\n<td style=\"width: 15%;\"><a href=\"https:\/\/www.scopus.com\/authid\/detail.uri?authorId=36144563700\" target=\"_blank\" rel=\"noopener noreferrer\">SCOPUS<\/a><\/td>\n<td style=\"width: 5%;\"><img loading=\"lazy\" decoding=\"async\" src=\"http:\/\/grupo.us.es\/derematerialia\/investigacion\/wp-content\/uploads\/sites\/8\/2019\/11\/us_icon_3.png\" alt=\"\" width=\"25\" height=\"25\"><\/td>\n<td style=\"width: 22%;\"><a href=\"https:\/\/investigacion.us.es\/sisius\/sis_showpub.php?idpers=17272\" target=\"_blank\" rel=\"noopener noreferrer\">SISIUS<\/a><\/td>\n<\/tr>\n<tr>\n<td style=\"width: 5%;\"><img loading=\"lazy\" decoding=\"async\" src=\"http:\/\/grupo.us.es\/derematerialia\/investigacion\/wp-content\/uploads\/sites\/8\/2019\/11\/correo_icon_3.png\" alt=\"\" width=\"25\" height=\"25\"><\/td>\n<td style=\"width: 42%;\" colspan=\"4\"><a href=\"fternero@us.es\">fternero@us.es<\/a><\/td>\n<\/tr>\n<\/tbody>\n<\/table>\n\n\n\n<table style=\"border-collapse: collapse; width: 100%; cellpadding: 0px; cellspacing: 0px; border: 0px;\">\n<tbody>\n<tr>\n<td colspan=\"2\" rowspan=\"3\">\n<div style=\"font-size: 22px;\">Petr Urban<\/div>\n<\/td>\n<td style=\"width: 5%;\"><img loading=\"lazy\" decoding=\"async\" src=\"http:\/\/grupo.us.es\/derematerialia\/investigacion\/wp-content\/uploads\/sites\/8\/2019\/11\/ORCID_icon_3.png\" alt=\"\" width=\"25\" height=\"25\"><\/td>\n<td style=\"width: 15%;\"><a href=\"https:\/\/orcid.org\/0000-0002-2106-5378\" target=\"_blank\" rel=\"noopener noreferrer\">ORCID<\/a><\/td>\n<td style=\"width: 5%;\"><img loading=\"lazy\" decoding=\"async\" src=\"http:\/\/grupo.us.es\/derematerialia\/investigacion\/wp-content\/uploads\/sites\/8\/2019\/11\/researchID_icon_3.png\" alt=\"\" width=\"25\" height=\"25\"><\/td>\n<td style=\"width: 22%;\"><a href=\"http:\/\/www.researcherid.com\/rid\/Z-3287-2019\" target=\"_blank\" rel=\"noopener noreferrer\">ResearcherID<\/a><\/td>\n<\/tr>\n<tr>\n<td style=\"width: 5%;\"><img loading=\"lazy\" decoding=\"async\" src=\"http:\/\/grupo.us.es\/derematerialia\/investigacion\/wp-content\/uploads\/sites\/8\/2019\/11\/scopus_icon_3.png\" alt=\"\" width=\"25\" height=\"25\"><\/td>\n<td style=\"width: 15%;\"><a href=\"https:\/\/www.scopus.com\/authid\/detail.uri?authorId=57196557382\" target=\"_blank\" rel=\"noopener noreferrer\">SCOPUS<\/a><\/td>\n<td style=\"width: 5%;\"><img loading=\"lazy\" decoding=\"async\" src=\"http:\/\/grupo.us.es\/derematerialia\/investigacion\/wp-content\/uploads\/sites\/8\/2019\/11\/us_icon_3.png\" alt=\"\" width=\"25\" height=\"25\"><\/td>\n<td style=\"width: 22%;\"><a href=\"https:\/\/investigacion.us.es\/sisius\/sis_showpub.php?idpers=10916\" target=\"_blank\" rel=\"noopener noreferrer\">SISIUS<\/a><\/td>\n<\/tr>\n<tr>\n<td style=\"width: 5%;\"><img loading=\"lazy\" decoding=\"async\" src=\"http:\/\/grupo.us.es\/derematerialia\/investigacion\/wp-content\/uploads\/sites\/8\/2019\/11\/correo_icon_3.png\" alt=\"\" width=\"25\" height=\"25\"><\/td>\n<td style=\"width: 42%;\" colspan=\"4\"><a href=\"purban@us.es\">purban@us.es<\/a><\/td>\n<\/tr>\n<\/tbody>\n<\/table>\n\n\n\n<table style=\"border-collapse: collapse; width: 100%; cellpadding: 0px; cellspacing: 0px; border: 0px;\">\n<tbody>\n<tr>\n<td style=\"width: 53.1002%;\" colspan=\"2\" rowspan=\"3\">\n<div style=\"font-size: 22px;\">Raquel Astacio L\u00f3pez<\/div>\n<\/td>\n<td style=\"width: 5%;\"><img loading=\"lazy\" decoding=\"async\" src=\"http:\/\/grupo.us.es\/derematerialia\/investigacion\/wp-content\/uploads\/sites\/8\/2019\/11\/ORCID_icon_3.png\" alt=\"\" width=\"25\" height=\"25\"><\/td>\n<td style=\"width: 15%;\"><a href=\"https:\/\/orcid.org\/0000-0001-6223-1822\" target=\"_blank\" rel=\"noopener noreferrer\">ORCID<\/a><\/td>\n<td style=\"width: 5%;\"><img loading=\"lazy\" decoding=\"async\" src=\"http:\/\/grupo.us.es\/derematerialia\/investigacion\/wp-content\/uploads\/sites\/8\/2019\/11\/researchID_icon_3.png\" alt=\"\" width=\"25\" height=\"25\"><\/td>\n<td style=\"width: 22%;\"><a href=\"http:\/\/www.researcherid.com\/rid\/Z-3098-2019\" target=\"_blank\" rel=\"noopener noreferrer\">ResearcherID<\/a><\/td>\n<\/tr>\n<tr>\n<td style=\"width: 5%;\"><img loading=\"lazy\" decoding=\"async\" src=\"http:\/\/grupo.us.es\/derematerialia\/investigacion\/wp-content\/uploads\/sites\/8\/2019\/11\/scopus_icon_3.png\" alt=\"\" width=\"25\" height=\"25\"><\/td>\n<td style=\"width: 15%;\"><a href=\"https:\/\/www.scopus.com\/authid\/detail.uri?authorId=57196486518\" target=\"_blank\" rel=\"noopener noreferrer\">SCOPUS<\/a><\/td>\n<td style=\"width: 5%;\"><img loading=\"lazy\" decoding=\"async\" src=\"http:\/\/grupo.us.es\/derematerialia\/investigacion\/wp-content\/uploads\/sites\/8\/2019\/11\/us_icon_3.png\" alt=\"\" width=\"25\" height=\"25\"><\/td>\n<td style=\"width: 22%;\">SISIUS<\/td>\n<\/tr>\n<tr>\n<td style=\"width: 5%;\"><img loading=\"lazy\" decoding=\"async\" src=\"http:\/\/grupo.us.es\/derematerialia\/investigacion\/wp-content\/uploads\/sites\/8\/2019\/11\/correo_icon_3.png\" alt=\"\" width=\"25\" height=\"25\"><\/td>\n<td style=\"width: 43.5898%;\" colspan=\"4\"><a href=\"rastacio@us.es\">rastacio@us.es<\/a><\/td>\n<\/tr>\n<\/tbody>\n<\/table>\n\n\n\n<table style=\"border-collapse: collapse; width: 100%; cellpadding: 0px; cellspacing: 0px; border: 0px;\">\n<tbody>\n<tr style=\"height: 33px;\">\n<td style=\"height: 99px;\" colspan=\"2\" rowspan=\"3\">\n<div style=\"font-size: 22px;\">Francisco Javier de la Vi\u00f1a Reina<\/div>\n<\/td>\n<td style=\"width: 5%; height: 33px;\"><img loading=\"lazy\" decoding=\"async\" src=\"http:\/\/grupo.us.es\/derematerialia\/investigacion\/wp-content\/uploads\/sites\/8\/2019\/11\/ORCID_icon_3.png\" alt=\"\" width=\"25\" height=\"25\"><\/td>\n<td style=\"width: 15%; height: 33px;\"><a href=\"https:\/\/orcid.org\/0000-0003-0002-0071\" target=\"_blank\" rel=\"noopener noreferrer\">ORCID<\/a><\/td>\n<td style=\"width: 5%; height: 33px;\"><img loading=\"lazy\" decoding=\"async\" src=\"http:\/\/grupo.us.es\/derematerialia\/investigacion\/wp-content\/uploads\/sites\/8\/2019\/11\/researchID_icon_3.png\" alt=\"\" width=\"25\" height=\"25\"><\/td>\n<td style=\"width: 22%; height: 33px;\">ResearcherID<\/td>\n<\/tr>\n<tr style=\"height: 33px;\">\n<td style=\"width: 5%; height: 33px;\"><img loading=\"lazy\" decoding=\"async\" src=\"http:\/\/grupo.us.es\/derematerialia\/investigacion\/wp-content\/uploads\/sites\/8\/2019\/11\/scopus_icon_3.png\" alt=\"\" width=\"25\" height=\"25\"><\/td>\n<td style=\"width: 15%; height: 33px;\"><a href=\"https:\/\/www.scopus.com\/authid\/detail.uri?authorId=57195592438\" target=\"_blank\" rel=\"noopener noreferrer\">SCOPUS<\/a><\/td>\n<td style=\"width: 5%; height: 33px;\"><img loading=\"lazy\" decoding=\"async\" src=\"http:\/\/grupo.us.es\/derematerialia\/investigacion\/wp-content\/uploads\/sites\/8\/2019\/11\/us_icon_3.png\" alt=\"\" width=\"25\" height=\"25\"><\/td>\n<td style=\"width: 22%; height: 33px;\">SISIUS<\/td>\n<\/tr>\n<tr style=\"height: 33px;\">\n<td style=\"width: 5%; height: 33px;\"><img loading=\"lazy\" decoding=\"async\" src=\"http:\/\/grupo.us.es\/derematerialia\/investigacion\/wp-content\/uploads\/sites\/8\/2019\/11\/correo_icon_3.png\" alt=\"\" width=\"25\" height=\"25\"><\/td>\n<td style=\"width: 42%; height: 33px;\" colspan=\"4\"><a href=\"frjune10@gmail.com\">frjune@gmail.com<\/a><\/td>\n<\/tr>\n<\/tbody>\n<\/table>\n\n\n\n<p>&nbsp;<\/p>\n<table style=\"border-collapse: collapse; width: 100%; cellpadding: 0px; cellspacing: 0px; border: 0px;\">\n    <tbody>\n        <tr>\n            <td style=\"width: 75%;\"><a href=\"http:\/\/www.uhu.es\">\n                <div style=\"font-size: 30px;\">UNIVERSIDAD DE HUELVA<\/div><\/a>\n            <\/td>\n            <\/tr>\n    <\/tbody>\n<\/table>\n\n\n\n<table style=\"border-collapse: collapse; width: 100%; cellpadding: 0px; cellspacing: 0px; border: 0px;\">\n<tbody>\n<tr>\n<td colspan=\"2\" rowspan=\"3\">\n<div style=\"font-size: 22px;\">Francisco G\u00f3mez Cuevas<\/div>\n<\/td>\n<td style=\"width: 5%;\"><img loading=\"lazy\" decoding=\"async\" src=\"http:\/\/grupo.us.es\/derematerialia\/investigacion\/wp-content\/uploads\/sites\/8\/2019\/11\/ORCID_icon_3.png\" alt=\"\" width=\"25\" height=\"25\"><\/td>\n<td style=\"width: 15%;\"><a href=\"https:\/\/orcid.org\/0000-0002-1167-1569\" target=\"_blank\" rel=\"noopener noreferrer\">ORCID<\/a><\/td>\n<td style=\"width: 5%;\"><img loading=\"lazy\" decoding=\"async\" src=\"http:\/\/grupo.us.es\/derematerialia\/investigacion\/wp-content\/uploads\/sites\/8\/2019\/11\/researchID_icon_3.png\" alt=\"\" width=\"25\" height=\"25\"><\/td>\n<td style=\"width: 22%;\"><a href=\"https:\/\/publons.com\/researcher\/AAB-9031-2019\/\" target=\"_blank\" rel=\"noopener noreferrer\">ResearcherID<\/a><\/td>\n<\/tr>\n<tr>\n<td style=\"width: 5%;\"><img loading=\"lazy\" decoding=\"async\" src=\"http:\/\/grupo.us.es\/derematerialia\/investigacion\/wp-content\/uploads\/sites\/8\/2019\/11\/scopus_icon_3.png\" alt=\"\" width=\"25\" height=\"25\"><\/td>\n<td style=\"width: 15%;\"><a href=\"https:\/\/www.scopus.com\/authid\/detail.uri?authorId=56151350400\" target=\"_blank\" rel=\"noopener noreferrer\">SCOPUS<\/a><\/td>\n<td style=\"width: 5%;\"><img loading=\"lazy\" decoding=\"async\" src=\"http:\/\/grupo.us.es\/derematerialia\/investigacion\/wp-content\/uploads\/sites\/8\/2019\/11\/us_icon_3.png\" alt=\"\" width=\"25\" height=\"25\"><\/td>\n<td style=\"width: 22%;\">SISIUS<\/td>\n<\/tr>\n<tr>\n<td style=\"width: 5%;\"><img loading=\"lazy\" decoding=\"async\" src=\"http:\/\/grupo.us.es\/derematerialia\/investigacion\/wp-content\/uploads\/sites\/8\/2019\/11\/correo_icon_3.png\" alt=\"\" width=\"25\" height=\"25\"><\/td>\n<td style=\"width: 42%;\" colspan=\"4\"><a href=\"fgcuevas@dqcm.uhu.es\">fgcuevas@dqcm.uhu.es<\/a><\/td>\n<\/tr>\n<\/tbody>\n<\/table>\n\n\n\n<table style=\"border-collapse: collapse; width: 100%; cellpadding: 0px; cellspacing: 0px; border: 0px;\">\n<tbody>\n<tr style=\"height: 33px;\">\n<td style=\"height: 99px; width: 53.1002%;\" colspan=\"2\" rowspan=\"3\">\n<div style=\"font-size: 22px;\">Beatriz Aranda Louvier<\/div>\n<\/td>\n<td style=\"width: 5%; height: 33px;\"><img loading=\"lazy\" decoding=\"async\" src=\"http:\/\/grupo.us.es\/derematerialia\/investigacion\/wp-content\/uploads\/sites\/8\/2019\/11\/ORCID_icon_3.png\" alt=\"\" width=\"25\" height=\"25\"><\/td>\n<td style=\"width: 15%; height: 33px;\"><a href=\"https:\/\/orcid.org\/0000-0002-9565-4650\" target=\"_blank\" rel=\"noopener noreferrer\">ORCID<\/a><\/td>\n<td style=\"width: 5%; height: 33px;\"><img loading=\"lazy\" decoding=\"async\" src=\"http:\/\/grupo.us.es\/derematerialia\/investigacion\/wp-content\/uploads\/sites\/8\/2019\/11\/researchID_icon_3.png\" alt=\"\" width=\"25\" height=\"25\"><\/td>\n<td style=\"width: 22%; height: 33px;\">ResearcherID<\/td>\n<\/tr>\n<tr style=\"height: 33px;\">\n<td style=\"width: 5%; height: 33px;\"><img loading=\"lazy\" decoding=\"async\" src=\"http:\/\/grupo.us.es\/derematerialia\/investigacion\/wp-content\/uploads\/sites\/8\/2019\/11\/scopus_icon_3.png\" alt=\"\" width=\"25\" height=\"25\"><\/td>\n<td style=\"width: 15%; height: 33px;\"><a href=\"https:\/\/www.scopus.com\/authid\/detail.uri?authorId=57189492618\" target=\"_blank\" rel=\"noopener noreferrer\">SCOPUS<\/a><\/td>\n<td style=\"width: 5%; height: 33px;\">&nbsp;<\/td>\n<td style=\"width: 22%; height: 33px;\">&nbsp;<\/td>\n<\/tr>\n<tr style=\"height: 33px;\">\n<td style=\"width: 5%; height: 33px;\"><img loading=\"lazy\" decoding=\"async\" src=\"http:\/\/grupo.us.es\/derematerialia\/investigacion\/wp-content\/uploads\/sites\/8\/2019\/11\/correo_icon_3.png\" alt=\"\" width=\"25\" height=\"25\"><\/td>\n<td style=\"width: 43.5898%; height: 33px;\" colspan=\"4\"><a href=\"beatriz@dqcm.uhu.es\">beatriz@dqcm.uhu.es<\/a><\/td>\n<\/tr>\n<\/tbody>\n<\/table>\n\n\n\n<table style=\"border-collapse: collapse; width: 100%; cellpadding: 0px; cellspacing: 0px; border: 0px;\">\n<tbody>\n<tr>\n<td style=\"width: 52.3052%;\" colspan=\"2\" rowspan=\"3\">\n<div style=\"font-size: 22px;\">Rosa Mar\u00eda Aranda Louvier<\/div>\n<\/td>\n<td style=\"width: 5%;\"><img loading=\"lazy\" decoding=\"async\" src=\"http:\/\/grupo.us.es\/derematerialia\/investigacion\/wp-content\/uploads\/sites\/8\/2019\/11\/ORCID_icon_3.png\" alt=\"\" width=\"25\" height=\"25\"><\/td>\n<td style=\"width: 15%;\"><a href=\"https:\/\/orcid.org\/0000-0003-4905-2445\" target=\"_blank\" rel=\"noopener noreferrer\">ORCID<\/a><\/td>\n<td style=\"width: 5%;\"><img loading=\"lazy\" decoding=\"async\" src=\"http:\/\/grupo.us.es\/derematerialia\/investigacion\/wp-content\/uploads\/sites\/8\/2019\/11\/researchID_icon_3.png\" alt=\"\" width=\"25\" height=\"25\"><\/td>\n<td style=\"width: 22%;\">ResearcherID<\/td>\n<\/tr>\n<tr>\n<td style=\"width: 5%;\"><img loading=\"lazy\" decoding=\"async\" src=\"http:\/\/grupo.us.es\/derematerialia\/investigacion\/wp-content\/uploads\/sites\/8\/2019\/11\/scopus_icon_3.png\" alt=\"\" width=\"25\" height=\"25\"><\/td>\n<td style=\"width: 15%;\"><a href=\"https:\/\/www.scopus.com\/authid\/detail.uri?authorId=57207740152\" target=\"_blank\" rel=\"noopener noreferrer\">SCOPUS<\/a><\/td>\n<td style=\"width: 5%;\">&nbsp;<\/td>\n<td style=\"width: 22%;\">&nbsp;<\/td>\n<\/tr>\n<tr>\n<td style=\"width: 5%;\"><img loading=\"lazy\" decoding=\"async\" src=\"http:\/\/grupo.us.es\/derematerialia\/investigacion\/wp-content\/uploads\/sites\/8\/2019\/11\/correo_icon_3.png\" alt=\"\" width=\"25\" height=\"25\"><\/td>\n<td style=\"width: 43.5898%;\" colspan=\"4\"><a href=\"rosamaria.aranda@dqcm.uhu.es\">rosamaria.aranda@dqcm.uhu.es<\/a><\/td>\n<\/tr>\n<\/tbody>\n<\/table>\n\n\n\n<p>&nbsp;<\/p>\n<table style=\"border-collapse: collapse; width: 100%; cellpadding: 0px; cellspacing: 0px; border: 0px;\">\n    <tbody>\n        <tr>\n            <td>\n                <div style=\"font-size: 25px;\"><a href=\"http:\/\/www.psa.es\">PLATAFORMA SOLAR DE ALMERIA- CIEMAT<\/a><\/div>\n            <\/td>\n        <\/tr>\n    <\/tbody>\n<\/table>\n\n\n\n<table style=\"border-collapse: collapse; width: 100%; cellpadding: 0px; cellspacing: 0px; border: 0px;\">\n<tbody>\n<tr style=\"height: 33px;\">\n<td style=\"height: 99px; width: 53.1002%;\" colspan=\"2\" rowspan=\"3\">\n<div style=\"font-size: 22px;\">Inmaculada Ca\u00f1adas Mart\u00ednez<\/div>\n<\/td>\n<td style=\"width: 5%; height: 33px;\"><img loading=\"lazy\" decoding=\"async\" src=\"http:\/\/grupo.us.es\/derematerialia\/investigacion\/wp-content\/uploads\/sites\/8\/2019\/11\/ORCID_icon_3.png\" alt=\"\" width=\"25\" height=\"25\"><\/td>\n<td style=\"width: 15%; height: 33px;\"><a href=\"https:\/\/orcid.org\/0000-0001-8637-1547\" target=\"_blank\" rel=\"noopener noreferrer\">ORCID<\/a><\/td>\n<td style=\"width: 5%; height: 33px;\"><img loading=\"lazy\" decoding=\"async\" src=\"http:\/\/grupo.us.es\/derematerialia\/investigacion\/wp-content\/uploads\/sites\/8\/2019\/11\/researchID_icon_3.png\" alt=\"\" width=\"25\" height=\"25\"><\/td>\n<td style=\"width: 22%; height: 33px;\">ResearcherID<\/td>\n<\/tr>\n<tr style=\"height: 33px;\">\n<td style=\"width: 5%; height: 33px;\"><img loading=\"lazy\" decoding=\"async\" src=\"http:\/\/grupo.us.es\/derematerialia\/investigacion\/wp-content\/uploads\/sites\/8\/2019\/11\/scopus_icon_3.png\" alt=\"\" width=\"25\" height=\"25\"><\/td>\n<td style=\"width: 15%; height: 33px;\"><a href=\"https:\/\/www.scopus.com\/authid\/detail.uri?authorId=24278417800\" target=\"_blank\" rel=\"noopener noreferrer\">SCOPUS<\/a><\/td>\n<td style=\"width: 5%; height: 33px;\">&nbsp;<\/td>\n<td style=\"width: 22%; height: 33px;\">&nbsp;<\/td>\n<\/tr>\n<tr style=\"height: 33px;\">\n<td style=\"width: 5%; height: 33px;\"><img loading=\"lazy\" decoding=\"async\" src=\"http:\/\/grupo.us.es\/derematerialia\/investigacion\/wp-content\/uploads\/sites\/8\/2019\/11\/correo_icon_3.png\" alt=\"\" width=\"25\" height=\"25\"><\/td>\n<td style=\"width: 43.5898%; height: 33px;\" colspan=\"4\"><a href=\"i.canadas@psa.es\">i.canadas@psa.es<\/a><\/td>\n<\/tr>\n<\/tbody>\n<\/table>\n","protected":false},"excerpt":{"rendered":"<p>UNIVERSIDAD DE SEVILLA Jes\u00fas Cintas F\u00edsico ORCID ResearcherID SCOPUS SISIUS jcintas@us.es Juan Manuel Montes Martos ORCID ResearcherID SCOPUS SISIUS jmontes@us.es Eduardo S\u00e1nchez Caballero ORCID ResearcherID SCOPUS SISIUS esanchez3@us.es F\u00e1tima Ternero Fern\u00e1ndez ORCID ResearcherID SCOPUS SISIUS fternero@us.es Petr Urban ORCID ResearcherID SCOPUS SISIUS purban@us.es Raquel Astacio L\u00f3pez ORCID ResearcherID SCOPUS SISIUS rastacio@us.es Francisco Javier de la [&hellip;]<\/p>\n","protected":false},"author":1,"featured_media":0,"parent":0,"menu_order":0,"comment_status":"closed","ping_status":"closed","template":"","meta":{"ngg_post_thumbnail":0,"footnotes":"","_mc_calendar":[]},"_links":{"self":[{"href":"https:\/\/grupo.us.es\/derematerialia\/investigacion\/wp-json\/wp\/v2\/pages\/24"}],"collection":[{"href":"https:\/\/grupo.us.es\/derematerialia\/investigacion\/wp-json\/wp\/v2\/pages"}],"about":[{"href":"https:\/\/grupo.us.es\/derematerialia\/investigacion\/wp-json\/wp\/v2\/types\/page"}],"author":[{"embeddable":true,"href":"https:\/\/grupo.us.es\/derematerialia\/investigacion\/wp-json\/wp\/v2\/users\/1"}],"replies":[{"embeddable":true,"href":"https:\/\/grupo.us.es\/derematerialia\/investigacion\/wp-json\/wp\/v2\/comments?post=24"}],"version-history":[{"count":131,"href":"https:\/\/grupo.us.es\/derematerialia\/investigacion\/wp-json\/wp\/v2\/pages\/24\/revisions"}],"predecessor-version":[{"id":388,"href":"https:\/\/grupo.us.es\/derematerialia\/investigacion\/wp-json\/wp\/v2\/pages\/24\/revisions\/388"}],"wp:attachment":[{"href":"https:\/\/grupo.us.es\/derematerialia\/investigacion\/wp-json\/wp\/v2\/media?parent=24"}],"curies":[{"name":"wp","href":"https:\/\/api.w.org\/{rel}","templated":true}]}}