{"id":22,"date":"2019-10-30T13:53:45","date_gmt":"2019-10-30T12:53:45","guid":{"rendered":"http:\/\/grupo.us.es\/derematerialia\/investigacion\/?page_id=22"},"modified":"2019-11-27T12:31:04","modified_gmt":"2019-11-27T11:31:04","slug":"el-grupo-ima","status":"publish","type":"page","link":"https:\/\/grupo.us.es\/derematerialia\/investigacion\/","title":{"rendered":"El grupo IMA"},"content":{"rendered":"\n<center>\n<img loading=\"lazy\" decoding=\"async\" src=\"http:\/\/grupo.us.es\/derematerialia\/investigacion\/wp-content\/uploads\/sites\/8\/2019\/11\/Logo_ima.png\" alt=\"\" width=\"250\" height=\"162\" \/><center><br>\n\n\n\n<p style=\"text-align: justify;\">El <em>Grupo de Ingenier\u00eda de Materiales Avanzados<\/em> (IMA) es un grupo de investigaci\u00f3n de reciente creaci\u00f3n, abril de 2019. Este Grupo est\u00e1 inscrito con el c\u00f3digo TEP 971 en el Sistema de Informaci\u00f3n Cient\u00edfica de Andaluc\u00eda.<\/p>\n<p style=\"text-align: justify;\">La principal caracter\u00edstica de nuestro Grupo es la multidisciplinariedad. Cuenta con personal con un amplio abanico de formaci\u00f3n acad\u00e9mica, que va desde la Ingenier\u00eda Industrial, a la F\u00edsica, la Qu\u00edmica, la Ingenier\u00eda de Materiales, la Ingenier\u00eda Qu\u00edmica, o la Ingenier\u00eda Civil. Esto tambi\u00e9n se traduce en su especializaci\u00f3n investigadora, ya que dispone de especialistas en modelado y simulaci\u00f3n de procesos, en materiales nanocristalinos, materiales amorfos, t\u00e9cnicas pulvimetal\u00fargicas, sistemas solares de alta concentraci\u00f3n, corrosi\u00f3n y protecci\u00f3n, nanopart\u00edculas, metal duro, etc.<\/p>\n<p style=\"text-align: justify;\">Otra caracter\u00edstica, a destacar, de nuestro Grupo es que no se restringe a una \u00fanica Universidad, sino que se trata de un equipo con investigadores pertenecientes a la Universidad de Sevilla, la Universidad de Huelva, y a la Plataforma Solar de Almer\u00eda. Esta distribuci\u00f3n a nivel regional nos permite tener acceso a los recursos de investigaci\u00f3n disponibles en cada una de estas Instituciones.<\/p>\n<p style=\"text-align: justify;\">El Grupo IMA se ha especializado en diversas l\u00edneas de investigaci\u00f3n que tienen como denominador com\u00fan la b\u00fasqueda de la mejora de las propiedades de los materiales actuando sobre la escala nanom\u00e9trica y empleando t\u00e9cnicas de producci\u00f3n pulvimetal\u00fargicas innovadoras. Nuestro inter\u00e9s se ha centrado fundamentalmente en la optimizaci\u00f3n de propiedades mec\u00e1nicas, qu\u00edmicas y magn\u00e9ticas, pero no se restringe a exclusivamente a ellas.<\/p>\n","protected":false},"excerpt":{"rendered":"<p>El Grupo de Ingenier\u00eda de Materiales Avanzados (IMA) es un grupo de investigaci\u00f3n de reciente creaci\u00f3n, abril de 2019. Este Grupo est\u00e1 inscrito con el c\u00f3digo TEP 971 en el Sistema de Informaci\u00f3n Cient\u00edfica de Andaluc\u00eda. La principal caracter\u00edstica de nuestro Grupo es la multidisciplinariedad. Cuenta con personal con un amplio abanico de formaci\u00f3n acad\u00e9mica, [&hellip;]<\/p>\n","protected":false},"author":1,"featured_media":0,"parent":0,"menu_order":0,"comment_status":"closed","ping_status":"closed","template":"","meta":{"ngg_post_thumbnail":0,"footnotes":"","_mc_calendar":[]},"_links":{"self":[{"href":"https:\/\/grupo.us.es\/derematerialia\/investigacion\/wp-json\/wp\/v2\/pages\/22"}],"collection":[{"href":"https:\/\/grupo.us.es\/derematerialia\/investigacion\/wp-json\/wp\/v2\/pages"}],"about":[{"href":"https:\/\/grupo.us.es\/derematerialia\/investigacion\/wp-json\/wp\/v2\/types\/page"}],"author":[{"embeddable":true,"href":"https:\/\/grupo.us.es\/derematerialia\/investigacion\/wp-json\/wp\/v2\/users\/1"}],"replies":[{"embeddable":true,"href":"https:\/\/grupo.us.es\/derematerialia\/investigacion\/wp-json\/wp\/v2\/comments?post=22"}],"version-history":[{"count":16,"href":"https:\/\/grupo.us.es\/derematerialia\/investigacion\/wp-json\/wp\/v2\/pages\/22\/revisions"}],"predecessor-version":[{"id":367,"href":"https:\/\/grupo.us.es\/derematerialia\/investigacion\/wp-json\/wp\/v2\/pages\/22\/revisions\/367"}],"wp:attachment":[{"href":"https:\/\/grupo.us.es\/derematerialia\/investigacion\/wp-json\/wp\/v2\/media?parent=22"}],"curies":[{"name":"wp","href":"https:\/\/api.w.org\/{rel}","templated":true}]}}