{"id":997,"date":"2019-08-22T10:03:42","date_gmt":"2019-08-22T08:03:42","guid":{"rendered":"http:\/\/grupo.us.es\/derematerialia\/estructuras-cristalinas\/?page_id=997"},"modified":"2019-08-22T10:35:36","modified_gmt":"2019-08-22T08:35:36","slug":"nanotubos","status":"publish","type":"page","link":"https:\/\/grupo.us.es\/derematerialia\/estructuras-cristalinas\/nanotubos\/","title":{"rendered":"Nanotubos"},"content":{"rendered":"\n<p style=\"text-align: justify;\">Para construir fullerenos esferoides son necesarias combinaciones de pent\u00e1gonos y hex\u00e1gonos. Si se prescinde de los pent\u00e1gonos, se obtienen tambi\u00e9n mol\u00e9culas estables en forma de cilindros huecos que se denominan\u00a0<strong><em>nanotubos de carbono<\/em><\/strong><em>.<\/em><\/p>\n<table style=\"border-collapse: collapse; width: 100%;\">\n<tbody>\n<tr>\n<td style=\"width: 50%; background: rgba(255, 255, 2555, 0.0);\"><a href=\"http:\/\/grupo.us.es\/derematerialia\/estructurascristalinas\/5-3-3_1_nanotubos.html\"><img loading=\"lazy\" decoding=\"async\" class=\"size-full wp-image-288 aligncenter\" src=\"http:\/\/grupo.us.es\/derematerialia\/estructuras-cristalinas\/wp-content\/uploads\/sites\/4\/2019\/05\/5-3-3_1_nanotubo_at-peq.jpg\" alt=\"\" width=\"800\" height=\"600\" srcset=\"https:\/\/grupo.us.es\/derematerialia\/estructuras-cristalinas\/wp-content\/uploads\/sites\/4\/2019\/05\/5-3-3_1_nanotubo_at-peq.jpg 800w, https:\/\/grupo.us.es\/derematerialia\/estructuras-cristalinas\/wp-content\/uploads\/sites\/4\/2019\/05\/5-3-3_1_nanotubo_at-peq-300x225.jpg 300w, https:\/\/grupo.us.es\/derematerialia\/estructuras-cristalinas\/wp-content\/uploads\/sites\/4\/2019\/05\/5-3-3_1_nanotubo_at-peq-768x576.jpg 768w\" sizes=\"(max-width: 800px) 100vw, 800px\" \/><\/a><\/td>\n<td style=\"width: 50%; background: rgba(255, 255, 2555, 0.0);\"><a href=\"http:\/\/grupo.us.es\/derematerialia\/estructurascristalinas\/5-3-3_2_nanotubos.html\"><img loading=\"lazy\" decoding=\"async\" class=\"size-full wp-image-289 aligncenter\" src=\"http:\/\/grupo.us.es\/derematerialia\/estructuras-cristalinas\/wp-content\/uploads\/sites\/4\/2019\/05\/5-3-3_2_nanotubo-mixto.jpg\" alt=\"\" width=\"800\" height=\"600\" srcset=\"https:\/\/grupo.us.es\/derematerialia\/estructuras-cristalinas\/wp-content\/uploads\/sites\/4\/2019\/05\/5-3-3_2_nanotubo-mixto.jpg 800w, https:\/\/grupo.us.es\/derematerialia\/estructuras-cristalinas\/wp-content\/uploads\/sites\/4\/2019\/05\/5-3-3_2_nanotubo-mixto-300x225.jpg 300w, https:\/\/grupo.us.es\/derematerialia\/estructuras-cristalinas\/wp-content\/uploads\/sites\/4\/2019\/05\/5-3-3_2_nanotubo-mixto-768x576.jpg 768w\" sizes=\"(max-width: 800px) 100vw, 800px\" \/><\/a><\/td>\n<\/tr>\n<\/tbody>\n<\/table>\n","protected":false},"excerpt":{"rendered":"<p>Para construir fullerenos esferoides son necesarias combinaciones de pent\u00e1gonos y hex\u00e1gonos. Si se prescinde de los pent\u00e1gonos, se obtienen tambi\u00e9n mol\u00e9culas estables en forma de cilindros huecos que se denominan\u00a0nanotubos de carbono.<\/p>\n","protected":false},"author":1,"featured_media":0,"parent":0,"menu_order":0,"comment_status":"closed","ping_status":"closed","template":"","meta":{"ngg_post_thumbnail":0,"footnotes":"","_mc_calendar":[]},"_links":{"self":[{"href":"https:\/\/grupo.us.es\/derematerialia\/estructuras-cristalinas\/wp-json\/wp\/v2\/pages\/997"}],"collection":[{"href":"https:\/\/grupo.us.es\/derematerialia\/estructuras-cristalinas\/wp-json\/wp\/v2\/pages"}],"about":[{"href":"https:\/\/grupo.us.es\/derematerialia\/estructuras-cristalinas\/wp-json\/wp\/v2\/types\/page"}],"author":[{"embeddable":true,"href":"https:\/\/grupo.us.es\/derematerialia\/estructuras-cristalinas\/wp-json\/wp\/v2\/users\/1"}],"replies":[{"embeddable":true,"href":"https:\/\/grupo.us.es\/derematerialia\/estructuras-cristalinas\/wp-json\/wp\/v2\/comments?post=997"}],"version-history":[{"count":2,"href":"https:\/\/grupo.us.es\/derematerialia\/estructuras-cristalinas\/wp-json\/wp\/v2\/pages\/997\/revisions"}],"predecessor-version":[{"id":1029,"href":"https:\/\/grupo.us.es\/derematerialia\/estructuras-cristalinas\/wp-json\/wp\/v2\/pages\/997\/revisions\/1029"}],"wp:attachment":[{"href":"https:\/\/grupo.us.es\/derematerialia\/estructuras-cristalinas\/wp-json\/wp\/v2\/media?parent=997"}],"curies":[{"name":"wp","href":"https:\/\/api.w.org\/{rel}","templated":true}]}}