{"id":994,"date":"2019-08-22T09:12:53","date_gmt":"2019-08-22T07:12:53","guid":{"rendered":"http:\/\/grupo.us.es\/derematerialia\/estructuras-cristalinas\/?page_id=994"},"modified":"2019-08-22T11:09:19","modified_gmt":"2019-08-22T09:09:19","slug":"fullerenos","status":"publish","type":"page","link":"https:\/\/grupo.us.es\/derematerialia\/estructuras-cristalinas\/fullerenos\/","title":{"rendered":"Fullerenos"},"content":{"rendered":"\n<p style=\"text-align: justify;\">Los\u00a0<strong>fullerenos<\/strong>\u00a0son un conjunto de formas alotr\u00f3picas del carbono, diferentes del\u00a0<a href=\"http:\/\/grupo.us.es\/derematerialia\/estructuras-cristalinas\/diamante\/\">diamante<\/a>\u00a0y del\u00a0<a href=\"http:\/\/grupo.us.es\/derematerialia\/estructuras-cristalinas\/grafeno-y-grafito\/\">grafito<\/a>. Fueron descubiertos por primera vez en 1985 por los investigadores R. Curl, H. Kroto y R. Smalley, aunque su existencia ya fue predicha en 1965. Los fullerenos son mol\u00e9culas con formas esferoidales que contienen desde 32 hasta 960 \u00e1tomos de carbono s\u00f3lidos moleculares, muy estables, ya que no poseen enlaces libres, y que dan lugar a s\u00f3lidos moleculares blandos. El arquetipo de estas mol\u00e9culas es la denominada\u00a0<strong><em>buckminsterfullereno<\/em><\/strong>,\u00a0<strong><em>buckybola<\/em><\/strong>\u00a0o\u00a0<strong><em>futboleno<\/em><\/strong>, de f\u00f3rmula C<sub>60<\/sub>.<\/p>\n<table style=\"border-collapse: collapse; width: 100%;\">\n<tbody>\n<tr>\n<td style=\"width: 33.3333%; background: rgba(255, 255, 2555, 0.0);\"><a href=\"http:\/\/grupo.us.es\/derematerialia\/estructurascristalinas\/5-3-2_1.html\"><img loading=\"lazy\" decoding=\"async\" class=\"size-full wp-image-280 aligncenter\" src=\"http:\/\/grupo.us.es\/derematerialia\/estructuras-cristalinas\/wp-content\/uploads\/sites\/4\/2019\/05\/5-3-2_1.jpg\" alt=\"\" width=\"800\" height=\"600\" srcset=\"https:\/\/grupo.us.es\/derematerialia\/estructuras-cristalinas\/wp-content\/uploads\/sites\/4\/2019\/05\/5-3-2_1.jpg 800w, https:\/\/grupo.us.es\/derematerialia\/estructuras-cristalinas\/wp-content\/uploads\/sites\/4\/2019\/05\/5-3-2_1-300x225.jpg 300w, https:\/\/grupo.us.es\/derematerialia\/estructuras-cristalinas\/wp-content\/uploads\/sites\/4\/2019\/05\/5-3-2_1-768x576.jpg 768w\" sizes=\"(max-width: 800px) 100vw, 800px\" \/><\/a><\/td>\n<td style=\"width: 33.3333%; background: rgba(255, 255, 2555, 0.0);\"><a href=\"http:\/\/grupo.us.es\/derematerialia\/estructurascristalinas\/5-3-2_2.html\"><img loading=\"lazy\" decoding=\"async\" class=\"size-full wp-image-281 aligncenter\" src=\"http:\/\/grupo.us.es\/derematerialia\/estructuras-cristalinas\/wp-content\/uploads\/sites\/4\/2019\/05\/5-3-2_2.jpg\" alt=\"\" width=\"800\" height=\"600\" srcset=\"https:\/\/grupo.us.es\/derematerialia\/estructuras-cristalinas\/wp-content\/uploads\/sites\/4\/2019\/05\/5-3-2_2.jpg 800w, https:\/\/grupo.us.es\/derematerialia\/estructuras-cristalinas\/wp-content\/uploads\/sites\/4\/2019\/05\/5-3-2_2-300x225.jpg 300w, https:\/\/grupo.us.es\/derematerialia\/estructuras-cristalinas\/wp-content\/uploads\/sites\/4\/2019\/05\/5-3-2_2-768x576.jpg 768w\" sizes=\"(max-width: 800px) 100vw, 800px\" \/><\/a><\/td>\n<td style=\"width: 33.3333%; background: rgba(255, 255, 2555, 0.0);\"><a href=\"http:\/\/grupo.us.es\/derematerialia\/estructurascristalinas\/5-3-2_3.html\"><img loading=\"lazy\" decoding=\"async\" class=\"size-full wp-image-282 aligncenter\" src=\"http:\/\/grupo.us.es\/derematerialia\/estructuras-cristalinas\/wp-content\/uploads\/sites\/4\/2019\/05\/5-3-2_3.jpg\" alt=\"\" width=\"800\" height=\"600\" srcset=\"https:\/\/grupo.us.es\/derematerialia\/estructuras-cristalinas\/wp-content\/uploads\/sites\/4\/2019\/05\/5-3-2_3.jpg 800w, https:\/\/grupo.us.es\/derematerialia\/estructuras-cristalinas\/wp-content\/uploads\/sites\/4\/2019\/05\/5-3-2_3-300x225.jpg 300w, https:\/\/grupo.us.es\/derematerialia\/estructuras-cristalinas\/wp-content\/uploads\/sites\/4\/2019\/05\/5-3-2_3-768x576.jpg 768w\" sizes=\"(max-width: 800px) 100vw, 800px\" \/><\/a><\/td>\n<\/tr>\n<\/tbody>\n<\/table>\n<p style=\"text-align: justify;\">Otras mol\u00e9culas esferoidales (pero no esferas perfectas) son la C<sub>32<\/sub>, la C<sub>40<\/sub>, C<sub>50<\/sub>, C<sub>58<\/sub>\u00a0y C<sub>70<\/sub>\u00a0y los fullerenos gigantes, C<sub>240<\/sub>, C<sub>540<\/sub>\u00a0y C<sub>960<\/sub>. El futboleno tiene 20 hex\u00e1gonos y el C<sub>70<\/sub>\u00a0tiene 25, pero ambos tienen 12 pent\u00e1gonos.<\/p>\n<table style=\"border-collapse: collapse; width: 100%;\">\n<tbody>\n<tr>\n<td style=\"width: 33.3333%; background: rgba(255, 255, 2555, 0.0);\"><a href=\"http:\/\/grupo.us.es\/derematerialia\/estructurascristalinas\/5-3-2_4.html\"><img loading=\"lazy\" decoding=\"async\" class=\"size-full wp-image-283 aligncenter\" src=\"http:\/\/grupo.us.es\/derematerialia\/estructuras-cristalinas\/wp-content\/uploads\/sites\/4\/2019\/05\/5-3-2_4_C40.jpg\" alt=\"\" width=\"800\" height=\"600\" srcset=\"https:\/\/grupo.us.es\/derematerialia\/estructuras-cristalinas\/wp-content\/uploads\/sites\/4\/2019\/05\/5-3-2_4_C40.jpg 800w, https:\/\/grupo.us.es\/derematerialia\/estructuras-cristalinas\/wp-content\/uploads\/sites\/4\/2019\/05\/5-3-2_4_C40-300x225.jpg 300w, https:\/\/grupo.us.es\/derematerialia\/estructuras-cristalinas\/wp-content\/uploads\/sites\/4\/2019\/05\/5-3-2_4_C40-768x576.jpg 768w\" sizes=\"(max-width: 800px) 100vw, 800px\" \/><\/a><\/td>\n<td style=\"width: 33.3333%; background: rgba(255, 255, 2555, 0.0);\"><a href=\"http:\/\/grupo.us.es\/derematerialia\/estructurascristalinas\/5-3-2_5.html\"><img loading=\"lazy\" decoding=\"async\" class=\"size-full wp-image-284 aligncenter\" src=\"http:\/\/grupo.us.es\/derematerialia\/estructuras-cristalinas\/wp-content\/uploads\/sites\/4\/2019\/05\/5-3-2_5_C60.jpg\" alt=\"\" width=\"800\" height=\"600\" srcset=\"https:\/\/grupo.us.es\/derematerialia\/estructuras-cristalinas\/wp-content\/uploads\/sites\/4\/2019\/05\/5-3-2_5_C60.jpg 800w, https:\/\/grupo.us.es\/derematerialia\/estructuras-cristalinas\/wp-content\/uploads\/sites\/4\/2019\/05\/5-3-2_5_C60-300x225.jpg 300w, https:\/\/grupo.us.es\/derematerialia\/estructuras-cristalinas\/wp-content\/uploads\/sites\/4\/2019\/05\/5-3-2_5_C60-768x576.jpg 768w\" sizes=\"(max-width: 800px) 100vw, 800px\" \/><\/a><\/td>\n<td style=\"width: 33.3333%; background: rgba(255, 255, 2555, 0.0);\"><a href=\"http:\/\/grupo.us.es\/derematerialia\/estructurascristalinas\/5-3-2_6.html\"><img loading=\"lazy\" decoding=\"async\" class=\"size-full wp-image-285 aligncenter\" src=\"http:\/\/grupo.us.es\/derematerialia\/estructuras-cristalinas\/wp-content\/uploads\/sites\/4\/2019\/05\/5-3-2_6_C540.jpg\" alt=\"\" width=\"800\" height=\"600\" srcset=\"https:\/\/grupo.us.es\/derematerialia\/estructuras-cristalinas\/wp-content\/uploads\/sites\/4\/2019\/05\/5-3-2_6_C540.jpg 800w, https:\/\/grupo.us.es\/derematerialia\/estructuras-cristalinas\/wp-content\/uploads\/sites\/4\/2019\/05\/5-3-2_6_C540-300x225.jpg 300w, https:\/\/grupo.us.es\/derematerialia\/estructuras-cristalinas\/wp-content\/uploads\/sites\/4\/2019\/05\/5-3-2_6_C540-768x576.jpg 768w\" sizes=\"(max-width: 800px) 100vw, 800px\" \/><\/a><\/td>\n<\/tr>\n<\/tbody>\n<\/table>\n<p style=\"text-align: justify;\">Mas la importancia de los fullerenos no reside exclusivamente en sus curiosas estructuras, sino en las propiedades de los materiales macrosc\u00f3picos a que pueden dar lugar. En este sentido, el futboleno cristaliza seg\u00fan una red de Bravais CCC denominada\u00a0<strong><em>fullerita<\/em><\/strong>.<\/p>\n<center><a href=\"http:\/\/grupo.us.es\/derematerialia\/estructurascristalinas\/5-3-2_7.html\"><img loading=\"lazy\" decoding=\"async\" class=\"wp-image-286 aligncenter\" src=\"http:\/\/grupo.us.es\/derematerialia\/estructuras-cristalinas\/wp-content\/uploads\/sites\/4\/2019\/05\/5-3-2_7_C60_cristal.jpg\" alt=\"\" width=\"359\" height=\"270\" srcset=\"https:\/\/grupo.us.es\/derematerialia\/estructuras-cristalinas\/wp-content\/uploads\/sites\/4\/2019\/05\/5-3-2_7_C60_cristal.jpg 800w, https:\/\/grupo.us.es\/derematerialia\/estructuras-cristalinas\/wp-content\/uploads\/sites\/4\/2019\/05\/5-3-2_7_C60_cristal-300x225.jpg 300w, https:\/\/grupo.us.es\/derematerialia\/estructuras-cristalinas\/wp-content\/uploads\/sites\/4\/2019\/05\/5-3-2_7_C60_cristal-768x576.jpg 768w\" sizes=\"(max-width: 359px) 100vw, 359px\" \/><\/a><\/center>\n<p style=\"text-align: justify;\">Las fulleritas puras son aislantes; ahora bien, impurificadas con \u00e1tomos de metales alcalinos se comportan como semiconductores y hasta como superconductores. Un ejemplo lo constituye el K<sub>3<\/sub>C<sub>60<\/sub>, que puede obtenerse disponiendo las mol\u00e9culas de C60 en las posiciones propias de una red CCC y situando \u00e1tomos de K en los intersticios tetra\u00e9dricos como en los octa\u00e9dricos. El potasio puede ser reemplazado por rubidio o talio. En cualquiera de estos casos, el material exhibe, a muy bajas temperaturas, propiedades superconductoras.<\/p>\n<center><a href=\"http:\/\/grupo.us.es\/derematerialia\/estructurascristalinas\/5-3-2_8.html\"><img loading=\"lazy\" decoding=\"async\" class=\"wp-image-287 aligncenter\" src=\"http:\/\/grupo.us.es\/derematerialia\/estructuras-cristalinas\/wp-content\/uploads\/sites\/4\/2019\/05\/5-3-2_8_K3C60.jpg\" alt=\"\" width=\"350\" height=\"277\" \/><\/a><\/center>\n","protected":false},"excerpt":{"rendered":"<p>Los\u00a0fullerenos\u00a0son un conjunto de formas alotr\u00f3picas del carbono, diferentes del\u00a0diamante\u00a0y del\u00a0grafito. Fueron descubiertos por primera vez en 1985 por los investigadores R. Curl, H. Kroto y R. Smalley, aunque su existencia ya fue predicha en 1965. Los fullerenos son mol\u00e9culas con formas esferoidales que contienen desde 32 hasta 960 \u00e1tomos de carbono s\u00f3lidos moleculares, muy [&hellip;]<\/p>\n","protected":false},"author":1,"featured_media":0,"parent":0,"menu_order":0,"comment_status":"closed","ping_status":"closed","template":"","meta":{"ngg_post_thumbnail":0,"footnotes":"","_mc_calendar":[]},"_links":{"self":[{"href":"https:\/\/grupo.us.es\/derematerialia\/estructuras-cristalinas\/wp-json\/wp\/v2\/pages\/994"}],"collection":[{"href":"https:\/\/grupo.us.es\/derematerialia\/estructuras-cristalinas\/wp-json\/wp\/v2\/pages"}],"about":[{"href":"https:\/\/grupo.us.es\/derematerialia\/estructuras-cristalinas\/wp-json\/wp\/v2\/types\/page"}],"author":[{"embeddable":true,"href":"https:\/\/grupo.us.es\/derematerialia\/estructuras-cristalinas\/wp-json\/wp\/v2\/users\/1"}],"replies":[{"embeddable":true,"href":"https:\/\/grupo.us.es\/derematerialia\/estructuras-cristalinas\/wp-json\/wp\/v2\/comments?post=994"}],"version-history":[{"count":5,"href":"https:\/\/grupo.us.es\/derematerialia\/estructuras-cristalinas\/wp-json\/wp\/v2\/pages\/994\/revisions"}],"predecessor-version":[{"id":1031,"href":"https:\/\/grupo.us.es\/derematerialia\/estructuras-cristalinas\/wp-json\/wp\/v2\/pages\/994\/revisions\/1031"}],"wp:attachment":[{"href":"https:\/\/grupo.us.es\/derematerialia\/estructuras-cristalinas\/wp-json\/wp\/v2\/media?parent=994"}],"curies":[{"name":"wp","href":"https:\/\/api.w.org\/{rel}","templated":true}]}}