{"id":992,"date":"2019-08-22T09:07:36","date_gmt":"2019-08-22T07:07:36","guid":{"rendered":"http:\/\/grupo.us.es\/derematerialia\/estructuras-cristalinas\/?page_id=992"},"modified":"2019-08-22T10:29:33","modified_gmt":"2019-08-22T08:29:33","slug":"grafeno-y-grafito","status":"publish","type":"page","link":"https:\/\/grupo.us.es\/derematerialia\/estructuras-cristalinas\/grafeno-y-grafito\/","title":{"rendered":"Grafeno y Grafito"},"content":{"rendered":"\n<p style=\"text-align: justify;\">A diferencia del\u00a0<a href=\"http:\/\/grupo.us.es\/derematerialia\/estructuras-cristalinas\/diamante\/\">diamante<\/a>, en el\u00a0<strong>grafito<\/strong>\u00a0los \u00e1tomos de carbono forman anillos de seis lados, que se unen entre s\u00ed como si fuesen baldosas hexagonales, dando lugar a l\u00e1minas planas. Cada una de estas l\u00e1minas se denomina\u00a0<em>grafeno<\/em>.<\/p>\n<p style=\"text-align: justify;\">Cada \u00e1tomo de carbono tiene entonces tres vecinos cercanos, dispuestos en \u00e1ngulos de 120\u00ba, y con los que comparte un par de electrones con cada uno de ellos. El cuarto electr\u00f3n de valencia de cada \u00e1tomo se encuentra tambi\u00e9n enlazado, pero de forma m\u00e1s d\u00e9bil y no localizada, dando lugar a estructuras de enlaces resonantes. Son estos\u00a0<strong>electrones deslocalizados<\/strong>\u00a0los que\u00a0<strong>permiten la conducci\u00f3n el\u00e9ctrica a lo largo de una l\u00e1mina<\/strong>, y los responsables del color negro, con brillo met\u00e1lico, caracter\u00edstico del grafito.<\/p>\n<table style=\"border-collapse: collapse; width: 100%;\">\n<tbody>\n<tr>\n<td style=\"width: 33.3333%; background: rgba(255, 255, 2555, 0.0);\"><a href=\"http:\/\/grupo.us.es\/derematerialia\/estructurascristalinas\/5-3-1_1.html\"><img loading=\"lazy\" decoding=\"async\" class=\"size-full wp-image-277 aligncenter\" src=\"http:\/\/grupo.us.es\/derematerialia\/estructuras-cristalinas\/wp-content\/uploads\/sites\/4\/2019\/05\/5-3-1_1.jpg\" alt=\"\" width=\"800\" height=\"600\" srcset=\"https:\/\/grupo.us.es\/derematerialia\/estructuras-cristalinas\/wp-content\/uploads\/sites\/4\/2019\/05\/5-3-1_1.jpg 800w, https:\/\/grupo.us.es\/derematerialia\/estructuras-cristalinas\/wp-content\/uploads\/sites\/4\/2019\/05\/5-3-1_1-300x225.jpg 300w, https:\/\/grupo.us.es\/derematerialia\/estructuras-cristalinas\/wp-content\/uploads\/sites\/4\/2019\/05\/5-3-1_1-768x576.jpg 768w\" sizes=\"(max-width: 800px) 100vw, 800px\" \/><\/a><\/td>\n<td style=\"width: 33.3333%; background: rgba(255, 255, 2555, 0.0);\"><a href=\"http:\/\/grupo.us.es\/derematerialia\/estructurascristalinas\/5-3-1_3.html\"><img loading=\"lazy\" decoding=\"async\" class=\"size-full wp-image-278 aligncenter\" src=\"http:\/\/grupo.us.es\/derematerialia\/estructuras-cristalinas\/wp-content\/uploads\/sites\/4\/2019\/05\/5-3-1_2.jpg\" alt=\"\" width=\"800\" height=\"600\" srcset=\"https:\/\/grupo.us.es\/derematerialia\/estructuras-cristalinas\/wp-content\/uploads\/sites\/4\/2019\/05\/5-3-1_2.jpg 800w, https:\/\/grupo.us.es\/derematerialia\/estructuras-cristalinas\/wp-content\/uploads\/sites\/4\/2019\/05\/5-3-1_2-300x225.jpg 300w, https:\/\/grupo.us.es\/derematerialia\/estructuras-cristalinas\/wp-content\/uploads\/sites\/4\/2019\/05\/5-3-1_2-768x576.jpg 768w\" sizes=\"(max-width: 800px) 100vw, 800px\" \/><\/a><\/td>\n<td style=\"width: 33.3333%; background: rgba(255, 255, 2555, 0.0);\"><img loading=\"lazy\" decoding=\"async\" class=\"size-full wp-image-279 aligncenter\" src=\"http:\/\/grupo.us.es\/derematerialia\/estructuras-cristalinas\/wp-content\/uploads\/sites\/4\/2019\/05\/5-3-1_3.jpg\" alt=\"\" width=\"800\" height=\"600\" srcset=\"https:\/\/grupo.us.es\/derematerialia\/estructuras-cristalinas\/wp-content\/uploads\/sites\/4\/2019\/05\/5-3-1_3.jpg 800w, https:\/\/grupo.us.es\/derematerialia\/estructuras-cristalinas\/wp-content\/uploads\/sites\/4\/2019\/05\/5-3-1_3-300x225.jpg 300w, https:\/\/grupo.us.es\/derematerialia\/estructuras-cristalinas\/wp-content\/uploads\/sites\/4\/2019\/05\/5-3-1_3-768x576.jpg 768w\" sizes=\"(max-width: 800px) 100vw, 800px\" \/><\/td>\n<\/tr>\n<\/tbody>\n<\/table>\n<p style=\"text-align: justify;\">Las distintas\u00a0<strong>l\u00e1minas<\/strong>\u00a0se mantienen\u00a0<strong>unidas<\/strong>\u00a0entre s\u00ed\u00a0<strong>por fuerzas de Van der Waals<\/strong>. Estas fuerzas de atracci\u00f3n son s\u00f3lo ligeramente superiores a las fuerzas de cohesi\u00f3n de los l\u00edquidos, de lo que resulta que la distancia entre l\u00e1mina y l\u00e1mina sea m\u00e1s del doble de la distancia de enlace entre \u00e1tomos de carbono en la l\u00e1mina.<\/p>\n","protected":false},"excerpt":{"rendered":"<p>A diferencia del\u00a0diamante, en el\u00a0grafito\u00a0los \u00e1tomos de carbono forman anillos de seis lados, que se unen entre s\u00ed como si fuesen baldosas hexagonales, dando lugar a l\u00e1minas planas. Cada una de estas l\u00e1minas se denomina\u00a0grafeno. Cada \u00e1tomo de carbono tiene entonces tres vecinos cercanos, dispuestos en \u00e1ngulos de 120\u00ba, y con los que comparte un [&hellip;]<\/p>\n","protected":false},"author":1,"featured_media":0,"parent":0,"menu_order":0,"comment_status":"closed","ping_status":"closed","template":"","meta":{"ngg_post_thumbnail":0,"footnotes":"","_mc_calendar":[]},"_links":{"self":[{"href":"https:\/\/grupo.us.es\/derematerialia\/estructuras-cristalinas\/wp-json\/wp\/v2\/pages\/992"}],"collection":[{"href":"https:\/\/grupo.us.es\/derematerialia\/estructuras-cristalinas\/wp-json\/wp\/v2\/pages"}],"about":[{"href":"https:\/\/grupo.us.es\/derematerialia\/estructuras-cristalinas\/wp-json\/wp\/v2\/types\/page"}],"author":[{"embeddable":true,"href":"https:\/\/grupo.us.es\/derematerialia\/estructuras-cristalinas\/wp-json\/wp\/v2\/users\/1"}],"replies":[{"embeddable":true,"href":"https:\/\/grupo.us.es\/derematerialia\/estructuras-cristalinas\/wp-json\/wp\/v2\/comments?post=992"}],"version-history":[{"count":2,"href":"https:\/\/grupo.us.es\/derematerialia\/estructuras-cristalinas\/wp-json\/wp\/v2\/pages\/992\/revisions"}],"predecessor-version":[{"id":1027,"href":"https:\/\/grupo.us.es\/derematerialia\/estructuras-cristalinas\/wp-json\/wp\/v2\/pages\/992\/revisions\/1027"}],"wp:attachment":[{"href":"https:\/\/grupo.us.es\/derematerialia\/estructuras-cristalinas\/wp-json\/wp\/v2\/media?parent=992"}],"curies":[{"name":"wp","href":"https:\/\/api.w.org\/{rel}","templated":true}]}}