{"id":990,"date":"2019-08-21T11:33:56","date_gmt":"2019-08-21T09:33:56","guid":{"rendered":"http:\/\/grupo.us.es\/derematerialia\/estructuras-cristalinas\/?page_id=990"},"modified":"2019-08-22T10:28:59","modified_gmt":"2019-08-22T08:28:59","slug":"talco-y-caolinita","status":"publish","type":"page","link":"https:\/\/grupo.us.es\/derematerialia\/estructuras-cristalinas\/talco-y-caolinita\/","title":{"rendered":"Talco y Caolinita"},"content":{"rendered":"\n<p style=\"text-align: justify;\">El talco y la caolinita son tambi\u00e9n cristales moleculares. Las unidades b\u00e1sicas de estos materiales son <a href=\"http:\/\/grupo.us.es\/derematerialia\/estructuras-cristalinas\/laminares-filosilicatos\/\">filosilicatos<\/a>\u00a0con todos sus enlaces completamente saturados. Cada una de estas l\u00e1minas constituye una mol\u00e9cula; la fuerza que las mantiene unidas a las distintas l\u00e1minas es estrictamente de naturaleza secundaria.<\/p>\n<p style=\"text-align: justify;\">En el\u00a0<strong><em>talco<\/em><\/strong>, Mg<sub>3<\/sub>(OH)<sub>2<\/sub>(Si<sub>2<\/sub>O<sub>5<\/sub>)<sub>2<\/sub>, las cargas dentro de una l\u00e1mina se encuentran sim\u00e9tricamente distribuidas respecto al plano central de la misma, de ah\u00ed que si se a\u00f1aden a este material mol\u00e9culas polares como las del agua no se produzca interacci\u00f3n con ellas.<\/p>\n<center><img loading=\"lazy\" decoding=\"async\" class=\"size-full wp-image-259 aligncenter\" src=\"http:\/\/grupo.us.es\/derematerialia\/estructuras-cristalinas\/wp-content\/uploads\/sites\/4\/2019\/05\/talco_y_caolinita_clip_image002.jpg\" alt=\"\" width=\"252\" height=\"191\" \/><\/center>\n<p style=\"text-align: justify;\">Un caso parecido, pero no id\u00e9ntico, se presenta con las arcillas como la\u00a0<strong><em>caolinita<\/em><\/strong>, Al<sub>2<\/sub>(OH)<sub>4<\/sub>Si<sub>2<\/sub>O<sub>5<\/sub>. Est\u00e1 constituida por\u00a0<a href=\"http:\/\/grupo.us.es\/derematerialia\/estructuras-cristalinas\/laminares-filosilicatos\/\">filosilicatos<\/a>\u00a0completamente saturados, de modo que cada l\u00e1mina constituye una aut\u00e9ntica mol\u00e9cula. El resultado es que estas arcillas son blandas, f\u00e1cilmente hidratables y pueden intercambiar iones org\u00e1nicos e inorg\u00e1nicos. El motivo para la hidrataci\u00f3n de estas sustancias radica en la polaridad de cada una de las l\u00e1minas, entre las que pueden entrar mol\u00e9culas polares como las del agua. Las\u00a0<strong>arcillas<\/strong>\u00a0son materiales\u00a0<strong>moleculares<\/strong>, pero\u00a0<strong>tras<\/strong>\u00a0el proceso\u00a0<strong><em>cocci\u00f3n<\/em><\/strong>\u00a0se altera su enlace,\u00a0<strong>se convierten en materiales cer\u00e1micos<\/strong><\/p>\n<center><img loading=\"lazy\" decoding=\"async\" class=\"wp-image-271 aligncenter\" src=\"http:\/\/grupo.us.es\/derematerialia\/estructuras-cristalinas\/wp-content\/uploads\/sites\/4\/2019\/05\/5-1-5_2-caolinita.jpg\" alt=\"\" width=\"304\" height=\"228\" srcset=\"https:\/\/grupo.us.es\/derematerialia\/estructuras-cristalinas\/wp-content\/uploads\/sites\/4\/2019\/05\/5-1-5_2-caolinita.jpg 800w, https:\/\/grupo.us.es\/derematerialia\/estructuras-cristalinas\/wp-content\/uploads\/sites\/4\/2019\/05\/5-1-5_2-caolinita-300x225.jpg 300w, https:\/\/grupo.us.es\/derematerialia\/estructuras-cristalinas\/wp-content\/uploads\/sites\/4\/2019\/05\/5-1-5_2-caolinita-768x576.jpg 768w\" sizes=\"(max-width: 304px) 100vw, 304px\" \/><\/center>\n","protected":false},"excerpt":{"rendered":"<p>El talco y la caolinita son tambi\u00e9n cristales moleculares. Las unidades b\u00e1sicas de estos materiales son filosilicatos\u00a0con todos sus enlaces completamente saturados. Cada una de estas l\u00e1minas constituye una mol\u00e9cula; la fuerza que las mantiene unidas a las distintas l\u00e1minas es estrictamente de naturaleza secundaria. En el\u00a0talco, Mg3(OH)2(Si2O5)2, las cargas dentro de una l\u00e1mina se [&hellip;]<\/p>\n","protected":false},"author":1,"featured_media":0,"parent":0,"menu_order":0,"comment_status":"closed","ping_status":"closed","template":"","meta":{"ngg_post_thumbnail":0,"footnotes":"","_mc_calendar":[]},"_links":{"self":[{"href":"https:\/\/grupo.us.es\/derematerialia\/estructuras-cristalinas\/wp-json\/wp\/v2\/pages\/990"}],"collection":[{"href":"https:\/\/grupo.us.es\/derematerialia\/estructuras-cristalinas\/wp-json\/wp\/v2\/pages"}],"about":[{"href":"https:\/\/grupo.us.es\/derematerialia\/estructuras-cristalinas\/wp-json\/wp\/v2\/types\/page"}],"author":[{"embeddable":true,"href":"https:\/\/grupo.us.es\/derematerialia\/estructuras-cristalinas\/wp-json\/wp\/v2\/users\/1"}],"replies":[{"embeddable":true,"href":"https:\/\/grupo.us.es\/derematerialia\/estructuras-cristalinas\/wp-json\/wp\/v2\/comments?post=990"}],"version-history":[{"count":3,"href":"https:\/\/grupo.us.es\/derematerialia\/estructuras-cristalinas\/wp-json\/wp\/v2\/pages\/990\/revisions"}],"predecessor-version":[{"id":1854,"href":"https:\/\/grupo.us.es\/derematerialia\/estructuras-cristalinas\/wp-json\/wp\/v2\/pages\/990\/revisions\/1854"}],"wp:attachment":[{"href":"https:\/\/grupo.us.es\/derematerialia\/estructuras-cristalinas\/wp-json\/wp\/v2\/media?parent=990"}],"curies":[{"name":"wp","href":"https:\/\/api.w.org\/{rel}","templated":true}]}}