{"id":978,"date":"2019-08-21T11:06:18","date_gmt":"2019-08-21T09:06:18","guid":{"rendered":"http:\/\/grupo.us.es\/derematerialia\/estructuras-cristalinas\/?page_id=978"},"modified":"2019-11-18T10:13:49","modified_gmt":"2019-11-18T09:13:49","slug":"cristales-liquidos","status":"publish","type":"page","link":"https:\/\/grupo.us.es\/derematerialia\/estructuras-cristalinas\/cristales-liquidos\/","title":{"rendered":"Cristales l\u00edquidos"},"content":{"rendered":"\n<p style=\"text-align: justify;\">Los cristales l\u00edquidos son materiales moleculares en los que incluso en estado l\u00edquido, sus mol\u00e9culas constituyentes presentan cierto grado de ordenamiento. Debido a ello, ocupan una posici\u00f3n intermedia entre los s\u00f3lidos monocristalinos (anis\u00f3tropos) y los l\u00edquidos comunes (is\u00f3tropos). Los cristales l\u00edquidos son fluidos como los l\u00edquidos, pero, por otro lado, exhiben propiedades anis\u00f3tropas como los cristales.<\/p>\n\n\n\n<center>\n<table class=\"wp-block-table aligncenter\" style=\"width: 50%;\">\n<tbody>\n<tr>\n<td>\n<div><a href=\"http:\/\/grupo.us.es\/derematerialia\/estructurascristalinas\/5-2-1_cianobifenilo.html\"><img decoding=\"async\" src=\"http:\/\/grupo.us.es\/derematerialia\/estructuras-cristalinas\/wp-content\/uploads\/sites\/4\/2019\/05\/cristales_liquidos_clip_image002.jpg\" alt=\"\" \/><\/a><\/div>\n<\/td>\n<\/tr>\n<tr>\n<td class=\"pie_img\">Cianobifenilo<\/td>\n<\/tr>\n<\/tbody>\n<\/table><\/center>\n\n\n\n<p style=\"text-align: justify;\">Bas\u00e1ndonos en la estructura, los cristales l\u00edquidos pueden clasificarse en tres grupos: <strong><em>nem\u00e1ticos<\/em><\/strong>,\u00a0<strong><em>esm\u00e9cticos<\/em><\/strong>\u00a0y\u00a0<strong><em>colest\u00e9ricos<\/em><\/strong>.<\/p>\n\n\n\n<table class=\"wp-block-table aligncenter\" style=\"width: 100%;\">\n<tbody>\n<tr>\n<td style=\"width: 50%;\"><a href=\"http:\/\/grupo.us.es\/derematerialia\/estructurascristalinas\/5-2-3_nematico.html\"><img decoding=\"async\" src=\"http:\/\/grupo.us.es\/derematerialia\/estructuras-cristalinas\/wp-content\/uploads\/sites\/4\/2019\/05\/5-2_3-nemactico.jpg\" alt=\"\" \/><\/a><\/td>\n<td style=\"width: 50%;\"><a href=\"http:\/\/grupo.us.es\/derematerialia\/estructurascristalinas\/5-2-2_esmectico.html\"><img decoding=\"async\" src=\"http:\/\/grupo.us.es\/derematerialia\/estructuras-cristalinas\/wp-content\/uploads\/sites\/4\/2019\/05\/5-2_2-esmectico.jpg\" alt=\"\" \/><\/a><\/td>\n<\/tr>\n<tr>\n<td style=\"width: 50%;\"><a href=\"http:\/\/grupo.us.es\/derematerialia\/estructurascristalinas\/5-2-4_colesterico.html\"><img decoding=\"async\" src=\"http:\/\/grupo.us.es\/derematerialia\/estructuras-cristalinas\/wp-content\/uploads\/sites\/4\/2019\/05\/5-2_4-colesterico.jpg\" alt=\"\" \/><\/a><\/td>\n<td style=\"width: 50%;\"><img decoding=\"async\" src=\"http:\/\/grupo.us.es\/derematerialia\/estructuras-cristalinas\/wp-content\/uploads\/sites\/4\/2019\/05\/5-2_5-liquido.jpg\" alt=\"\" \/><\/td>\n<\/tr>\n<\/tbody>\n<\/table>\n","protected":false},"excerpt":{"rendered":"<p>Los cristales l\u00edquidos son materiales moleculares en los que incluso en estado l\u00edquido, sus mol\u00e9culas constituyentes presentan cierto grado de ordenamiento. Debido a ello, ocupan una posici\u00f3n intermedia entre los s\u00f3lidos monocristalinos (anis\u00f3tropos) y los l\u00edquidos comunes (is\u00f3tropos). Los cristales l\u00edquidos son fluidos como los l\u00edquidos, pero, por otro lado, exhiben propiedades anis\u00f3tropas como los [&hellip;]<\/p>\n","protected":false},"author":1,"featured_media":0,"parent":0,"menu_order":0,"comment_status":"closed","ping_status":"closed","template":"","meta":{"ngg_post_thumbnail":0,"footnotes":"","_mc_calendar":[]},"_links":{"self":[{"href":"https:\/\/grupo.us.es\/derematerialia\/estructuras-cristalinas\/wp-json\/wp\/v2\/pages\/978"}],"collection":[{"href":"https:\/\/grupo.us.es\/derematerialia\/estructuras-cristalinas\/wp-json\/wp\/v2\/pages"}],"about":[{"href":"https:\/\/grupo.us.es\/derematerialia\/estructuras-cristalinas\/wp-json\/wp\/v2\/types\/page"}],"author":[{"embeddable":true,"href":"https:\/\/grupo.us.es\/derematerialia\/estructuras-cristalinas\/wp-json\/wp\/v2\/users\/1"}],"replies":[{"embeddable":true,"href":"https:\/\/grupo.us.es\/derematerialia\/estructuras-cristalinas\/wp-json\/wp\/v2\/comments?post=978"}],"version-history":[{"count":11,"href":"https:\/\/grupo.us.es\/derematerialia\/estructuras-cristalinas\/wp-json\/wp\/v2\/pages\/978\/revisions"}],"predecessor-version":[{"id":1468,"href":"https:\/\/grupo.us.es\/derematerialia\/estructuras-cristalinas\/wp-json\/wp\/v2\/pages\/978\/revisions\/1468"}],"wp:attachment":[{"href":"https:\/\/grupo.us.es\/derematerialia\/estructuras-cristalinas\/wp-json\/wp\/v2\/media?parent=978"}],"curies":[{"name":"wp","href":"https:\/\/api.w.org\/{rel}","templated":true}]}}