{"id":941,"date":"2019-08-20T11:25:31","date_gmt":"2019-08-20T09:25:31","guid":{"rendered":"http:\/\/grupo.us.es\/derematerialia\/estructuras-cristalinas\/?page_id=941"},"modified":"2019-08-20T11:25:31","modified_gmt":"2019-08-20T09:25:31","slug":"laminares-filosilicatos","status":"publish","type":"page","link":"https:\/\/grupo.us.es\/derematerialia\/estructuras-cristalinas\/laminares-filosilicatos\/","title":{"rendered":"Laminares (filosilicatos)"},"content":{"rendered":"\n<table style=\"border-collapse: collapse; width: 100%;\">\n<tbody>\n<tr>\n<td style=\"width: 50%;\">\n<p>Uni\u00f3n con otras l\u00e1minas:<\/p>\n<ul>\n<li>I\u00f3nico, con cationes met\u00e1licos y grupos hidr\u00f3xidos.<\/li>\n<li>L\u00e1minas el\u00e9ctricamente neutras.<\/li>\n<li>V\u00e9rtices compartidos en cada l\u00e1mina = 3<\/li>\n<li>Unidad estructural:\u00a0 (Si<sub>2<\/sub>O<sub>5<\/sub>)<sup>2-<\/sup>\u00a0-&gt; (Si<sub>2n<\/sub>O<sub>5n<\/sub>)<sup>2n-<\/sup><\/li>\n<li>Materiales maleables, deformables, lubricantes, exfoliables<\/li>\n<\/ul>\n<\/td>\n<td style=\"width: 50%;\"><img loading=\"lazy\" decoding=\"async\" class=\"size-full wp-image-186 aligncenter\" src=\"http:\/\/grupo.us.es\/derematerialia\/estructuras-cristalinas\/wp-content\/uploads\/sites\/4\/2019\/05\/laminares_clip_image002.gif\" alt=\"\" width=\"360\" height=\"187\" \/><\/td>\n<\/tr>\n<\/tbody>\n<\/table>\n\n\n\n<center>\n<p><iframe loading=\"lazy\" src=\"http:\/\/grupo.us.es\/derematerialia\/estructurascristalinas\/4-4_2_6_1_laminares.html\" width=\"600\" height=\"400\"><\/iframe><\/center><center><a href=\"http:\/\/grupo.us.es\/derematerialia\/estructurascristalinas\/4-4_2_6_1_laminares.html\">Enlace para ver a pantalla completa<\/a><\/p>\n<\/center>\n\n\n\n<table style=\"border-collapse: collapse; width: 100%;\">\n<tbody>\n<tr>\n<td style=\"width: 50%;\">\n<p>Ejemplos:<\/p>\n<ul>\n<li>Micas\u00a0((AlSi<sub>3<\/sub>O<sub>10<\/sub>)(OH)<sub>2<\/sub>KAl<sub>2<\/sub>)<\/li>\n<\/ul>\n<\/td>\n<td style=\"width: 50%;\"><img loading=\"lazy\" decoding=\"async\" class=\"alignnone size-full wp-image-188\" src=\"http:\/\/grupo.us.es\/derematerialia\/estructuras-cristalinas\/wp-content\/uploads\/sites\/4\/2019\/05\/laminares_clip_image002_0000.jpg\" alt=\"\" width=\"301\" height=\"181\" srcset=\"https:\/\/grupo.us.es\/derematerialia\/estructuras-cristalinas\/wp-content\/uploads\/sites\/4\/2019\/05\/laminares_clip_image002_0000.jpg 301w, https:\/\/grupo.us.es\/derematerialia\/estructuras-cristalinas\/wp-content\/uploads\/sites\/4\/2019\/05\/laminares_clip_image002_0000-300x180.jpg 300w\" sizes=\"(max-width: 301px) 100vw, 301px\" \/><\/td>\n<\/tr>\n<\/tbody>\n<\/table>\n","protected":false},"excerpt":{"rendered":"<p>Uni\u00f3n con otras l\u00e1minas: I\u00f3nico, con cationes met\u00e1licos y grupos hidr\u00f3xidos. L\u00e1minas el\u00e9ctricamente neutras. V\u00e9rtices compartidos en cada l\u00e1mina = 3 Unidad estructural:\u00a0 (Si2O5)2-\u00a0-&gt; (Si2nO5n)2n- Materiales maleables, deformables, lubricantes, exfoliables Enlace para ver a pantalla completa Ejemplos: Micas\u00a0((AlSi3O10)(OH)2KAl2)<\/p>\n","protected":false},"author":1,"featured_media":0,"parent":0,"menu_order":0,"comment_status":"closed","ping_status":"closed","template":"","meta":{"ngg_post_thumbnail":0,"footnotes":"","_mc_calendar":[]},"_links":{"self":[{"href":"https:\/\/grupo.us.es\/derematerialia\/estructuras-cristalinas\/wp-json\/wp\/v2\/pages\/941"}],"collection":[{"href":"https:\/\/grupo.us.es\/derematerialia\/estructuras-cristalinas\/wp-json\/wp\/v2\/pages"}],"about":[{"href":"https:\/\/grupo.us.es\/derematerialia\/estructuras-cristalinas\/wp-json\/wp\/v2\/types\/page"}],"author":[{"embeddable":true,"href":"https:\/\/grupo.us.es\/derematerialia\/estructuras-cristalinas\/wp-json\/wp\/v2\/users\/1"}],"replies":[{"embeddable":true,"href":"https:\/\/grupo.us.es\/derematerialia\/estructuras-cristalinas\/wp-json\/wp\/v2\/comments?post=941"}],"version-history":[{"count":1,"href":"https:\/\/grupo.us.es\/derematerialia\/estructuras-cristalinas\/wp-json\/wp\/v2\/pages\/941\/revisions"}],"predecessor-version":[{"id":942,"href":"https:\/\/grupo.us.es\/derematerialia\/estructuras-cristalinas\/wp-json\/wp\/v2\/pages\/941\/revisions\/942"}],"wp:attachment":[{"href":"https:\/\/grupo.us.es\/derematerialia\/estructuras-cristalinas\/wp-json\/wp\/v2\/media?parent=941"}],"curies":[{"name":"wp","href":"https:\/\/api.w.org\/{rel}","templated":true}]}}