{"id":932,"date":"2019-08-20T11:07:57","date_gmt":"2019-08-20T09:07:57","guid":{"rendered":"http:\/\/grupo.us.es\/derematerialia\/estructuras-cristalinas\/?page_id=932"},"modified":"2019-11-20T08:22:38","modified_gmt":"2019-11-20T07:22:38","slug":"en-cadena-inosilicatos","status":"publish","type":"page","link":"https:\/\/grupo.us.es\/derematerialia\/estructuras-cristalinas\/en-cadena-inosilicatos\/","title":{"rendered":"En cadena (inosilicatos)"},"content":{"rendered":"<table style=\"width: 100%;\">\n<tbody>\n<tr style=\"height: 200px;\">\n<td style=\"width: 67%; height: 200px;\">\n<p><strong>Sencilla<\/strong><\/p>\n<p>Enlace entre cadenas<\/p>\n<ul>\n<li>I\u00f3nico, con cationes met\u00e1licos.<\/li>\n<li>V\u00e9rtices compartidos en la cadena = 2<\/li>\n<li>Unidad estructural:\u00a0 (SiO<sub>3<\/sub>)<sup>2-<\/sup>\u00a0-&gt; (Si<sub>2n<\/sub>O<sub>6n<\/sub>)<sup>2n-<\/sup><\/li>\n<\/ul>\n<\/td>\n<td style=\"width: 33%; height: 200px;\"><img decoding=\"async\" src=\"http:\/\/grupo.us.es\/derematerialia\/estructuras-cristalinas\/wp-content\/uploads\/sites\/4\/2019\/05\/cadena_clip_image002.gif\" alt=\"\" \/><\/td>\n<\/tr>\n<\/tbody>\n<\/table>\n\n\n<center>\n<p><iframe loading=\"lazy\" src=\"http:\/\/grupo.us.es\/derematerialia\/estructurascristalinas\/4-4_2_4_1_cadena_simple.html\" width=\"600\" height=\"400\"><\/iframe><\/center><center><a href=\"http:\/\/grupo.us.es\/derematerialia\/estructurascristalinas\/4-4_2_4_1_cadena_simple.html\">Enlace para ver a pantalla completa<\/a><\/p>\n<\/center>\n\n\n<table style=\"width: 100%;\">\n<tbody>\n<tr>\n<td style=\"width: 57.2926%;\">\n<p>Ejemplos:<\/p>\n<ul>\n<li>Wollastonita (CaSiO<sub>3<\/sub>)<\/li>\n<li>Enstatita (MgSiO<sub>3<\/sub>)<\/li>\n<\/ul>\n<\/td>\n<td style=\"width: 42.7074%;\"><img decoding=\"async\" src=\"http:\/\/grupo.us.es\/derematerialia\/estructuras-cristalinas\/wp-content\/uploads\/sites\/4\/2019\/05\/cadena_clip_image002.jpg\" alt=\"\" \/><\/td>\n<\/tr>\n<\/tbody>\n<\/table>\n\n\n<center>\n<p><iframe loading=\"lazy\" src=\"http:\/\/grupo.us.es\/derematerialia\/estructurascristalinas\/4-4-2-4_2 Wollastonita.html\" width=\"600\" height=\"400\"><\/iframe><\/center><center><a href=\"http:\/\/grupo.us.es\/derematerialia\/estructurascristalinas\/4-4-2-4_2 Wollastonita.html\">Enlace para ver a pantalla completa<\/a><\/p>\n<\/center>\n\n\n<table style=\"width: 100%; height: 201px;\">\n<tbody>\n<tr style=\"height: 200px;\">\n<td style=\"width: 68%; height: 201px;\">\n<p><strong>Doble<\/strong><\/p>\n<p>Enlace entre cadenas<\/p>\n<ul>\n<li>I\u00f3nico, con cationes met\u00e1licos y grupos hidr\u00f3xidos.<\/li>\n<li>V\u00e9rtices compartidos en la cadena = 2.5<\/li>\n<li>Unidad estructural:\u00a0 (Si<sub>4<\/sub>O<sub>11<\/sub>)<sup>6-<\/sup>\u00a0-&gt; (Si<sub>4n<\/sub>O<sub>11n<\/sub>)<sup>6n-<\/sup><\/li>\n<\/ul>\n<\/td>\n<td style=\"width: 32%; height: 201px;\"><img loading=\"lazy\" decoding=\"async\" class=\"\" src=\"http:\/\/grupo.us.es\/derematerialia\/estructuras-cristalinas\/wp-content\/uploads\/sites\/4\/2019\/05\/4-4-2-5_1-cadena-doble.jpg\" width=\"235\" height=\"176\" \/><\/td>\n<\/tr>\n<\/tbody>\n<\/table>\n\n\n<center>\n<p><iframe loading=\"lazy\" src=\"http:\/\/grupo.us.es\/derematerialia\/estructurascristalinas\/4-4_2_5_1_cadena_doble.html\" width=\"600\" height=\"400\"><\/iframe><\/center><center><a href=\"http:\/\/grupo.us.es\/derematerialia\/estructurascristalinas\/4-4_2_5_1_cadena_doble.html\">Enlace para ver a pantalla completa<\/a><\/p>\n<\/center>\n\n\n<table style=\"width: 100%;\">\n<tbody>\n<tr>\n<td style=\"width: 64.0222%;\">\n<p>Ejemplo:<\/p>\n<ul>\n<li>Tremolita\u00a0(Ca<sub>2<\/sub>Mg<sub>5<\/sub>(Si<sub>4<\/sub>O<sub>11<\/sub>)<sub>2<\/sub>(OH)<sub>2<\/sub>)<\/li>\n<\/ul>\n<\/td>\n<td style=\"width: 35.9778%;\"><img loading=\"lazy\" decoding=\"async\" class=\"aligncenter\" src=\"http:\/\/grupo.us.es\/derematerialia\/estructuras-cristalinas\/wp-content\/uploads\/sites\/4\/2019\/05\/cadena_clip_image002_0001.gif\" alt=\"\" width=\"219\" height=\"180\" \/><\/td>\n<\/tr>\n<\/tbody>\n<\/table>\n\n\n<center>\n<p><iframe loading=\"lazy\" src=\"http:\/\/grupo.us.es\/derematerialia\/estructurascristalinas\/4-4_2_5_2_tremolita.html\" width=\"600\" height=\"400\"><\/iframe><\/center><center><a href=\"http:\/\/grupo.us.es\/derematerialia\/estructurascristalinas\/4-4_2_5_2_tremolita.html\">Enlace para ver a pantalla completa<\/a><\/p>\n<\/center>\n","protected":false},"excerpt":{"rendered":"<p>Sencilla Enlace entre cadenas I\u00f3nico, con cationes met\u00e1licos. V\u00e9rtices compartidos en la cadena = 2 Unidad estructural:\u00a0 (SiO3)2-\u00a0-&gt; (Si2nO6n)2n- Enlace para ver a pantalla completa Ejemplos: Wollastonita (CaSiO3) Enstatita (MgSiO3) Enlace para ver a pantalla completa Doble Enlace entre cadenas I\u00f3nico, con cationes met\u00e1licos y grupos hidr\u00f3xidos. V\u00e9rtices compartidos en la cadena = 2.5 Unidad [&hellip;]<\/p>\n","protected":false},"author":1,"featured_media":0,"parent":0,"menu_order":0,"comment_status":"closed","ping_status":"closed","template":"","meta":{"ngg_post_thumbnail":0,"footnotes":"","_mc_calendar":[]},"_links":{"self":[{"href":"https:\/\/grupo.us.es\/derematerialia\/estructuras-cristalinas\/wp-json\/wp\/v2\/pages\/932"}],"collection":[{"href":"https:\/\/grupo.us.es\/derematerialia\/estructuras-cristalinas\/wp-json\/wp\/v2\/pages"}],"about":[{"href":"https:\/\/grupo.us.es\/derematerialia\/estructuras-cristalinas\/wp-json\/wp\/v2\/types\/page"}],"author":[{"embeddable":true,"href":"https:\/\/grupo.us.es\/derematerialia\/estructuras-cristalinas\/wp-json\/wp\/v2\/users\/1"}],"replies":[{"embeddable":true,"href":"https:\/\/grupo.us.es\/derematerialia\/estructuras-cristalinas\/wp-json\/wp\/v2\/comments?post=932"}],"version-history":[{"count":33,"href":"https:\/\/grupo.us.es\/derematerialia\/estructuras-cristalinas\/wp-json\/wp\/v2\/pages\/932\/revisions"}],"predecessor-version":[{"id":1599,"href":"https:\/\/grupo.us.es\/derematerialia\/estructuras-cristalinas\/wp-json\/wp\/v2\/pages\/932\/revisions\/1599"}],"wp:attachment":[{"href":"https:\/\/grupo.us.es\/derematerialia\/estructuras-cristalinas\/wp-json\/wp\/v2\/media?parent=932"}],"curies":[{"name":"wp","href":"https:\/\/api.w.org\/{rel}","templated":true}]}}