{"id":925,"date":"2019-08-20T09:59:28","date_gmt":"2019-08-20T07:59:28","guid":{"rendered":"http:\/\/grupo.us.es\/derematerialia\/estructuras-cristalinas\/?page_id=925"},"modified":"2019-11-20T07:58:26","modified_gmt":"2019-11-20T06:58:26","slug":"en-anillo-ciclosilicatos","status":"publish","type":"page","link":"https:\/\/grupo.us.es\/derematerialia\/estructuras-cristalinas\/en-anillo-ciclosilicatos\/","title":{"rendered":"En anillo (ciclosilicatos)"},"content":{"rendered":"<p>Enlace entre unidades<\/p>\n<ul>\n<li>I\u00f3nico, con cationes met\u00e1licos.<\/li>\n<li>V\u00e9rtices compartidos en cada unidad = 2<\/li>\n<li>Unidad estructural:&nbsp; (Si<sub>n<\/sub>O<sub>3n<\/sub>)<sup>2n-<\/sup><\/li>\n<\/ul>\n\n\n<table class=\"wp-block-table aligncenter\" style=\"width: 100%;\">\n<tbody>\n<tr>\n<td><a href=\"http:\/\/grupo.us.es\/derematerialia\/estructurascristalinas\/4-4_2_3_1_anillo.html\"><img decoding=\"async\" src=\"http:\/\/grupo.us.es\/derematerialia\/estructuras-cristalinas\/wp-content\/uploads\/sites\/4\/2019\/05\/anillo_clip_image002_1.jpg\" alt=\"\"><\/a><\/td>\n<td><a href=\"http:\/\/grupo.us.es\/derematerialia\/estructurascristalinas\/4-4_2_3_4_anillo.html\"><img decoding=\"async\" src=\"http:\/\/grupo.us.es\/derematerialia\/estructuras-cristalinas\/wp-content\/uploads\/sites\/4\/2019\/05\/anillo_clip_image002_4.jpg\" alt=\"\"><\/a><\/td>\n<\/tr>\n<tr>\n<td><a href=\"http:\/\/grupo.us.es\/derematerialia\/estructurascristalinas\/4-4_2_3_2_anillo.html\"><img decoding=\"async\" src=\"http:\/\/grupo.us.es\/derematerialia\/estructuras-cristalinas\/wp-content\/uploads\/sites\/4\/2019\/05\/anillo_clip_image002_2.jpg\" alt=\"\"><\/a><\/td>\n<td><a href=\"http:\/\/grupo.us.es\/derematerialia\/estructurascristalinas\/4-4_2_3_5_anillo.html\"><img decoding=\"async\" src=\"http:\/\/grupo.us.es\/derematerialia\/estructuras-cristalinas\/wp-content\/uploads\/sites\/4\/2019\/05\/anillo_clip_image002_5.jpg\" alt=\"\"><\/a><\/td>\n<\/tr>\n<tr>\n<td><a href=\"http:\/\/grupo.us.es\/derematerialia\/estructurascristalinas\/4-4_2_3_3_anillo.html\"><img decoding=\"async\" src=\"http:\/\/grupo.us.es\/derematerialia\/estructuras-cristalinas\/wp-content\/uploads\/sites\/4\/2019\/05\/anillo_clip_image002_3.jpg\" alt=\"\"><\/a><\/td>\n<td>&nbsp;<\/td>\n<\/tr>\n<\/tbody>\n<\/table>\n\n\n<p>Berilo (Al<sub>2<\/sub>Be<sub>3<\/sub>(SiO<sub>3<\/sub>)<sub>6<\/sub>) Piedra preciosa<\/p>\n\n\n<table class=\"wp-block-table aligncenter\" style=\"width: 100%;\">\n<tbody>\n<tr>\n<td><img decoding=\"async\" src=\"http:\/\/grupo.us.es\/derematerialia\/estructuras-cristalinas\/wp-content\/uploads\/sites\/4\/2019\/05\/anillo_clip_image002_0000.gif\" alt=\"\"><\/td>\n<td><a href=\"http:\/\/grupo.us.es\/derematerialia\/estructurascristalinas\/4-4_2_3_7_berilo.html\"><img decoding=\"async\" src=\"http:\/\/grupo.us.es\/derematerialia\/estructuras-cristalinas\/wp-content\/uploads\/sites\/4\/2019\/05\/anillo_clip_image002_0001.jpg\" alt=\"\"><\/a><\/td>\n<\/tr>\n<\/tbody>\n<\/table>\n\n\n","protected":false},"excerpt":{"rendered":"<p>Enlace entre unidades I\u00f3nico, con cationes met\u00e1licos. V\u00e9rtices compartidos en cada unidad = 2 Unidad estructural:&nbsp; (SinO3n)2n- &nbsp; Berilo (Al2Be3(SiO3)6) Piedra preciosa<\/p>\n","protected":false},"author":1,"featured_media":0,"parent":0,"menu_order":0,"comment_status":"closed","ping_status":"closed","template":"","meta":{"ngg_post_thumbnail":0,"footnotes":"","_mc_calendar":[]},"_links":{"self":[{"href":"https:\/\/grupo.us.es\/derematerialia\/estructuras-cristalinas\/wp-json\/wp\/v2\/pages\/925"}],"collection":[{"href":"https:\/\/grupo.us.es\/derematerialia\/estructuras-cristalinas\/wp-json\/wp\/v2\/pages"}],"about":[{"href":"https:\/\/grupo.us.es\/derematerialia\/estructuras-cristalinas\/wp-json\/wp\/v2\/types\/page"}],"author":[{"embeddable":true,"href":"https:\/\/grupo.us.es\/derematerialia\/estructuras-cristalinas\/wp-json\/wp\/v2\/users\/1"}],"replies":[{"embeddable":true,"href":"https:\/\/grupo.us.es\/derematerialia\/estructuras-cristalinas\/wp-json\/wp\/v2\/comments?post=925"}],"version-history":[{"count":7,"href":"https:\/\/grupo.us.es\/derematerialia\/estructuras-cristalinas\/wp-json\/wp\/v2\/pages\/925\/revisions"}],"predecessor-version":[{"id":1563,"href":"https:\/\/grupo.us.es\/derematerialia\/estructuras-cristalinas\/wp-json\/wp\/v2\/pages\/925\/revisions\/1563"}],"wp:attachment":[{"href":"https:\/\/grupo.us.es\/derematerialia\/estructuras-cristalinas\/wp-json\/wp\/v2\/media?parent=925"}],"curies":[{"name":"wp","href":"https:\/\/api.w.org\/{rel}","templated":true}]}}