{"id":919,"date":"2019-08-20T08:47:22","date_gmt":"2019-08-20T06:47:22","guid":{"rendered":"http:\/\/grupo.us.es\/derematerialia\/estructuras-cristalinas\/?page_id=919"},"modified":"2019-11-20T08:23:17","modified_gmt":"2019-11-20T07:23:17","slug":"en-doble-isla-sorosilicatos","status":"publish","type":"page","link":"https:\/\/grupo.us.es\/derematerialia\/estructuras-cristalinas\/en-doble-isla-sorosilicatos\/","title":{"rendered":"En doble isla (sorosilicatos)"},"content":{"rendered":"<table>\n<tbody>\n<tr>\n<td style=\"width: 65.4214%;\">\n<p>Enlace entre unidades:<\/p>\n<ul>\n<li>I\u00f3nico, con cationes met\u00e1licos.<\/li>\n<li>V\u00e9rtices compartidos en cada unidad = 1<\/li>\n<li>Unidad estructural:\u00a0 (Si2O<sub>7<\/sub>)<sup>6-<\/sup><\/li>\n<\/ul>\n<\/td>\n<td style=\"width: 34.5786%;\"><img decoding=\"async\" class=\"aligncenter\" src=\"http:\/\/grupo.us.es\/derematerialia\/estructuras-cristalinas\/wp-content\/uploads\/sites\/4\/2019\/05\/doble_isla_clip_image002.jpg\" alt=\"\" \/><\/td>\n<\/tr>\n<\/tbody>\n<\/table>\n\n\n<center>\n<p><iframe loading=\"lazy\" src=\"http:\/\/grupo.us.es\/derematerialia\/estructurascristalinas\/4-4-2-2_1_dobleisla.html\" width=\"600\" height=\"400\"><\/iframe><\/center><center><a href=\"http:\/\/grupo.us.es\/derematerialia\/estructurascristalinas\/4-4-2-2_1_dobleisla.html\">Enlace para ver a pantalla completa<\/a><\/p>\n<\/center>\n\n\n<table>\n<tbody>\n<tr>\n<td style=\"width: 50%;\">\n<p>Ejemplos:<\/p>\n<ul>\n<li>Thortveitita ((Sc<sub>2<\/sub>Y)<sub>2<\/sub>Si<sub>2<\/sub>O<sub>7<\/sub>)<\/li>\n<li>Akermanita (Ca<sub>2<\/sub>MgSi<sub>2<\/sub>O<sub>7<\/sub>)<\/li>\n<\/ul>\n<\/td>\n<td style=\"width: 50%;\"><img decoding=\"async\" src=\"http:\/\/grupo.us.es\/derematerialia\/estructuras-cristalinas\/wp-content\/uploads\/sites\/4\/2019\/05\/doble_isla_clip_image003.gif\" alt=\"\" \/><\/td>\n<\/tr>\n<\/tbody>\n<\/table>\n\n\n<center>\n<p><iframe loading=\"lazy\" src=\"http:\/\/grupo.us.es\/derematerialia\/estructurascristalinas\/4-4_2_2_2_thortveitita.html\" width=\"600\" height=\"400\"><\/iframe><\/center><center><a href=\"http:\/\/grupo.us.es\/derematerialia\/estructurascristalinas\/4-4_2_2_2_thortveitita.html\">Enlace para ver a pantalla completa<\/a><\/p>\n<\/center>\n","protected":false},"excerpt":{"rendered":"<p>Enlace entre unidades: I\u00f3nico, con cationes met\u00e1licos. V\u00e9rtices compartidos en cada unidad = 1 Unidad estructural:\u00a0 (Si2O7)6- Enlace para ver a pantalla completa Ejemplos: Thortveitita ((Sc2Y)2Si2O7) Akermanita (Ca2MgSi2O7) Enlace para ver a pantalla completa<\/p>\n","protected":false},"author":1,"featured_media":0,"parent":0,"menu_order":0,"comment_status":"closed","ping_status":"closed","template":"","meta":{"ngg_post_thumbnail":0,"footnotes":"","_mc_calendar":[]},"_links":{"self":[{"href":"https:\/\/grupo.us.es\/derematerialia\/estructuras-cristalinas\/wp-json\/wp\/v2\/pages\/919"}],"collection":[{"href":"https:\/\/grupo.us.es\/derematerialia\/estructuras-cristalinas\/wp-json\/wp\/v2\/pages"}],"about":[{"href":"https:\/\/grupo.us.es\/derematerialia\/estructuras-cristalinas\/wp-json\/wp\/v2\/types\/page"}],"author":[{"embeddable":true,"href":"https:\/\/grupo.us.es\/derematerialia\/estructuras-cristalinas\/wp-json\/wp\/v2\/users\/1"}],"replies":[{"embeddable":true,"href":"https:\/\/grupo.us.es\/derematerialia\/estructuras-cristalinas\/wp-json\/wp\/v2\/comments?post=919"}],"version-history":[{"count":10,"href":"https:\/\/grupo.us.es\/derematerialia\/estructuras-cristalinas\/wp-json\/wp\/v2\/pages\/919\/revisions"}],"predecessor-version":[{"id":1600,"href":"https:\/\/grupo.us.es\/derematerialia\/estructuras-cristalinas\/wp-json\/wp\/v2\/pages\/919\/revisions\/1600"}],"wp:attachment":[{"href":"https:\/\/grupo.us.es\/derematerialia\/estructuras-cristalinas\/wp-json\/wp\/v2\/media?parent=919"}],"curies":[{"name":"wp","href":"https:\/\/api.w.org\/{rel}","templated":true}]}}