{"id":915,"date":"2019-08-20T08:40:21","date_gmt":"2019-08-20T06:40:21","guid":{"rendered":"http:\/\/grupo.us.es\/derematerialia\/estructuras-cristalinas\/?page_id=915"},"modified":"2019-11-20T08:24:14","modified_gmt":"2019-11-20T07:24:14","slug":"en-isla-nesosilicatos","status":"publish","type":"page","link":"https:\/\/grupo.us.es\/derematerialia\/estructuras-cristalinas\/en-isla-nesosilicatos\/","title":{"rendered":"En isla (neosilicatos)"},"content":{"rendered":"<table>\n<tbody>\n<tr>\n<td style=\"width: 60%;\">\n<p>Enlace entre islas:<\/p>\n<ul>\n<li>I\u00f3nico, con cationes met\u00e1licos.<\/li>\n<li>V\u00e9rtices compartidos en cada isla = 0<\/li>\n<li>Unidad estructural:\u00a0 (SiO<sub>4<\/sub>)<sup>4-<\/sup><\/li>\n<\/ul>\n<\/td>\n<td style=\"width: 40%;\"><img decoding=\"async\" class=\"aligncenter\" src=\"http:\/\/grupo.us.es\/derematerialia\/estructuras-cristalinas\/wp-content\/uploads\/sites\/4\/2019\/05\/isla_clip_image002.jpg\" alt=\"\" \/><\/td>\n<\/tr>\n<\/tbody>\n<\/table>\n\n\n<center>\n<p><iframe loading=\"lazy\" src=\"http:\/\/grupo.us.es\/derematerialia\/estructurascristalinas\/4-4_2_1_1_isla.html\" width=\"600\" height=\"400\"><\/iframe><\/center><center><a href=\"http:\/\/grupo.us.es\/derematerialia\/estructurascristalinas\/4-4_2_1_1_isla.html\">Enlace para ver a pantalla completa<\/a><\/p>\n<\/center>\n\n\n<table>\n<tbody>\n<tr>\n<td style=\"width: 59.8569%;\">\n<p>Ejemplos:<\/p>\n<ul>\n<li>Forsterita (Mg<sub>2<\/sub>SiO<sub>4<\/sub>), arena refractaria<\/li>\n<li>Olivina (MgFeSiO<sub>4<\/sub>)<\/li>\n<\/ul>\n<\/td>\n<td style=\"width: 40.1431%;\"><img decoding=\"async\" src=\"http:\/\/grupo.us.es\/derematerialia\/estructuras-cristalinas\/wp-content\/uploads\/sites\/4\/2019\/05\/isla_clip_image004.jpg\" alt=\"\" \/><\/td>\n<\/tr>\n<\/tbody>\n<\/table>\n\n\n<center>\n<p><iframe loading=\"lazy\" src=\"http:\/\/grupo.us.es\/derematerialia\/estructurascristalinas\/4-4_2_1_2_forsterita.html\" width=\"600\" height=\"400\"><\/iframe><\/center><center><a href=\"http:\/\/grupo.us.es\/derematerialia\/estructurascristalinas\/4-4_2_1_2_forsterita.html\">Enlace para ver a pantalla completa<\/a><\/p>\n<\/center>\n","protected":false},"excerpt":{"rendered":"<p>Enlace entre islas: I\u00f3nico, con cationes met\u00e1licos. V\u00e9rtices compartidos en cada isla = 0 Unidad estructural:\u00a0 (SiO4)4- Enlace para ver a pantalla completa Ejemplos: Forsterita (Mg2SiO4), arena refractaria Olivina (MgFeSiO4) Enlace para ver a pantalla completa<\/p>\n","protected":false},"author":1,"featured_media":0,"parent":0,"menu_order":0,"comment_status":"closed","ping_status":"closed","template":"","meta":{"ngg_post_thumbnail":0,"footnotes":"","_mc_calendar":[]},"_links":{"self":[{"href":"https:\/\/grupo.us.es\/derematerialia\/estructuras-cristalinas\/wp-json\/wp\/v2\/pages\/915"}],"collection":[{"href":"https:\/\/grupo.us.es\/derematerialia\/estructuras-cristalinas\/wp-json\/wp\/v2\/pages"}],"about":[{"href":"https:\/\/grupo.us.es\/derematerialia\/estructuras-cristalinas\/wp-json\/wp\/v2\/types\/page"}],"author":[{"embeddable":true,"href":"https:\/\/grupo.us.es\/derematerialia\/estructuras-cristalinas\/wp-json\/wp\/v2\/users\/1"}],"replies":[{"embeddable":true,"href":"https:\/\/grupo.us.es\/derematerialia\/estructuras-cristalinas\/wp-json\/wp\/v2\/comments?post=915"}],"version-history":[{"count":11,"href":"https:\/\/grupo.us.es\/derematerialia\/estructuras-cristalinas\/wp-json\/wp\/v2\/pages\/915\/revisions"}],"predecessor-version":[{"id":1589,"href":"https:\/\/grupo.us.es\/derematerialia\/estructuras-cristalinas\/wp-json\/wp\/v2\/pages\/915\/revisions\/1589"}],"wp:attachment":[{"href":"https:\/\/grupo.us.es\/derematerialia\/estructuras-cristalinas\/wp-json\/wp\/v2\/media?parent=915"}],"curies":[{"name":"wp","href":"https:\/\/api.w.org\/{rel}","templated":true}]}}