{"id":910,"date":"2019-08-19T12:11:46","date_gmt":"2019-08-19T10:11:46","guid":{"rendered":"http:\/\/grupo.us.es\/derematerialia\/estructuras-cristalinas\/?page_id=910"},"modified":"2019-12-10T09:51:22","modified_gmt":"2019-12-10T08:51:22","slug":"estructuras-muy-complejas-silicatos","status":"publish","type":"page","link":"https:\/\/grupo.us.es\/derematerialia\/estructuras-cristalinas\/estructuras-muy-complejas-silicatos\/","title":{"rendered":"Estructuras muy complejas (silicatos)"},"content":{"rendered":"\n<p style=\"text-align: justify;\">Importante aplicaci\u00f3n industrial (cer\u00e1micas tradicionales y materiales de construcci\u00f3n) y gran abundancia (75% de la corteza terrestre constituida por arcillas, feldespatos y micas).<\/p>\n<p style=\"text-align: justify;\">El Si pertenece al mismo grupo de la Tabla Peri\u00f3dica que el C , lo que significa que tiene una estructura electr\u00f3nica exterior id\u00e9ntica. Como el C, el Si tambi\u00e9n puede formar una ampl\u00edsima variedad de compuestos, y tambi\u00e9n puede adoptar la estructura cristalina del diamante. Sin embargo, un \u00e1tomo de Si es m\u00e1s estable cuando est\u00e1 rodeado por \u00e1tomos de O que cuando se halla unido a otros cuatro \u00e1tomos de Si.<\/p>\n<p style=\"text-align: justify;\">Este grupo <strong>(SiO<sub>4<\/sub>)<sup>4\u2013<\/sup><\/strong>, denominado\u00a0<strong>grupo silicato<\/strong>, se halla presente en gran n\u00famero de minerales.<\/p>\n\n\n\n<h3>El grupo silicato<\/h3>\n<p>Enlace mitad i\u00f3nico mitad covalente.<\/p>\n\n\n\n<table table class=\"wp-block-table aligncenter\" style=\"width: 100%;\">\n<tbody>\n<tr>\n<td style=\"width: 50%;\"> \\(\\frac{r_{S^{++}}}{r_{O^{2-}}}=0.29\\Rightarrow \\)Coord. tetra\u00e9drica<\/td>\n<td style=\"width: 50%;\"><img decoding=\"async\" src=\"http:\/\/grupo.us.es\/derematerialia\/estructuras-cristalinas\/wp-content\/uploads\/sites\/4\/2019\/12\/1.jpg\" alt=\"\" width=\"400\" \/><\/td>\n<\/tr>\n<\/tbody>\n<\/table>\n\n\n\n<p style=\"text-align: justify;\">El Si original alcanza la configuraci\u00f3n de gas noble desprendi\u00e9ndose de los 4 e- que le sobran, que ser\u00e1n adquiridos por los 4 \u00e1tomos de O que lo rodean.<\/p>\n<p style=\"text-align: justify;\">Cada uno de esos \u00e1tomos de O necesitan, para completar su octeto, adquirir otro e- adicional entablan enlaces con otros \u00e1tomos (covalentes cuando es con silicios de otros tetraedros, o i\u00f3nicos si es con cationes met\u00e1licos).<\/p>\n<p style=\"text-align: justify;\">Por ello, el grupo silicato, no tiene existencia aislada.<\/p>\n\n\n\n<h3>Tipos<\/h3>\n<p>Los grupos silicato se unen entre s\u00ed originando un gran n\u00famero de formas.<\/p>\n<p>La complejidad que llegan a alcanzar estas estructuras cristalinas es tal, que la estrategia de describirlas mediante una celdilla unidad es poco pr\u00e1ctica.<\/p>\n<p>Es preferible estudiar c\u00f3mo se disponen internamente los grupos tetra\u00e9dricos.<\/p>\n<ul>\n<li><a href=\"http:\/\/grupo.us.es\/derematerialia\/estructuras-cristalinas\/en-isla-nesosilicatos\/\">En isla<\/a><\/li>\n<li><a href=\"http:\/\/grupo.us.es\/derematerialia\/estructuras-cristalinas\/en-doble-isla-sorosilicatos\/\">En doble isla<\/a><\/li>\n<li><a href=\"http:\/\/grupo.us.es\/derematerialia\/estructuras-cristalinas\/en-anillo-ciclosilicatos\/\">En anillo<\/a><\/li>\n<li><a href=\"http:\/\/grupo.us.es\/derematerialia\/estructuras-cristalinas\/en-cadena-inosilicatos\/\">En cadena<\/a><\/li>\n<li><a href=\"http:\/\/grupo.us.es\/derematerialia\/estructuras-cristalinas\/laminares-filosilicatos\/\">Laminares<\/a><\/li>\n<li><a href=\"http:\/\/grupo.us.es\/derematerialia\/estructuras-cristalinas\/reticulares-tectosilicatos\/\">Reticulares<\/a><\/li>\n<\/ul>\n\n\n\n<table class=\"wp-block-table aligncenter\" style=\"width: 100%;\">\n<tbody>\n<tr>\n<td style=\"width: 25%; text-align: center;\">N\u00ba de ox\u00edgenos compartidos<\/td>\n<td style=\"width: 25%; text-align: center;\">Esquema estructural<\/td>\n<td style=\"width: 25%; text-align: center;\">F\u00f3rmula estructural<\/td>\n<td style=\"width: 25%; text-align: center;\">Nombre<\/td>\n<\/tr>\n<tr>\n<td style=\"width: 25%; text-align: center;\">0<\/td>\n<td style=\"width: 25%; text-align: center;\"><img decoding=\"async\" src=\"http:\/\/grupo.us.es\/derematerialia\/estructuras-cristalinas\/wp-content\/uploads\/sites\/4\/2019\/12\/2.jpg\" alt=\"\" width=\"25\" \/><\/td>\n<td style=\"width: 25%; text-align: center;\">(SiO<sub>4<\/sub>)<sup>4-<\/sup><\/td>\n<td style=\"width: 25%; text-align: center;\">En isla (nesosilicatos)<\/td>\n<\/tr>\n<tr>\n<td style=\"width: 25%; text-align: center;\">1<\/td>\n<td style=\"width: 25%; text-align: center;\"><img decoding=\"async\" src=\"http:\/\/grupo.us.es\/derematerialia\/estructuras-cristalinas\/wp-content\/uploads\/sites\/4\/2019\/12\/3.jpg\" alt=\"\" width=\"35\" \/><\/td>\n<td style=\"width: 25%; text-align: center;\">(Si<sub>2<\/sub>O<sub>7<\/sub>)<sup>6-<\/sup><\/td>\n<td style=\"width: 25%; text-align: center;\">En doble isla (sorosilicatos)<\/td>\n<\/tr>\n<tr>\n<td style=\"width: 25%; text-align: center;\">2<\/td>\n<td style=\"width: 25%; text-align: center;\"><img decoding=\"async\" src=\"http:\/\/grupo.us.es\/derematerialia\/estructuras-cristalinas\/wp-content\/uploads\/sites\/4\/2019\/12\/4.jpg\" alt=\"\" \/><\/td>\n<td style=\"width: 25%; text-align: center;\">(Si<sub>n<\/sub>O<sub>3n<\/sub>)<sup>2n-<\/sup><\/td>\n<td style=\"width: 25%; text-align: center;\">En anillo (ciclosilicatos)<\/td>\n<\/tr>\n<tr>\n<td style=\"width: 25%; text-align: center;\">2<\/td>\n<td style=\"width: 25%; text-align: center;\"><img decoding=\"async\" src=\"http:\/\/grupo.us.es\/derematerialia\/estructuras-cristalinas\/wp-content\/uploads\/sites\/4\/2019\/12\/5.jpg\" alt=\"\"  \/><\/td>\n<td style=\"width: 25%; text-align: center;\">(Si<sub>2n<\/sub>O<sub>6n<\/sub>)<sup>2n-<\/sup><\/td>\n<td style=\"width: 25%; text-align: center;\">En cadena sencilla (inosilicatos)<\/td>\n<\/tr>\n<tr>\n<td style=\"width: 25%; text-align: center;\">2.5<\/td>\n<td style=\"width: 25%; text-align: center;\"><img decoding=\"async\" src=\"http:\/\/grupo.us.es\/derematerialia\/estructuras-cristalinas\/wp-content\/uploads\/sites\/4\/2019\/12\/6.jpg\" alt=\"\" \/><\/td>\n<td style=\"width: 25%; text-align: center;\">(Si<sub>4n<\/sub>O<sub>11n<\/sub>)<sup>6n-<\/sup><\/td>\n<td style=\"width: 25%; text-align: center;\">En cadena doble (inosilicatos dobles)<\/td>\n<\/tr>\n<tr>\n<td style=\"width: 25%; text-align: center;\">3<\/td>\n<td style=\"width: 25%; text-align: center;\"><img decoding=\"async\" src=\"http:\/\/grupo.us.es\/derematerialia\/estructuras-cristalinas\/wp-content\/uploads\/sites\/4\/2019\/12\/8.jpg\" alt=\"\" \/><\/td>\n<td style=\"width: 25%; text-align: center;\">(Si<sub>2n<\/sub>O<sub>5n<\/sub>)<sup>2n-<\/sup><\/td>\n<td style=\"width: 25%; text-align: center;\">En l\u00e1mina (filosilicatos)<\/td>\n<\/tr>\n<tr>\n<td style=\"width: 25%; text-align: center;\">4<\/td>\n<td style=\"width: 25%; text-align: center;\">\u00a0<\/td>\n<td style=\"width: 25%; text-align: center;\">SiO<sub>2<\/sub><\/td>\n<td style=\"width: 25%; text-align: center;\">En armaz\u00f3n (tectosilicatos)<\/td>\n<\/tr>\n<\/tbody>\n<\/table>\n","protected":false},"excerpt":{"rendered":"<p>Importante aplicaci\u00f3n industrial (cer\u00e1micas tradicionales y materiales de construcci\u00f3n) y gran abundancia (75% de la corteza terrestre constituida por arcillas, feldespatos y micas). El Si pertenece al mismo grupo de la Tabla Peri\u00f3dica que el C , lo que significa que tiene una estructura electr\u00f3nica exterior id\u00e9ntica. Como el C, el Si tambi\u00e9n puede formar [&hellip;]<\/p>\n","protected":false},"author":1,"featured_media":0,"parent":0,"menu_order":0,"comment_status":"closed","ping_status":"closed","template":"","meta":{"ngg_post_thumbnail":0,"footnotes":"","_mc_calendar":[]},"_links":{"self":[{"href":"https:\/\/grupo.us.es\/derematerialia\/estructuras-cristalinas\/wp-json\/wp\/v2\/pages\/910"}],"collection":[{"href":"https:\/\/grupo.us.es\/derematerialia\/estructuras-cristalinas\/wp-json\/wp\/v2\/pages"}],"about":[{"href":"https:\/\/grupo.us.es\/derematerialia\/estructuras-cristalinas\/wp-json\/wp\/v2\/types\/page"}],"author":[{"embeddable":true,"href":"https:\/\/grupo.us.es\/derematerialia\/estructuras-cristalinas\/wp-json\/wp\/v2\/users\/1"}],"replies":[{"embeddable":true,"href":"https:\/\/grupo.us.es\/derematerialia\/estructuras-cristalinas\/wp-json\/wp\/v2\/comments?post=910"}],"version-history":[{"count":10,"href":"https:\/\/grupo.us.es\/derematerialia\/estructuras-cristalinas\/wp-json\/wp\/v2\/pages\/910\/revisions"}],"predecessor-version":[{"id":1831,"href":"https:\/\/grupo.us.es\/derematerialia\/estructuras-cristalinas\/wp-json\/wp\/v2\/pages\/910\/revisions\/1831"}],"wp:attachment":[{"href":"https:\/\/grupo.us.es\/derematerialia\/estructuras-cristalinas\/wp-json\/wp\/v2\/media?parent=910"}],"curies":[{"name":"wp","href":"https:\/\/api.w.org\/{rel}","templated":true}]}}