{"id":897,"date":"2019-08-19T11:31:21","date_gmt":"2019-08-19T09:31:21","guid":{"rendered":"http:\/\/grupo.us.es\/derematerialia\/estructuras-cristalinas\/?page_id=897"},"modified":"2019-11-18T12:51:29","modified_gmt":"2019-11-18T11:51:29","slug":"diamante","status":"publish","type":"page","link":"https:\/\/grupo.us.es\/derematerialia\/estructuras-cristalinas\/diamante\/","title":{"rendered":"Diamante"},"content":{"rendered":"\n<p>Car\u00e1cter covalente puro y \u00e1tomos de un s\u00f3lo elemento<\/p>\n\n\n\n<table class=\"wp-block-table aligncenter\" style=\"width: 50%;\">\n<tbody>\n<tr>\n<td><a href=\"http:\/\/grupo.us.es\/derematerialia\/estructurascristalinas\/4-2_4_1_diamante.html\"><img decoding=\"async\" src=\"http:\/\/grupo.us.es\/derematerialia\/estructuras-cristalinas\/wp-content\/uploads\/sites\/4\/2019\/05\/4-2-4_1-diamante.jpg\" alt=\"\" \/><\/a><\/td>\n<\/tr>\n<\/tbody>\n<\/table>\n\n\n\n<table class=\"wp-block-table aligncenter\" style=\"width: 100%;\">\n<tbody>\n<tr>\n<td style=\"width: 50%;\"><em><u>Estructura cristalina<\/u><\/em><\/td>\n<td style=\"width: 50%;\">Red:\u00a0<a href=\"http:\/\/grupo.us.es\/derematerialia\/estructuras_cristalinas\/redes_de_bravais.html\">CCC<\/a><\/td>\n<\/tr>\n<tr>\n<td style=\"width: 50%;\">Base: Aniones en posiciones N<\/td>\n<td style=\"width: 50%;\">Cationes en N +  \\(\\left ( \\frac{1}{4},\\frac{1}{4},\\frac{1}{4} \\right )\\)<\/td>\n<\/tr>\n<\/tbody>\n<\/table>\n\n\n\n<table class=\"wp-block-table aligncenter\" style=\"width: 100%;\">\n<tbody>\n<tr>\n<td style=\"width: 50%;\"><a href=\"http:\/\/grupo.us.es\/derematerialia\/estructurascristalinas\/4-2_4_3_diamante.html\"><img decoding=\"async\" src=\"http:\/\/grupo.us.es\/derematerialia\/estructuras-cristalinas\/wp-content\/uploads\/sites\/4\/2019\/05\/4-2-4_3-diamante_celda.jpg\" alt=\"\" \/><\/a><\/td>\n<td style=\"width: 50%;\"><a href=\"http:\/\/grupo.us.es\/derematerialia\/estructurascristalinas\/4-2_4_2_diamante.html\"><img decoding=\"async\" src=\"http:\/\/grupo.us.es\/derematerialia\/estructuras-cristalinas\/wp-content\/uploads\/sites\/4\/2019\/05\/sulfuro_zinc_clip_image007.jpg\" alt=\"\" \/><\/a><\/td>\n<\/tr>\n<\/tbody>\n<\/table>\n\n\n\n<p style=\"text-align: justify;\"><em><u>Contacto entre \u00e1tomos en centros de cubitos y los que lo rodean<\/u><\/em><\/p>\n\n\n\n $$\\frac{\\sqrt{3}}{4}a=2r\\Rightarrow a=\\frac{8r}{\\sqrt{3}}$$\n\n\n\n<center>\n<table>\n<tbody>\n<tr>\n<td><a href=\"http:\/\/grupo.us.es\/derematerialia\/estructurascristalinas\/4-2_4_4_diamante.html\"><img decoding=\"async\" src=\"http:\/\/grupo.us.es\/derematerialia\/estructuras-cristalinas\/wp-content\/uploads\/sites\/4\/2019\/05\/sulfuro_zinc_clip_image013.jpg\" alt=\"\" \/><\/a><\/td>\n<td><img decoding=\"async\" src=\"http:\/\/grupo.us.es\/derematerialia\/estructuras-cristalinas\/wp-content\/uploads\/sites\/4\/2019\/05\/sulfuro_zinc_clip_image015.jpg\" alt=\"\" \/><\/td>\n<\/tr>\n<\/tbody>\n<\/table><\/center>\n\n\n\n<p style=\"text-align: justify;\">No es una estructura CCC, su f<sub>v<\/sub> es de s\u00f3lo el 34%.<br \/>El Si y el Ge tambi\u00e9n cristalizan seg\u00fan esta estructura.<\/p>\n","protected":false},"excerpt":{"rendered":"<p>Car\u00e1cter covalente puro y \u00e1tomos de un s\u00f3lo elemento Estructura cristalina Red:\u00a0CCC Base: Aniones en posiciones N Cationes en N + \\(\\left ( \\frac{1}{4},\\frac{1}{4},\\frac{1}{4} \\right )\\) Contacto entre \u00e1tomos en centros de cubitos y los que lo rodean $$\\frac{\\sqrt{3}}{4}a=2r\\Rightarrow a=\\frac{8r}{\\sqrt{3}}$$ No es una estructura CCC, su fv es de s\u00f3lo el 34%.El Si y el [&hellip;]<\/p>\n","protected":false},"author":1,"featured_media":0,"parent":0,"menu_order":0,"comment_status":"closed","ping_status":"closed","template":"","meta":{"ngg_post_thumbnail":0,"footnotes":"","_mc_calendar":[]},"_links":{"self":[{"href":"https:\/\/grupo.us.es\/derematerialia\/estructuras-cristalinas\/wp-json\/wp\/v2\/pages\/897"}],"collection":[{"href":"https:\/\/grupo.us.es\/derematerialia\/estructuras-cristalinas\/wp-json\/wp\/v2\/pages"}],"about":[{"href":"https:\/\/grupo.us.es\/derematerialia\/estructuras-cristalinas\/wp-json\/wp\/v2\/types\/page"}],"author":[{"embeddable":true,"href":"https:\/\/grupo.us.es\/derematerialia\/estructuras-cristalinas\/wp-json\/wp\/v2\/users\/1"}],"replies":[{"embeddable":true,"href":"https:\/\/grupo.us.es\/derematerialia\/estructuras-cristalinas\/wp-json\/wp\/v2\/comments?post=897"}],"version-history":[{"count":7,"href":"https:\/\/grupo.us.es\/derematerialia\/estructuras-cristalinas\/wp-json\/wp\/v2\/pages\/897\/revisions"}],"predecessor-version":[{"id":1501,"href":"https:\/\/grupo.us.es\/derematerialia\/estructuras-cristalinas\/wp-json\/wp\/v2\/pages\/897\/revisions\/1501"}],"wp:attachment":[{"href":"https:\/\/grupo.us.es\/derematerialia\/estructuras-cristalinas\/wp-json\/wp\/v2\/media?parent=897"}],"curies":[{"name":"wp","href":"https:\/\/api.w.org\/{rel}","templated":true}]}}