{"id":881,"date":"2019-08-19T10:22:51","date_gmt":"2019-08-19T08:22:51","guid":{"rendered":"http:\/\/grupo.us.es\/derematerialia\/estructuras-cristalinas\/?page_id=881"},"modified":"2021-11-24T08:34:07","modified_gmt":"2021-11-24T07:34:07","slug":"sulfuro-de-zinc","status":"publish","type":"page","link":"https:\/\/grupo.us.es\/derematerialia\/estructuras-cristalinas\/sulfuro-de-zinc\/","title":{"rendered":"Sulfuro de Zinc"},"content":{"rendered":"<p>Car\u00e1cter i\u00f3nico  \\(\\frac{r_{Zn^{+}}}{r_{S^{-}}}=\\frac{0.067}{0.168}= 0.4 \\Rightarrow\\) Coord. Tetra\u00e9drica<\/p>\n\n\n<table class=\"wp-block-table aligncenter\" style=\"width: 100%;\">\n<tbody>\n<tr style=\"height: 137px;\">\n<td style=\"width: 50%; height: 137px;\"><strong>A) Variedad Esfalerita<\/strong><\/td>\n<td style=\"width: 50%; height: 137px;\"><a href=\"http:\/\/grupo.us.es\/derematerialia\/estructurascristalinas\/4-2_3_1_esfarelita.html\"><img loading=\"lazy\" decoding=\"async\" src=\"http:\/\/grupo.us.es\/derematerialia\/estructuras-cristalinas\/wp-content\/uploads\/sites\/4\/2019\/05\/sulfuro_zinc_clip_image008.jpg\" alt=\"\" width=\"132\" height=\"129\"><\/a><\/td>\n<\/tr>\n<tr style=\"height: 26px;\">\n<td style=\"width: 50%; height: 26px;\">Estructura cristalina<\/td>\n<td style=\"width: 50%; height: 26px;\">Red:<a href=\"http:\/\/grupo.us.es\/derematerialia\/estructuras-cristalinas\/redes-de-bravais\/\"> CCC<\/a><\/td>\n<\/tr>\n<tr style=\"height: 72px;\">\n<td style=\"width: 50%; height: 72px;\">Base: Aniones en posiciones N<\/td>\n<td style=\"width: 50%; height: 72px;\">Cationes en N + (\\(\\frac{1}{4},\\frac{1}{4},\\frac{1}{4}\\))<\/td>\n<\/tr>\n<\/tbody>\n<\/table>\n\n\n\n<center><img loading=\"lazy\" decoding=\"async\" src=\"http:\/\/grupo.us.es\/derematerialia\/estructuras-cristalinas\/wp-content\/uploads\/sites\/4\/2019\/05\/sulfuro_zinc_clip_image009.jpg\" alt=\"\" width=\"293\" height=\"123\"><\/center>\n\n\n<p><a href=\"http:\/\/grupo.us.es\/derematerialia\/estructuras-cristalinas\/numero-de-atomos-por-celdilla\/\">N\u00famero de iones\/celdilla<\/a> 4 S<sup>2-<\/sup>&nbsp; 4 Zn<sup>2+<\/sup><\/p>\n<p>Contacto entre cada Zn 2+ y los S2- que lo rodean<\/p>\n<p>$$\\frac{\\sqrt{3}}{4}a=(r_{+}+r_{-})\\Rightarrow a=\\frac{4}{\\sqrt{3}}(r_{+}+r_{-})$$<\/p>\n\n\n<table class=\"wp-block-table aligncenter\" style=\"width: 100%;\">\n<tbody>\n<tr>\n<td width=\"33%\"><a href=\"http:\/\/grupo.us.es\/derematerialia\/estructurascristalinas\/4-2_3_5_esfarelita.html\"><img decoding=\"async\" src=\"http:\/\/grupo.us.es\/derematerialia\/estructuras-cristalinas\/wp-content\/uploads\/sites\/4\/2019\/05\/4-2-3_5-SZn-esfarelita_celda.jpg\" alt=\"\" width=\"230\"><\/a><\/td>\n<td width=\"33%\"><a href=\"http:\/\/grupo.us.es\/derematerialia\/estructurascristalinas\/4-2_3_6_esfarelita.html\"><img decoding=\"async\" src=\"http:\/\/grupo.us.es\/derematerialia\/estructuras-cristalinas\/wp-content\/uploads\/sites\/4\/2019\/05\/4-2-3_6-SZn-esfarelita_corte-110.jpg\" alt=\"\"><\/a><\/td>\n<td width=\"33%\"><img decoding=\"async\" src=\"http:\/\/grupo.us.es\/derematerialia\/estructuras-cristalinas\/wp-content\/uploads\/sites\/4\/2019\/05\/sulfuro_zinc_clip_image017.jpg\" alt=\"\" width=\"140\"><\/td>\n<\/tr>\n<\/tbody>\n<\/table>\n\n\n<p style=\"text-align: justify;\">Otros compuestos cristalizan seg\u00fan esta misma estructura.<\/p>\n<ul style=\"text-align: justify;\">\n<li style=\"text-align: justify;\">Semiconductores como el GaAs, InP, CdTe,\u2026<\/li>\n<li style=\"text-align: justify;\">Carburos, como el beta-SiC<\/li>\n<li style=\"text-align: justify;\">Nitruros, como el BN<\/li>\n<\/ul>\n<p style=\"text-align: justify;\">La componente covalente en algunos de ellos es bastante importante. En estos casos la estructura es la misma debido a la hibridaci\u00f3n&nbsp;<em>sp<\/em>3 formada.<\/p>\n\n\n<table class=\"wp-block-table aligncenter\" style=\"width: 100%;\">\n<tbody>\n<tr>\n<td style=\"width: 40%; height: 137px;\"><strong>B) Variedad Wurzita<\/strong><\/td>\n<td style=\"width: 60%; height: 137px;\"><a href=\"http:\/\/grupo.us.es\/derematerialia\/estructurascristalinas\/4-2_3_2_wurtzita.html\"><img loading=\"lazy\" decoding=\"async\" class=\"wp-image-217 aligncenter\" src=\"http:\/\/grupo.us.es\/derematerialia\/estructuras-cristalinas\/wp-content\/uploads\/sites\/4\/2019\/05\/4-2-3_2-SZn-wurtzita.jpg\" alt=\"\" width=\"198\" height=\"148\" srcset=\"https:\/\/grupo.us.es\/derematerialia\/estructuras-cristalinas\/wp-content\/uploads\/sites\/4\/2019\/05\/4-2-3_2-SZn-wurtzita.jpg 800w, https:\/\/grupo.us.es\/derematerialia\/estructuras-cristalinas\/wp-content\/uploads\/sites\/4\/2019\/05\/4-2-3_2-SZn-wurtzita-300x225.jpg 300w, https:\/\/grupo.us.es\/derematerialia\/estructuras-cristalinas\/wp-content\/uploads\/sites\/4\/2019\/05\/4-2-3_2-SZn-wurtzita-768x576.jpg 768w\" sizes=\"(max-width: 198px) 100vw, 198px\" \/><\/a><\/td>\n<\/tr>\n<tr>\n<td style=\"width: 40%; height: 26px;\">Estructura cristalina<\/td>\n<td style=\"width: 60%; height: 26px;\">Red:<a href=\"http:\/\/grupo.us.es\/derematerialia\/estructuras-cristalinas\/redes-de-bravais\/\"> HC<\/a><\/td>\n<\/tr>\n<tr style=\"height: 26px;\">\n<td style=\"width: 40%; height: 26px;\">Base&nbsp;(4 Iones):<\/td>\n<td style=\"width: 60%; height: 26px;\">&nbsp;<\/td>\n<\/tr>\n<tr style=\"height: 72px;\">\n<td style=\"width: 40%; height: 72px;\">\n<p>2 Aniones S<sup>2<\/sup><\/p>\n<p>2 Cationes Zn<sup>2+<\/sup><\/p>\n<\/td>\n<td style=\"width: 60%; height: 72px;\">\n<p>Cationes en N y N + (\\(\\frac{2}{3},\\frac{1}{3},\\frac{1}{2}\\))<\/p>\n<p>Cationes en N + (\\(\\frac{2}{3},\\frac{1}{3},\\frac{1}{6}\\)) y N + (\\(0,0,\\frac{2}{3}\\))<\/p>\n<\/td>\n<\/tr>\n<\/tbody>\n<\/table>\n\n\n\n<p style=\"text-align: justify;\">No se han representado los casquetes esf\u00e9ricos de los \u00e1tomos de celdillas adyacentes que en realidad estar\u00edan dentro del prisma hexagonal de la celdilla considerada.<\/p>\n\n\n\n<center><a href=\"http:\/\/grupo.us.es\/derematerialia\/estructurascristalinas\/4-2_3_7_wurtzita.html\"><img decoding=\"async\" src=\"http:\/\/grupo.us.es\/derematerialia\/estructuras-cristalinas\/wp-content\/uploads\/sites\/4\/2019\/05\/4-2-3_7-SZn-wurtzita_celda.jpg\" alt=\"\" width=\"200\"><\/a><\/center>\n\n\n\n<table class=\"wp-block-table aligncenter\" style=\"width: 100%;\">\n<tbody>\n<tr>\n<td style=\"width: 60%; background: rgba(255, 255, 2555, 0.0);\">\n<p>Puede describirse m\u00e1s claramente como:<\/p>\n<p>Los S<sup>2-<\/sup>&nbsp;ocupan las posiciones de la HC<\/p>\n<p>Los Zn<sup>2+<\/sup>&nbsp;se sit\u00faan en la mitad de los I.T.<\/p>\n<\/td>\n<td><img loading=\"lazy\" decoding=\"async\" src=\"http:\/\/grupo.us.es\/derematerialia\/estructuras-cristalinas\/wp-content\/uploads\/sites\/4\/2019\/05\/sulfuro_zinc_clip_image021.jpg\" alt=\"\" width=\"113\" height=\"118\"><img decoding=\"async\" src=\"http:\/\/grupo.us.es\/derematerialia\/estructuras-cristalinas\/wp-content\/uploads\/sites\/4\/2019\/05\/sulfuro_zinc_clip_image020.jpg\" alt=\"\" width=\"123\"><\/td>\n<\/tr>\n<\/tbody>\n<\/table>\n\n\n\n<p>N\u00famero de iones\/celdilla 6 S<sup>2- <\/sup>6 Zn<sup>2+<\/sup><\/p>\n<p>Contacto entre cada Zn<sup>2+<\/sup>\u00a0y los S<sup>2-<\/sup>\u00a0que lo rodean<\/p>\n","protected":false},"excerpt":{"rendered":"<p>Car\u00e1cter i\u00f3nico \\(\\frac{r_{Zn^{+}}}{r_{S^{-}}}=\\frac{0.067}{0.168}= 0.4 \\Rightarrow\\) Coord. Tetra\u00e9drica A) Variedad Esfalerita Estructura cristalina Red: CCC Base: Aniones en posiciones N Cationes en N + (\\(\\frac{1}{4},\\frac{1}{4},\\frac{1}{4}\\)) N\u00famero de iones\/celdilla 4 S2-&nbsp; 4 Zn2+ Contacto entre cada Zn 2+ y los S2- que lo rodean $$\\frac{\\sqrt{3}}{4}a=(r_{+}+r_{-})\\Rightarrow a=\\frac{4}{\\sqrt{3}}(r_{+}+r_{-})$$ Otros compuestos cristalizan seg\u00fan esta misma estructura. Semiconductores como el GaAs, [&hellip;]<\/p>\n","protected":false},"author":1,"featured_media":0,"parent":0,"menu_order":0,"comment_status":"closed","ping_status":"closed","template":"","meta":{"ngg_post_thumbnail":0,"footnotes":"","_mc_calendar":[]},"_links":{"self":[{"href":"https:\/\/grupo.us.es\/derematerialia\/estructuras-cristalinas\/wp-json\/wp\/v2\/pages\/881"}],"collection":[{"href":"https:\/\/grupo.us.es\/derematerialia\/estructuras-cristalinas\/wp-json\/wp\/v2\/pages"}],"about":[{"href":"https:\/\/grupo.us.es\/derematerialia\/estructuras-cristalinas\/wp-json\/wp\/v2\/types\/page"}],"author":[{"embeddable":true,"href":"https:\/\/grupo.us.es\/derematerialia\/estructuras-cristalinas\/wp-json\/wp\/v2\/users\/1"}],"replies":[{"embeddable":true,"href":"https:\/\/grupo.us.es\/derematerialia\/estructuras-cristalinas\/wp-json\/wp\/v2\/comments?post=881"}],"version-history":[{"count":36,"href":"https:\/\/grupo.us.es\/derematerialia\/estructuras-cristalinas\/wp-json\/wp\/v2\/pages\/881\/revisions"}],"predecessor-version":[{"id":1866,"href":"https:\/\/grupo.us.es\/derematerialia\/estructuras-cristalinas\/wp-json\/wp\/v2\/pages\/881\/revisions\/1866"}],"wp:attachment":[{"href":"https:\/\/grupo.us.es\/derematerialia\/estructuras-cristalinas\/wp-json\/wp\/v2\/media?parent=881"}],"curies":[{"name":"wp","href":"https:\/\/api.w.org\/{rel}","templated":true}]}}