{"id":798,"date":"2019-07-19T08:03:03","date_gmt":"2019-07-19T06:03:03","guid":{"rendered":"http:\/\/grupo.us.es\/derematerialia\/estructuras-cristalinas\/?page_id=798"},"modified":"2020-10-29T08:58:10","modified_gmt":"2020-10-29T07:58:10","slug":"cloruro-sodico","status":"publish","type":"page","link":"https:\/\/grupo.us.es\/derematerialia\/estructuras-cristalinas\/cloruro-sodico\/","title":{"rendered":"Cloruro S\u00f3dico"},"content":{"rendered":"<p> Car\u00e1cter i\u00f3nico \\(\\frac{r_{Na^{+}}}{r_{Cl^{-}}}= \\frac{0.095}{0.181}= 0.52\\Rightarrow\\) Coord. Octa\u00e9drica<\/p>\n<table style=\"border-collapse: collapse; width: 100%;\">\n<tbody>\n<tr>\n<td style=\"width: 50%;\">Estructura cristalina<\/td>\n<td style=\"width: 50%;\">Red:<a href=\"http:\/\/grupo.us.es\/derematerialia\/estructuras-cristalinas\/redes-de-bravais\/\"> CCC<\/a><\/td>\n<\/tr>\n<tr>\n<td style=\"width: 50%;\">Base: Aniones en posiciones N<\/td>\n<td style=\"width: 50%;\">Cationes en N + (0,0,\\(\\frac{1}{2}\\))<\/td>\n<\/tr>\n<\/tbody>\n<\/table>\n\n\n<center><img loading=\"lazy\" decoding=\"async\" src=\"http:\/\/grupo.us.es\/derematerialia\/estructuras-cristalinas\/wp-content\/uploads\/sites\/4\/2019\/05\/tipos_cci_clip_image004.jpg\" alt=\"\" width=\"246\" height=\"103\"><\/center>\n\n\n\n<center>\n<p><iframe loading=\"lazy\" src=\"http:\/\/grupo.us.es\/derematerialia\/estructurascristalinas\/4-2_1_1_nacl.html\" width=\"600\" height=\"400\"><\/iframe><center><a href=\"http:\/\/grupo.us.es\/derematerialia\/estructurascristalinas\/4-2_1_1_nacl.html\">Enlace para ver a pantalla completa<\/a><\/p>\n<\/center><p><\/P>\n\n\n\n $$a=2(r_{+}+r_{-})$$\n\n\n\n<center>\n<p><iframe loading=\"lazy\" src=\"http:\/\/grupo.us.es\/derematerialia\/estructurascristalinas\/4-2_1_2_nacl_celda.html\" width=\"600\" height=\"400\"><\/iframe><center><a href=\"http:\/\/grupo.us.es\/derematerialia\/estructurascristalinas\/4-2_1_2_nacl_celda.html\">Enlace para ver a pantalla completa<\/a><\/p>\n<\/center><p><\/P>\n\n\n\n<p><a href=\"http:\/\/grupo.us.es\/derematerialia\/estructuras-cristalinas\/numero-de-atomos-por-celdilla\/\">N\u00famero de iones\/celdilla<\/a> 4 Cl<sup>&#8211;<\/sup>&nbsp; 4 Na<sup>+<\/sup> &nbsp; &nbsp; &nbsp; &nbsp; &nbsp;<\/p>\n<p><em><u>Descripci\u00f3n mediante apilamiento de planos<\/u><\/em><\/p>\n\n\n\n<center><img decoding=\"async\" src=\"http:\/\/grupo.us.es\/derematerialia\/estructuras-cristalinas\/wp-content\/uploads\/sites\/4\/2019\/05\/tipos_cci_clip_image010.jpg\" alt=\"\"><\/center>\n\n\n\n<p><em>Otros sistemas que cristalizan seg\u00fan el mismo patr\u00f3n<\/em>:<\/p>\n<p>MgO, CaO, SrO, FeO y MnO.<\/p>\n<p style=\"text-align: justify;\">La distancia entre iones difiere en cada sustancia: fuerzas electrost\u00e1ticas distintas \u00e0 diferentes propiedades macrosc\u00f3picas.<\/p>\n","protected":false},"excerpt":{"rendered":"<p>Car\u00e1cter i\u00f3nico \\(\\frac{r_{Na^{+}}}{r_{Cl^{-}}}= \\frac{0.095}{0.181}= 0.52\\Rightarrow\\) Coord. Octa\u00e9drica Estructura cristalina Red: CCC Base: Aniones en posiciones N Cationes en N + (0,0,\\(\\frac{1}{2}\\)) Enlace para ver a pantalla completa $$a=2(r_{+}+r_{-})$$ Enlace para ver a pantalla completa N\u00famero de iones\/celdilla 4 Cl&#8211;&nbsp; 4 Na+ &nbsp; &nbsp; &nbsp; &nbsp; &nbsp; Descripci\u00f3n mediante apilamiento de planos Otros sistemas que cristalizan [&hellip;]<\/p>\n","protected":false},"author":1,"featured_media":0,"parent":0,"menu_order":0,"comment_status":"closed","ping_status":"closed","template":"","meta":{"ngg_post_thumbnail":0,"footnotes":"","_mc_calendar":[]},"_links":{"self":[{"href":"https:\/\/grupo.us.es\/derematerialia\/estructuras-cristalinas\/wp-json\/wp\/v2\/pages\/798"}],"collection":[{"href":"https:\/\/grupo.us.es\/derematerialia\/estructuras-cristalinas\/wp-json\/wp\/v2\/pages"}],"about":[{"href":"https:\/\/grupo.us.es\/derematerialia\/estructuras-cristalinas\/wp-json\/wp\/v2\/types\/page"}],"author":[{"embeddable":true,"href":"https:\/\/grupo.us.es\/derematerialia\/estructuras-cristalinas\/wp-json\/wp\/v2\/users\/1"}],"replies":[{"embeddable":true,"href":"https:\/\/grupo.us.es\/derematerialia\/estructuras-cristalinas\/wp-json\/wp\/v2\/comments?post=798"}],"version-history":[{"count":17,"href":"https:\/\/grupo.us.es\/derematerialia\/estructuras-cristalinas\/wp-json\/wp\/v2\/pages\/798\/revisions"}],"predecessor-version":[{"id":1861,"href":"https:\/\/grupo.us.es\/derematerialia\/estructuras-cristalinas\/wp-json\/wp\/v2\/pages\/798\/revisions\/1861"}],"wp:attachment":[{"href":"https:\/\/grupo.us.es\/derematerialia\/estructuras-cristalinas\/wp-json\/wp\/v2\/media?parent=798"}],"curies":[{"name":"wp","href":"https:\/\/api.w.org\/{rel}","templated":true}]}}