{"id":788,"date":"2019-07-19T07:34:09","date_gmt":"2019-07-19T05:34:09","guid":{"rendered":"http:\/\/grupo.us.es\/derematerialia\/estructuras-cristalinas\/?page_id=788"},"modified":"2019-11-12T12:24:55","modified_gmt":"2019-11-12T11:24:55","slug":"cristales-ceramicos","status":"publish","type":"page","link":"https:\/\/grupo.us.es\/derematerialia\/estructuras-cristalinas\/cristales-ceramicos\/","title":{"rendered":"Cristales cer\u00e1micos"},"content":{"rendered":"\n<p style=\"text-align: justify;\">Puede decirse que los materiales cer\u00e1micos resultan de la combinaci\u00f3n de elementos met\u00e1licos y no met\u00e1licos, o bien, exclusivamente de no met\u00e1licos, en los que predomina el enlace i\u00f3nico o covalente entre sus \u00e1tomos.\u00a0<br \/>Al igual que los metales, las cer\u00e1micas pueden ser cristalinas o amorfas, aunque la tendencia hacia la vitrificaci\u00f3n es mucho mayor que en los metales.<br \/>Entre los cer\u00e1micos pueden existir materiales con enlace\u2026<\/p>\n<ul>\n<li style=\"text-align: justify;\">Puramente covalente, como el diamante.<\/li>\n<li style=\"text-align: justify;\">Marcadamente i\u00f3nico, como la sal com\u00fan (67% de ionicidad).<\/li>\n<li style=\"text-align: justify;\">Con una gradaci\u00f3n entre i\u00f3nico y covalente, como es el caso del arseniuro de galio.<\/li>\n<li style=\"text-align: justify;\">Con ambos a la vez (enlace mixto), como es el caso de muchos silicatos.<\/li>\n<\/ul>\n","protected":false},"excerpt":{"rendered":"<p>Puede decirse que los materiales cer\u00e1micos resultan de la combinaci\u00f3n de elementos met\u00e1licos y no met\u00e1licos, o bien, exclusivamente de no met\u00e1licos, en los que predomina el enlace i\u00f3nico o covalente entre sus \u00e1tomos.\u00a0Al igual que los metales, las cer\u00e1micas pueden ser cristalinas o amorfas, aunque la tendencia hacia la vitrificaci\u00f3n es mucho mayor que [&hellip;]<\/p>\n","protected":false},"author":1,"featured_media":0,"parent":0,"menu_order":0,"comment_status":"closed","ping_status":"closed","template":"","meta":{"ngg_post_thumbnail":0,"footnotes":"","_mc_calendar":[]},"_links":{"self":[{"href":"https:\/\/grupo.us.es\/derematerialia\/estructuras-cristalinas\/wp-json\/wp\/v2\/pages\/788"}],"collection":[{"href":"https:\/\/grupo.us.es\/derematerialia\/estructuras-cristalinas\/wp-json\/wp\/v2\/pages"}],"about":[{"href":"https:\/\/grupo.us.es\/derematerialia\/estructuras-cristalinas\/wp-json\/wp\/v2\/types\/page"}],"author":[{"embeddable":true,"href":"https:\/\/grupo.us.es\/derematerialia\/estructuras-cristalinas\/wp-json\/wp\/v2\/users\/1"}],"replies":[{"embeddable":true,"href":"https:\/\/grupo.us.es\/derematerialia\/estructuras-cristalinas\/wp-json\/wp\/v2\/comments?post=788"}],"version-history":[{"count":2,"href":"https:\/\/grupo.us.es\/derematerialia\/estructuras-cristalinas\/wp-json\/wp\/v2\/pages\/788\/revisions"}],"predecessor-version":[{"id":1370,"href":"https:\/\/grupo.us.es\/derematerialia\/estructuras-cristalinas\/wp-json\/wp\/v2\/pages\/788\/revisions\/1370"}],"wp:attachment":[{"href":"https:\/\/grupo.us.es\/derematerialia\/estructuras-cristalinas\/wp-json\/wp\/v2\/media?parent=788"}],"curies":[{"name":"wp","href":"https:\/\/api.w.org\/{rel}","templated":true}]}}