{"id":782,"date":"2019-07-19T07:31:11","date_gmt":"2019-07-19T05:31:11","guid":{"rendered":"http:\/\/grupo.us.es\/derematerialia\/estructuras-cristalinas\/?page_id=782"},"modified":"2019-11-21T11:26:23","modified_gmt":"2019-11-21T10:26:23","slug":"tipos-hc-y-ccc","status":"publish","type":"page","link":"https:\/\/grupo.us.es\/derematerialia\/estructuras-cristalinas\/tipos-hc-y-ccc\/","title":{"rendered":"Tipos HC y CCC"},"content":{"rendered":"<p style=\"text-align: justify;\">Las estructuras de m\u00e1xima compacidad (<a href=\"http:\/\/grupo.us.es\/derematerialia\/estructuras-cristalinas\/cubica-centrada-en-las-caras-ccc\/\">CCC<\/a>\u00a0y\u00a0<a href=\"http:\/\/grupo.us.es\/derematerialia\/estructuras-cristalinas\/hexagonal-compacta-hc\/\">HC<\/a>) tambi\u00e9n pueden obtenerse mediante apilamiento de planos, pero esta vez de tipo III. Para describir esto con mayor claridad, sigamos una serie de fases:<\/p>\n<p style=\"text-align: justify;\"><strong>1.-<\/strong>\u00a0Consideremos primero un plano compacto de \u00e1tomos (tipo III), al que llamaremos plano A (vea la siguiente figura). Puede verse que en dicho plano existen dos tipos de depresiones o valles entre \u00e1tomos; los designados como \u2206, y los designados como \u00d1 (resulta f\u00e1cil identificarlos por la forma de los valles que quedan entre los \u00e1tomos).<\/p>\n\n\n<center><img decoding=\"async\" src=\"http:\/\/grupo.us.es\/derematerialia\/estructuras-cristalinas\/wp-content\/uploads\/sites\/4\/2019\/05\/tipos_hc_y_ccc_clip_image002.jpg\" alt=\"\" width=\"308\" \/><\/center>\n\n\n<p><strong>2.-<\/strong>\u00a0Colocar un segundo plano compacto de \u00e1tomos (plano B) encima del plano A, puede hacerse encajando los \u00e1tomos del nuevo plano sobre las posiciones \u2206 o sobre las posiciones \u00d1. Pero, en ambos casos, la estructura tridimensional obtenida es id\u00e9ntica. Convengamos, por ejemplo, que el segundo plano (en azul) se coloca sobre los huecos \u00d1 del primer plano (consulte la figura).<\/p>\n\n\n<center><img decoding=\"async\" src=\"http:\/\/grupo.us.es\/derematerialia\/estructuras-cristalinas\/wp-content\/uploads\/sites\/4\/2019\/05\/tipos_hc_y_ccc_clip_image003.jpg\" alt=\"\" width=\"400\" \/><\/center>\n\n\n<p style=\"text-align: justify;\"><strong>3.-<\/strong>\u00a0Si colocamos ahora un tercer plano sobre el plano B, de nuevo podremos situarlo sobre los valles \u2206 o sobre los valles \u00d1 del segundo plano:<\/p>\n<p style=\"text-align: justify;\"><strong>3.1.-<\/strong>\u00a0Si lo colocamos sobre los valles \u2206 del plano B, los \u00e1tomos de este tercer plano estar\u00e1n alineados con los del primero (plano A), por lo que tambi\u00e9n puede denominarse como plano A, y por ello los coloreamos igual que el plano A que consideramos inicialmente. Si subsiguientes planos de \u00e1tomos se colocan respetando este orden, entonces la secuencia de apilamiento de la estructura tridimensional obtenida puede denominarse ABABABA&#8230; Tal secuencia de apilamiento da lugar a la estructura HC.<\/p>\n\n\n<center><img decoding=\"async\" src=\"http:\/\/grupo.us.es\/derematerialia\/estructuras-cristalinas\/wp-content\/uploads\/sites\/4\/2019\/05\/tipos_hc_y_ccc_clip_image004.jpg\" alt=\"\" width=\"400\"  \/><\/center>\n\n\n\n<center><br>\n<p><iframe loading=\"lazy\" src=\"http:\/\/grupo.us.es\/derematerialia\/estructurascristalinas\/ABAB_HC.mp4\" width=\"600\" height=\"400\"><\/iframe> <\/p><br><\/center>\n\n\n\n<p style=\"text-align: justify;\"><strong>3.2.-<\/strong>\u00a0La segunda posibilidad para formar una estructura compacta es situar los \u00e1tomos del tercer plano sobre los valles \u2206 del segundo plano . Este tercer plano se designa como plano C (coloreado en rojo), puesto que sus \u00e1tomos no est\u00e1n alineados ni con los del plano A, ni con los del plano B. Si esto se repitiera, la secuencia de apilamiento en este caso ser\u00eda ABCABCA&#8230;, y dar\u00eda lugar a la estructura c\u00fabica centrada en las caras.<\/p>\n<center><\/center>\n\n\n\n<center><img decoding=\"async\" src=\"http:\/\/grupo.us.es\/derematerialia\/estructuras-cristalinas\/wp-content\/uploads\/sites\/4\/2019\/05\/tipos_hc_y_ccc_clip_image005.jpg\" alt=\"\" width=\"400\"  \/><\/p><\/center>\n\n\n\n<center><br>\n<p><iframe loading=\"lazy\" src=\"http:\/\/grupo.us.es\/derematerialia\/estructurascristalinas\/ABCABC_CCC.mp4\" width=\"600\" height=\"400\"><\/iframe> <\/p><\/center>\n","protected":false},"excerpt":{"rendered":"<p>Las estructuras de m\u00e1xima compacidad (CCC\u00a0y\u00a0HC) tambi\u00e9n pueden obtenerse mediante apilamiento de planos, pero esta vez de tipo III. Para describir esto con mayor claridad, sigamos una serie de fases: 1.-\u00a0Consideremos primero un plano compacto de \u00e1tomos (tipo III), al que llamaremos plano A (vea la siguiente figura). Puede verse que en dicho plano existen [&hellip;]<\/p>\n","protected":false},"author":1,"featured_media":0,"parent":0,"menu_order":0,"comment_status":"closed","ping_status":"closed","template":"","meta":{"ngg_post_thumbnail":0,"footnotes":"","_mc_calendar":[]},"_links":{"self":[{"href":"https:\/\/grupo.us.es\/derematerialia\/estructuras-cristalinas\/wp-json\/wp\/v2\/pages\/782"}],"collection":[{"href":"https:\/\/grupo.us.es\/derematerialia\/estructuras-cristalinas\/wp-json\/wp\/v2\/pages"}],"about":[{"href":"https:\/\/grupo.us.es\/derematerialia\/estructuras-cristalinas\/wp-json\/wp\/v2\/types\/page"}],"author":[{"embeddable":true,"href":"https:\/\/grupo.us.es\/derematerialia\/estructuras-cristalinas\/wp-json\/wp\/v2\/users\/1"}],"replies":[{"embeddable":true,"href":"https:\/\/grupo.us.es\/derematerialia\/estructuras-cristalinas\/wp-json\/wp\/v2\/comments?post=782"}],"version-history":[{"count":15,"href":"https:\/\/grupo.us.es\/derematerialia\/estructuras-cristalinas\/wp-json\/wp\/v2\/pages\/782\/revisions"}],"predecessor-version":[{"id":1710,"href":"https:\/\/grupo.us.es\/derematerialia\/estructuras-cristalinas\/wp-json\/wp\/v2\/pages\/782\/revisions\/1710"}],"wp:attachment":[{"href":"https:\/\/grupo.us.es\/derematerialia\/estructuras-cristalinas\/wp-json\/wp\/v2\/media?parent=782"}],"curies":[{"name":"wp","href":"https:\/\/api.w.org\/{rel}","templated":true}]}}