{"id":777,"date":"2019-07-18T08:22:48","date_gmt":"2019-07-18T06:22:48","guid":{"rendered":"http:\/\/grupo.us.es\/derematerialia\/estructuras-cristalinas\/?page_id=777"},"modified":"2019-11-21T11:18:54","modified_gmt":"2019-11-21T10:18:54","slug":"tipos-cci","status":"publish","type":"page","link":"https:\/\/grupo.us.es\/derematerialia\/estructuras-cristalinas\/tipos-cci\/","title":{"rendered":"Tipos CCI"},"content":{"rendered":"<p style=\"text-align: justify;\">La obtenci\u00f3n de la estructura CS a partir de la superposici\u00f3n de planos del tipo I es algo tan obvio que no merece m\u00e1s argumentaci\u00f3n. En cambio, s\u00ed que requiere m\u00e1s atenci\u00f3n la construcci\u00f3n de la\u00a0<a href=\"http:\/\/grupo.us.es\/derematerialia\/estructuras-cristalinas\/cubica-centrada-en-el-interior-cci\/\">estructura CCI<\/a>. Tal como se ha dicho antes, esta estructura puede construirse superponiendo, sobre los valles que dejan los \u00e1tomos de un plano de tipo II, otro plano II, y nuevamente otro plano II sobre los valles dejados por el segundo plano. El resultado de esta secuencia no es otro que la estructura CCI, tal como se describe gr\u00e1ficamente en la siguiente figura.<\/p>\n\n\n<table>\n<tbody>\n<tr>\n<td><img decoding=\"async\" src=\"http:\/\/grupo.us.es\/derematerialia\/estructuras-cristalinas\/wp-content\/uploads\/sites\/4\/2019\/05\/tipos_cci_clip_image002.jpg\" alt=\"\" \/><\/td>\n<td><img decoding=\"async\" src=\"http:\/\/grupo.us.es\/derematerialia\/estructuras-cristalinas\/wp-content\/uploads\/sites\/4\/2019\/05\/tipos_cci_clip_image003.jpg\" alt=\"\" \/><\/td>\n<\/tr>\n<tr>\n<td class=\"pie_img\" colspan=\"2\">Secuencia de la formaci\u00f3n de la estructura CCI mediante el apilamiento de planos de tipo II.<\/td>\n<\/tr>\n<\/tbody>\n<\/table>\n\n\n\n<center><br>\n<p><iframe loading=\"lazy\" src=\"http:\/\/grupo.us.es\/derematerialia\/estructurascristalinas\/ABAB_CCI.mp4\" width=\"600\" height=\"400\"><\/iframe> <\/p><\/center>\n","protected":false},"excerpt":{"rendered":"<p>La obtenci\u00f3n de la estructura CS a partir de la superposici\u00f3n de planos del tipo I es algo tan obvio que no merece m\u00e1s argumentaci\u00f3n. En cambio, s\u00ed que requiere m\u00e1s atenci\u00f3n la construcci\u00f3n de la\u00a0estructura CCI. Tal como se ha dicho antes, esta estructura puede construirse superponiendo, sobre los valles que dejan los \u00e1tomos [&hellip;]<\/p>\n","protected":false},"author":1,"featured_media":0,"parent":0,"menu_order":0,"comment_status":"closed","ping_status":"closed","template":"","meta":{"ngg_post_thumbnail":0,"footnotes":"","_mc_calendar":[]},"_links":{"self":[{"href":"https:\/\/grupo.us.es\/derematerialia\/estructuras-cristalinas\/wp-json\/wp\/v2\/pages\/777"}],"collection":[{"href":"https:\/\/grupo.us.es\/derematerialia\/estructuras-cristalinas\/wp-json\/wp\/v2\/pages"}],"about":[{"href":"https:\/\/grupo.us.es\/derematerialia\/estructuras-cristalinas\/wp-json\/wp\/v2\/types\/page"}],"author":[{"embeddable":true,"href":"https:\/\/grupo.us.es\/derematerialia\/estructuras-cristalinas\/wp-json\/wp\/v2\/users\/1"}],"replies":[{"embeddable":true,"href":"https:\/\/grupo.us.es\/derematerialia\/estructuras-cristalinas\/wp-json\/wp\/v2\/comments?post=777"}],"version-history":[{"count":7,"href":"https:\/\/grupo.us.es\/derematerialia\/estructuras-cristalinas\/wp-json\/wp\/v2\/pages\/777\/revisions"}],"predecessor-version":[{"id":1705,"href":"https:\/\/grupo.us.es\/derematerialia\/estructuras-cristalinas\/wp-json\/wp\/v2\/pages\/777\/revisions\/1705"}],"wp:attachment":[{"href":"https:\/\/grupo.us.es\/derematerialia\/estructuras-cristalinas\/wp-json\/wp\/v2\/media?parent=777"}],"curies":[{"name":"wp","href":"https:\/\/api.w.org\/{rel}","templated":true}]}}