{"id":775,"date":"2019-07-18T08:04:33","date_gmt":"2019-07-18T06:04:33","guid":{"rendered":"http:\/\/grupo.us.es\/derematerialia\/estructuras-cristalinas\/?page_id=775"},"modified":"2019-11-21T11:16:37","modified_gmt":"2019-11-21T10:16:37","slug":"tipos-de-planos","status":"publish","type":"page","link":"https:\/\/grupo.us.es\/derematerialia\/estructuras-cristalinas\/tipos-de-planos\/","title":{"rendered":"Tipos de planos"},"content":{"rendered":"<p style=\"text-align: justify;\">\u00bfC\u00f3mo surgen las estructuras que hemos estudiado? Imaginemos que nos enfrentamos al problema de apilar \u00e1tomos \u2014que consideraremos como esferas id\u00e9nticas\u2014 lo m\u00e1s apretadamente posible y de modo que el conjunto resulte con cierto ordenamiento. La siguiente figura ilustra tres posibles formas de conseguir esto. Designaremos como I, II y III a los tres tipos de planos obtenidos.<\/p>\n\n\n<table width: 100%;\">\n<tbody>\n<tr>\n<td>\n<img decoding=\"async\" src=\"http:\/\/grupo.us.es\/derematerialia\/estructuras-cristalinas\/wp-content\/uploads\/sites\/4\/2019\/05\/tipos_de_plano_clip_image002.jpg\" alt=\"\" \/>\n<\/td>\n<\/tr>\n<tr>\n<td class=\"pie_img\">Planos de tipo I, tipo II y tipo III. El pol\u00edgono sobreimpreso en cada uno de ellos se\u00f1ala el patr\u00f3n de ordenamiento que siguen los \u00e1tomos de cada plano: cuadrado, rectangular y hexagonal, respectivamente.<\/td>\n<\/tr>\n<\/tbody>\n<\/table>\n\n\n<p style=\"text-align: justify;\">El designado como tipo II es m\u00e1s denso que el designado como tipo I; a su vez, el tipo III es m\u00e1s denso que el tipo II, de hecho, no es posible, partiendo de esferas todas id\u00e9nticas, construir un plano con una concentraci\u00f3n at\u00f3mica superficial superior a la del plano tipo III. Por esta raz\u00f3n a los planos de\u00a0<strong>tipo III<\/strong>\u00a0se los denomina planos de\u00a0<strong><em>m\u00e1xima fracci\u00f3n de empaquetamiento<\/em><\/strong>.<\/p>\n<p style=\"text-align: justify;\">A la vista de las disposiciones at\u00f3micas caracter\u00edsticas de los distintos planos ordenados, resulta f\u00e1cil aceptar que\u00a0<strong>apilando planos del tipo I<\/strong>\u00a0(cuadrados) pueda surgir la\u00a0<strong>estructura CS<\/strong>, e igualmente, que mediante el\u00a0<strong>apilamiento de planos de tipo III<\/strong>\u00a0(hexagonales) surja la\u00a0<strong>estructura HC<\/strong>. Pero lo que no resulta tan obvio es que mediante el\u00a0<strong>apilamiento de planos del tipo II<\/strong>\u00a0(rectangulares) pueda surgir la\u00a0<strong>estructura c\u00fabica CCI<\/strong>, y menos a\u00fan, que del\u00a0<strong>apilamiento de planos del tipo III<\/strong>\u00a0(hexagonales) surja una estructura c\u00fabica como la\u00a0<strong>CCC<\/strong>. Y, sin embargo, esto es lo que ocurre.<\/p>","protected":false},"excerpt":{"rendered":"<p>\u00bfC\u00f3mo surgen las estructuras que hemos estudiado? Imaginemos que nos enfrentamos al problema de apilar \u00e1tomos \u2014que consideraremos como esferas id\u00e9nticas\u2014 lo m\u00e1s apretadamente posible y de modo que el conjunto resulte con cierto ordenamiento. La siguiente figura ilustra tres posibles formas de conseguir esto. Designaremos como I, II y III a los tres tipos [&hellip;]<\/p>\n","protected":false},"author":1,"featured_media":0,"parent":0,"menu_order":0,"comment_status":"closed","ping_status":"closed","template":"","meta":{"ngg_post_thumbnail":0,"footnotes":"","_mc_calendar":[]},"_links":{"self":[{"href":"https:\/\/grupo.us.es\/derematerialia\/estructuras-cristalinas\/wp-json\/wp\/v2\/pages\/775"}],"collection":[{"href":"https:\/\/grupo.us.es\/derematerialia\/estructuras-cristalinas\/wp-json\/wp\/v2\/pages"}],"about":[{"href":"https:\/\/grupo.us.es\/derematerialia\/estructuras-cristalinas\/wp-json\/wp\/v2\/types\/page"}],"author":[{"embeddable":true,"href":"https:\/\/grupo.us.es\/derematerialia\/estructuras-cristalinas\/wp-json\/wp\/v2\/users\/1"}],"replies":[{"embeddable":true,"href":"https:\/\/grupo.us.es\/derematerialia\/estructuras-cristalinas\/wp-json\/wp\/v2\/comments?post=775"}],"version-history":[{"count":5,"href":"https:\/\/grupo.us.es\/derematerialia\/estructuras-cristalinas\/wp-json\/wp\/v2\/pages\/775\/revisions"}],"predecessor-version":[{"id":1703,"href":"https:\/\/grupo.us.es\/derematerialia\/estructuras-cristalinas\/wp-json\/wp\/v2\/pages\/775\/revisions\/1703"}],"wp:attachment":[{"href":"https:\/\/grupo.us.es\/derematerialia\/estructuras-cristalinas\/wp-json\/wp\/v2\/media?parent=775"}],"curies":[{"name":"wp","href":"https:\/\/api.w.org\/{rel}","templated":true}]}}