{"id":537,"date":"2019-07-07T12:57:01","date_gmt":"2019-07-07T10:57:01","guid":{"rendered":"http:\/\/grupo.us.es\/derematerialia\/estructuras-cristalinas\/?page_id=537"},"modified":"2019-07-07T13:00:15","modified_gmt":"2019-07-07T11:00:15","slug":"numero-de-coordinacion","status":"publish","type":"page","link":"https:\/\/grupo.us.es\/derematerialia\/estructuras-cristalinas\/numero-de-coordinacion\/","title":{"rendered":"N\u00famero de coordinaci\u00f3n"},"content":{"rendered":"\n<p style=\"text-align: justify;\">El n\u00famero (o \u00edndice) de coordinaci\u00f3n (<em>Z<\/em>) es el\u00a0<strong><em>n\u00famero de vecinos m\u00e1s pr\u00f3ximos que rodean a un \u00e1tomo dado<\/em><\/strong>. Cuando hay diferentes tipos de \u00e1tomos, el n\u00famero de coordinaci\u00f3n debe definirse para cada pareja de especies.<\/p>\n<p style=\"text-align: justify;\">Con estas definiciones en mente, podemos describir las disposiciones at\u00f3micas de las distintas familias de materiales, empezando por la de los\u00a0<a href=\"http:\/\/grupo.us.es\/derematerialia\/estructuras-cristalinas\/estructuras-tipicas\/\">materiales met\u00e1licos<\/a><\/p>\n<p>\u00a0<\/p>\n","protected":false},"excerpt":{"rendered":"<p>El n\u00famero (o \u00edndice) de coordinaci\u00f3n (Z) es el\u00a0n\u00famero de vecinos m\u00e1s pr\u00f3ximos que rodean a un \u00e1tomo dado. Cuando hay diferentes tipos de \u00e1tomos, el n\u00famero de coordinaci\u00f3n debe definirse para cada pareja de especies. Con estas definiciones en mente, podemos describir las disposiciones at\u00f3micas de las distintas familias de materiales, empezando por la [&hellip;]<\/p>\n","protected":false},"author":1,"featured_media":0,"parent":0,"menu_order":0,"comment_status":"closed","ping_status":"closed","template":"","meta":{"ngg_post_thumbnail":0,"footnotes":"","_mc_calendar":[]},"_links":{"self":[{"href":"https:\/\/grupo.us.es\/derematerialia\/estructuras-cristalinas\/wp-json\/wp\/v2\/pages\/537"}],"collection":[{"href":"https:\/\/grupo.us.es\/derematerialia\/estructuras-cristalinas\/wp-json\/wp\/v2\/pages"}],"about":[{"href":"https:\/\/grupo.us.es\/derematerialia\/estructuras-cristalinas\/wp-json\/wp\/v2\/types\/page"}],"author":[{"embeddable":true,"href":"https:\/\/grupo.us.es\/derematerialia\/estructuras-cristalinas\/wp-json\/wp\/v2\/users\/1"}],"replies":[{"embeddable":true,"href":"https:\/\/grupo.us.es\/derematerialia\/estructuras-cristalinas\/wp-json\/wp\/v2\/comments?post=537"}],"version-history":[{"count":3,"href":"https:\/\/grupo.us.es\/derematerialia\/estructuras-cristalinas\/wp-json\/wp\/v2\/pages\/537\/revisions"}],"predecessor-version":[{"id":542,"href":"https:\/\/grupo.us.es\/derematerialia\/estructuras-cristalinas\/wp-json\/wp\/v2\/pages\/537\/revisions\/542"}],"wp:attachment":[{"href":"https:\/\/grupo.us.es\/derematerialia\/estructuras-cristalinas\/wp-json\/wp\/v2\/media?parent=537"}],"curies":[{"name":"wp","href":"https:\/\/api.w.org\/{rel}","templated":true}]}}