{"id":535,"date":"2019-07-07T12:55:24","date_gmt":"2019-07-07T10:55:24","guid":{"rendered":"http:\/\/grupo.us.es\/derematerialia\/estructuras-cristalinas\/?page_id=535"},"modified":"2019-11-20T13:16:34","modified_gmt":"2019-11-20T12:16:34","slug":"intersticios","status":"publish","type":"page","link":"https:\/\/grupo.us.es\/derematerialia\/estructuras-cristalinas\/intersticios\/","title":{"rendered":"Intersticios"},"content":{"rendered":"<p style=\"text-align: justify;\">Los espacios no ocupados (vac\u00edos) de una estructura reciben el nombre de\u00a0<strong><em>intersticios <\/em><\/strong>(tambi\u00e9n suelen denominarse\u00a0<strong><em>huecos<\/em><\/strong>, pero nos parece m\u00e1s correcto reservar la palabra hueco para designar el concepto de\u00a0<strong><em>hueco electr\u00f3nico<\/em><\/strong>). As\u00ed por ejemplo, el espacio vac\u00edo que queda en el centro de la estructura CS constituye un\u00a0<strong><em>intersticio c\u00fabico<\/em><\/strong>.<\/p>\n<p style=\"text-align: justify;\">Cuando seis \u00e1tomos iguales se sit\u00faan en los v\u00e9rtices de un octaedro, el espacio vac\u00edo que dejan en el centro se denomina\u00a0<strong><em>intersticio octa\u00e9drico<\/em><\/strong>\u00a0(Se ha representado un \u00e1tomo extra\u00f1o ocupando ambos intersticios, par dar mejor idea de su tama\u00f1o).<\/p>\n\n\n<table>\n<tbody>\n<tr>\n<td><a href=\"http:\/\/grupo.us.es\/derematerialia\/estructurascristalinas\/2-6_5_1_intersticios.html\"><img decoding=\"async\" src=\"http:\/\/grupo.us.es\/derematerialia\/estructuras-cristalinas\/wp-content\/uploads\/sites\/4\/2019\/05\/2-6-5_1.jpg\" alt=\"\" \/><\/a><\/td>\n<td><a href=\"http:\/\/grupo.us.es\/derematerialia\/estructurascristalinas\/2-6_5_2_intersticios.html\"><img decoding=\"async\" src=\"http:\/\/grupo.us.es\/derematerialia\/estructuras-cristalinas\/wp-content\/uploads\/sites\/4\/2019\/05\/2-6-5_2.jpg\" alt=\"\" \/><\/a><\/td>\n<td><a href=\"http:\/\/grupo.us.es\/derematerialia\/estructurascristalinas\/2-6_5_3_intersticios.html\"><img decoding=\"async\" src=\"http:\/\/grupo.us.es\/derematerialia\/estructuras-cristalinas\/wp-content\/uploads\/sites\/4\/2019\/05\/2-6-5_3.jpg\" alt=\"\" \/><\/a><\/td>\n<\/tr>\n<tr>\n<td class=\"pie_img\" colspan=\"3\">Nota:<\/strong> (Pulse en las im\u00e1genes para ver los modelos a pantalla completa)<td>\n<\/tr>\n<\/tbody>\n<\/table>\n\n\n<p style=\"text-align: justify;\">En el caso de que cuatro \u00e1tomos iguales se coloquen en contacto, de modo que sus centros formen un tetraedro, el espacio vac\u00edo que dejan los \u00e1tomos en el centro se conoce con el nombre de\u00a0<strong><em>intersticio tetra\u00e9drico<\/em><\/strong>.<\/p>\n\n\n<table>\n<tbody>\n<tr>\n<td><a href=\"http:\/\/grupo.us.es\/derematerialia\/estructurascristalinas\/2-6_5_4_intersticios.html\"><img decoding=\"async\" src=\"http:\/\/grupo.us.es\/derematerialia\/estructuras-cristalinas\/wp-content\/uploads\/sites\/4\/2019\/05\/2-6-5_4.jpg\" alt=\"\" \/><\/a><\/td>\n<td><a href=\"http:\/\/grupo.us.es\/derematerialia\/estructurascristalinas\/2-6_5_5_intersticios.html\"><img decoding=\"async\" src=\"http:\/\/grupo.us.es\/derematerialia\/estructuras-cristalinas\/wp-content\/uploads\/sites\/4\/2019\/05\/2-6-5_5.jpg\" alt=\"\" \/><\/a><\/td>\n<td><a href=\"http:\/\/grupo.us.es\/derematerialia\/estructurascristalinas\/2-6_5_6_intersticios.html\"><img decoding=\"async\" src=\"http:\/\/grupo.us.es\/derematerialia\/estructuras-cristalinas\/wp-content\/uploads\/sites\/4\/2019\/05\/2-6-5_6.jpg\" alt=\"\" \/><\/a><\/td>\n<\/tr>\n<tr>\n<td class=\"pie_img\" colspan=\"3\">Nota:<\/strong> (Pulse en las im\u00e1genes para ver los modelos a pantalla completa)<td>\n<\/tr>\n<\/tbody>\n<\/table>\n\n\n<p style=\"text-align: justify;\">El conocimiento del n\u00famero, tipo y ubicaci\u00f3n de los intersticios de una determinada estructura es una cuesti\u00f3n de relativa importancia, porque a menudo estas oquedades sirven de alojamiento a \u00e1tomos extra\u00f1os. La incorporaci\u00f3n de \u00e1tomos extra\u00f1os en el interior de la red de un material suele modificar dr\u00e1sticamente las propiedades de \u00e9ste (tenga en cuenta que, por ejemplo, el acero no es mas que Fe en los instersticios de cuya estructura se ha incorporado una peque\u00f1a cantidad de \u00e1tomos de carbono).<\/p>","protected":false},"excerpt":{"rendered":"<p>Los espacios no ocupados (vac\u00edos) de una estructura reciben el nombre de\u00a0intersticios (tambi\u00e9n suelen denominarse\u00a0huecos, pero nos parece m\u00e1s correcto reservar la palabra hueco para designar el concepto de\u00a0hueco electr\u00f3nico). As\u00ed por ejemplo, el espacio vac\u00edo que queda en el centro de la estructura CS constituye un\u00a0intersticio c\u00fabico. Cuando seis \u00e1tomos iguales se sit\u00faan en [&hellip;]<\/p>\n","protected":false},"author":1,"featured_media":0,"parent":0,"menu_order":0,"comment_status":"closed","ping_status":"closed","template":"","meta":{"ngg_post_thumbnail":0,"footnotes":"","_mc_calendar":[]},"_links":{"self":[{"href":"https:\/\/grupo.us.es\/derematerialia\/estructuras-cristalinas\/wp-json\/wp\/v2\/pages\/535"}],"collection":[{"href":"https:\/\/grupo.us.es\/derematerialia\/estructuras-cristalinas\/wp-json\/wp\/v2\/pages"}],"about":[{"href":"https:\/\/grupo.us.es\/derematerialia\/estructuras-cristalinas\/wp-json\/wp\/v2\/types\/page"}],"author":[{"embeddable":true,"href":"https:\/\/grupo.us.es\/derematerialia\/estructuras-cristalinas\/wp-json\/wp\/v2\/users\/1"}],"replies":[{"embeddable":true,"href":"https:\/\/grupo.us.es\/derematerialia\/estructuras-cristalinas\/wp-json\/wp\/v2\/comments?post=535"}],"version-history":[{"count":4,"href":"https:\/\/grupo.us.es\/derematerialia\/estructuras-cristalinas\/wp-json\/wp\/v2\/pages\/535\/revisions"}],"predecessor-version":[{"id":1615,"href":"https:\/\/grupo.us.es\/derematerialia\/estructuras-cristalinas\/wp-json\/wp\/v2\/pages\/535\/revisions\/1615"}],"wp:attachment":[{"href":"https:\/\/grupo.us.es\/derematerialia\/estructuras-cristalinas\/wp-json\/wp\/v2\/media?parent=535"}],"curies":[{"name":"wp","href":"https:\/\/api.w.org\/{rel}","templated":true}]}}