{"id":515,"date":"2019-07-07T12:13:24","date_gmt":"2019-07-07T10:13:24","guid":{"rendered":"http:\/\/grupo.us.es\/derematerialia\/estructuras-cristalinas\/?page_id=515"},"modified":"2019-11-17T20:40:19","modified_gmt":"2019-11-17T19:40:19","slug":"concentracion-atomica","status":"publish","type":"page","link":"https:\/\/grupo.us.es\/derematerialia\/estructuras-cristalinas\/concentracion-atomica\/","title":{"rendered":"Concentraci\u00f3n at\u00f3mica"},"content":{"rendered":"\n<p style=\"text-align: justify;\">La concentraci\u00f3n at\u00f3mica se define como\u00a0<em>el\u00a0<strong>n\u00famero de \u00e1tomos por unidad de volumen<\/strong><\/em>. Para un elemento\u00a0<em>X<\/em>, la concentraci\u00f3n at\u00f3mica se calcular\u00e1 como:<\/p>\n\n\n\n $$[x]= \\frac{\\textrm{n\u00famero de \u00e1tomos en la celdilla}}{\\textrm{volumen de la celdilla}}= \\frac{n}{V_{c}}$$\n\n\n\n<p>La concentraci\u00f3n at\u00f3mica se define como\u00a0<em>el\u00a0<strong>n\u00famero de \u00e1tomos por unidad de volumen<\/strong><\/em>. Para un elemento\u00a0<em>X<\/em>, la concentraci\u00f3n at\u00f3mica se calcular\u00e1 como:<\/p>\n\n\n\n $$[x]_{(hkl)}= \\frac{\\textrm{n\u00famero de \u00e1tomos con centro en el plano}}{\\textrm{\u00e1rea del plano dentro de la celdilla}}= \\frac{n}{A}$$\n\n\n\n<p style=\"text-align: justify;\">y la\u00a0<strong><em>concentraci\u00f3n (o densidad) at\u00f3mica lineal<\/em><\/strong> a lo largo de la direcci\u00f3n [h k l], que atraviesa la celdilla en un segmento de longitud <em>L<\/em>,vendr\u00e1 dada por:<\/p>\n\n\n\n $$[x]_{[hkl]}= \\frac{\\textrm{n\u00famero de \u00e1tomos con centro en el segmento}}{\\textrm{longitud dentro de la celdilla}}= \\frac{n}{L}$$\n","protected":false},"excerpt":{"rendered":"<p>La concentraci\u00f3n at\u00f3mica se define como\u00a0el\u00a0n\u00famero de \u00e1tomos por unidad de volumen. Para un elemento\u00a0X, la concentraci\u00f3n at\u00f3mica se calcular\u00e1 como: $$[x]= \\frac{\\textrm{n\u00famero de \u00e1tomos en la celdilla}}{\\textrm{volumen de la celdilla}}= \\frac{n}{V_{c}}$$ La concentraci\u00f3n at\u00f3mica se define como\u00a0el\u00a0n\u00famero de \u00e1tomos por unidad de volumen. Para un elemento\u00a0X, la concentraci\u00f3n at\u00f3mica se calcular\u00e1 como: $$[x]_{(hkl)}= \\frac{\\textrm{n\u00famero [&hellip;]<\/p>\n","protected":false},"author":1,"featured_media":0,"parent":0,"menu_order":0,"comment_status":"closed","ping_status":"closed","template":"","meta":{"ngg_post_thumbnail":0,"footnotes":"","_mc_calendar":[]},"_links":{"self":[{"href":"https:\/\/grupo.us.es\/derematerialia\/estructuras-cristalinas\/wp-json\/wp\/v2\/pages\/515"}],"collection":[{"href":"https:\/\/grupo.us.es\/derematerialia\/estructuras-cristalinas\/wp-json\/wp\/v2\/pages"}],"about":[{"href":"https:\/\/grupo.us.es\/derematerialia\/estructuras-cristalinas\/wp-json\/wp\/v2\/types\/page"}],"author":[{"embeddable":true,"href":"https:\/\/grupo.us.es\/derematerialia\/estructuras-cristalinas\/wp-json\/wp\/v2\/users\/1"}],"replies":[{"embeddable":true,"href":"https:\/\/grupo.us.es\/derematerialia\/estructuras-cristalinas\/wp-json\/wp\/v2\/comments?post=515"}],"version-history":[{"count":11,"href":"https:\/\/grupo.us.es\/derematerialia\/estructuras-cristalinas\/wp-json\/wp\/v2\/pages\/515\/revisions"}],"predecessor-version":[{"id":1453,"href":"https:\/\/grupo.us.es\/derematerialia\/estructuras-cristalinas\/wp-json\/wp\/v2\/pages\/515\/revisions\/1453"}],"wp:attachment":[{"href":"https:\/\/grupo.us.es\/derematerialia\/estructuras-cristalinas\/wp-json\/wp\/v2\/media?parent=515"}],"curies":[{"name":"wp","href":"https:\/\/api.w.org\/{rel}","templated":true}]}}