{"id":512,"date":"2019-07-07T11:48:21","date_gmt":"2019-07-07T09:48:21","guid":{"rendered":"http:\/\/grupo.us.es\/derematerialia\/estructuras-cristalinas\/?page_id=512"},"modified":"2019-11-19T12:47:33","modified_gmt":"2019-11-19T11:47:33","slug":"numero-de-atomos-por-celdilla","status":"publish","type":"page","link":"https:\/\/grupo.us.es\/derematerialia\/estructuras-cristalinas\/numero-de-atomos-por-celdilla\/","title":{"rendered":"N\u00famero de \u00e1tomos por celdilla"},"content":{"rendered":"<p style=\"text-align: justify;\">Para una celdilla c\u00fabica, este n\u00famero puede calcularse mediante la expresi\u00f3n siguiente:<\/p>\n\n\n $$n=n_{i}+\\frac{1}{2}n_{c}+\\frac{1}{8}n_{v}$$\n\n\n<p style=\"text-align: justify;\">Siendo:\u00a0<\/p>\n<ul style=\"text-align: justify;\">\n<li>n<sub>i<\/sub> el n\u00famero de \u00e1tomos en el interior de la celdilla.<\/li>\n<li>n<sub>c<\/sub> el n\u00famero de \u00e1tomos en la caras.<\/li>\n<li>n<sub>v<\/sub> el n\u00famero de \u00e1tomos en los v\u00e9rtices.<\/li>\n<\/ul>\n<p style=\"text-align: justify;\">La fracci\u00f3n que multiplica estos n\u00fameros surge del hecho de que la celdilla debe entenderse como una porci\u00f3n de todo el cristal. Los \u00e1tomos del interior de la celdilla pertenecen \u00fanicamente a esa celdilla (de ah\u00ed el factor 1), pero cada \u00e1tomo de un v\u00e9rtice pertenece simult\u00e1neamente a 8 celdillas contiguas (de ah\u00ed el factor 1\/8), y cada \u00e1tomo de una cara, a 2 celdillas vecinas (de ah\u00ed el factor 1\/2).<\/p>\n<p style=\"text-align: justify;\">Por razones parecidas, si la celdilla es hexagonal, entonces la expresi\u00f3n anterior ha de sustituirse por esta otra:<\/p>\n\n\n $$n=n_{i}+\\frac{1}{2}n_{c}+\\frac{1}{6}n_{v}$$\n","protected":false},"excerpt":{"rendered":"<p>Para una celdilla c\u00fabica, este n\u00famero puede calcularse mediante la expresi\u00f3n siguiente: $$n=n_{i}+\\frac{1}{2}n_{c}+\\frac{1}{8}n_{v}$$ Siendo:\u00a0 ni el n\u00famero de \u00e1tomos en el interior de la celdilla. nc el n\u00famero de \u00e1tomos en la caras. nv el n\u00famero de \u00e1tomos en los v\u00e9rtices. La fracci\u00f3n que multiplica estos n\u00fameros surge del hecho de que la celdilla debe [&hellip;]<\/p>\n","protected":false},"author":1,"featured_media":0,"parent":0,"menu_order":0,"comment_status":"closed","ping_status":"closed","template":"","meta":{"ngg_post_thumbnail":0,"footnotes":"","_mc_calendar":[]},"_links":{"self":[{"href":"https:\/\/grupo.us.es\/derematerialia\/estructuras-cristalinas\/wp-json\/wp\/v2\/pages\/512"}],"collection":[{"href":"https:\/\/grupo.us.es\/derematerialia\/estructuras-cristalinas\/wp-json\/wp\/v2\/pages"}],"about":[{"href":"https:\/\/grupo.us.es\/derematerialia\/estructuras-cristalinas\/wp-json\/wp\/v2\/types\/page"}],"author":[{"embeddable":true,"href":"https:\/\/grupo.us.es\/derematerialia\/estructuras-cristalinas\/wp-json\/wp\/v2\/users\/1"}],"replies":[{"embeddable":true,"href":"https:\/\/grupo.us.es\/derematerialia\/estructuras-cristalinas\/wp-json\/wp\/v2\/comments?post=512"}],"version-history":[{"count":5,"href":"https:\/\/grupo.us.es\/derematerialia\/estructuras-cristalinas\/wp-json\/wp\/v2\/pages\/512\/revisions"}],"predecessor-version":[{"id":1529,"href":"https:\/\/grupo.us.es\/derematerialia\/estructuras-cristalinas\/wp-json\/wp\/v2\/pages\/512\/revisions\/1529"}],"wp:attachment":[{"href":"https:\/\/grupo.us.es\/derematerialia\/estructuras-cristalinas\/wp-json\/wp\/v2\/media?parent=512"}],"curies":[{"name":"wp","href":"https:\/\/api.w.org\/{rel}","templated":true}]}}