{"id":377,"date":"2019-07-06T12:05:52","date_gmt":"2019-07-06T10:05:52","guid":{"rendered":"http:\/\/grupo.us.es\/derematerialia\/estructuras-cristalinas\/?page_id=377"},"modified":"2019-11-15T09:59:36","modified_gmt":"2019-11-15T08:59:36","slug":"caracteristicas","status":"publish","type":"page","link":"https:\/\/grupo.us.es\/derematerialia\/estructuras-cristalinas\/caracteristicas\/","title":{"rendered":"Caracter\u00edsticas"},"content":{"rendered":"\n<p style=\"text-align: justify;\">La descripci\u00f3n detallada de una\u00a0<a href=\"http:\/\/grupo.us.es\/derematerialia\/estructuras-cristalinas\/estructura-cristalina-2\/\">estructura cristalina<\/a>\u00a0no consiste \u00fanicamente en la identificaci\u00f3n del tipo de\u00a0<a href=\"http:\/\/grupo.us.es\/derematerialia\/estructuras-cristalinas\/redes-de-bravais\/\">red<\/a>\u00a0que subyace en ella \u2014cu\u00e1l es el tipo de\u00a0<a href=\"http:\/\/grupo.us.es\/derematerialia\/estructuras-cristalinas\/celdilla\/\">celdilla unidad<\/a>\u00a0y cu\u00e1les son sus dimensiones\u2014, tambi\u00e9n otras caracter\u00edsticas resultan extraordinariamente \u00fatiles y se utilizan con frecuencia.<\/p>\n<p style=\"text-align: justify;\">Consideremos la red c\u00fabica simple representada en la siguiente figura (el inter\u00e9s por esta red reside en su simplicidad). La celdilla de la estructura real tomar\u00e1 el aspecto que se muestra en la parte derecha de la figura. Como puede verse, los \u00e1tomos \u2014considerados como esferas duras\u2014 se tocan a lo largo de las aristas del cubo. Hay otro aspecto interesante: los \u00e1tomos no rellenan completamente el volumen de la celdilla. Son este tipo de caracter\u00edsticas las que ahora nos interesa describir.<\/p>\n\n\n\n<center>\n<p><iframe loading=\"lazy\" src=\"\/estructurascristalinas\/2-3_1_cubica_simple.html\" width=\"600\" height=\"400\"><\/iframe><center>Red c\u00fabica simple.<br><a href=\"http:\/\/grupo.us.es\/derematerialia\/estructurascristalinas\/2-3_1_cubica_simple.html\">Enlace para ver a pantalla completa<\/a><\/p>\n<\/center><p><\/P>\n\n\n\n<center>\n<p><iframe loading=\"lazy\" src=\"\/estructurascristalinas\/2-4_3_estructura_cristalina.html\" width=\"600\" height=\"400\"><\/iframe><center>Estructura c\u00fabica simple.<br><a href=\"http:\/\/grupo.us.es\/derematerialia\/estructurascristalinas\/2-4_3_estructura_cristalina.html\">Enlace para ver a pantalla completa<\/a><\/p>\n<\/center>\n","protected":false},"excerpt":{"rendered":"<p>La descripci\u00f3n detallada de una\u00a0estructura cristalina\u00a0no consiste \u00fanicamente en la identificaci\u00f3n del tipo de\u00a0red\u00a0que subyace en ella \u2014cu\u00e1l es el tipo de\u00a0celdilla unidad\u00a0y cu\u00e1les son sus dimensiones\u2014, tambi\u00e9n otras caracter\u00edsticas resultan extraordinariamente \u00fatiles y se utilizan con frecuencia. Consideremos la red c\u00fabica simple representada en la siguiente figura (el inter\u00e9s por esta red reside en [&hellip;]<\/p>\n","protected":false},"author":1,"featured_media":0,"parent":0,"menu_order":0,"comment_status":"closed","ping_status":"closed","template":"","meta":{"ngg_post_thumbnail":0,"footnotes":"","_mc_calendar":[]},"_links":{"self":[{"href":"https:\/\/grupo.us.es\/derematerialia\/estructuras-cristalinas\/wp-json\/wp\/v2\/pages\/377"}],"collection":[{"href":"https:\/\/grupo.us.es\/derematerialia\/estructuras-cristalinas\/wp-json\/wp\/v2\/pages"}],"about":[{"href":"https:\/\/grupo.us.es\/derematerialia\/estructuras-cristalinas\/wp-json\/wp\/v2\/types\/page"}],"author":[{"embeddable":true,"href":"https:\/\/grupo.us.es\/derematerialia\/estructuras-cristalinas\/wp-json\/wp\/v2\/users\/1"}],"replies":[{"embeddable":true,"href":"https:\/\/grupo.us.es\/derematerialia\/estructuras-cristalinas\/wp-json\/wp\/v2\/comments?post=377"}],"version-history":[{"count":9,"href":"https:\/\/grupo.us.es\/derematerialia\/estructuras-cristalinas\/wp-json\/wp\/v2\/pages\/377\/revisions"}],"predecessor-version":[{"id":1409,"href":"https:\/\/grupo.us.es\/derematerialia\/estructuras-cristalinas\/wp-json\/wp\/v2\/pages\/377\/revisions\/1409"}],"wp:attachment":[{"href":"https:\/\/grupo.us.es\/derematerialia\/estructuras-cristalinas\/wp-json\/wp\/v2\/media?parent=377"}],"curies":[{"name":"wp","href":"https:\/\/api.w.org\/{rel}","templated":true}]}}